{"id":116394,"date":"2025-05-18T21:19:49","date_gmt":"2025-05-18T21:19:49","guid":{"rendered":"https:\/\/staging2.stylingagenten.com\/fi\/produkt\/maybelline-instant-anti-age-eraser-concealer-07-sand\/"},"modified":"2025-11-19T12:01:06","modified_gmt":"2025-11-19T12:01:06","slug":"maybelline-instant-anti-age-eraser-concealer-07-sand","status":"publish","type":"product","link":"https:\/\/stylingagenten.com\/fi\/tuote\/maybelline-instant-anti-age-eraser-concealer-07-sand\/","title":{"rendered":"Maybelline Instant Anti Age Eraser Concealer &#8211; 07 Sand"},"content":{"rendered":"<p>Maybelline Instant Anti-Age Eraser Concealer on palkittu peitevoide, joka peitt\u00e4\u00e4 tummia silm\u00e4nalusia, hienoja juonteita ja virkist\u00e4\u00e4 silm\u00e4nymp\u00e4rysihoa. T\u00e4m\u00e4 tiivistetty peitevoide on rikastettu goji-marjoilla ja haloksyylill\u00e4. Siin\u00e4 on sis\u00e4\u00e4nrakennettu sieni-applikaattori tahratonta ja helppoa levityst\u00e4 varten.<\/p>\n","protected":false},"excerpt":{"rendered":"<p>Maybelline Instant Anti-Age Eraser Concealer on palkittu peitevoide, joka peitt\u00e4\u00e4 tummia silm\u00e4nalusia, hienoja juonteita ja virkist\u00e4\u00e4 silm\u00e4nymp\u00e4rysihoa. T\u00e4m\u00e4 tiivistetty peitevoide on rikastettu goji-marjoilla ja haloksyylill\u00e4. Siin\u00e4 on sis\u00e4\u00e4nrakennettu sieni-applikaattori tahratonta ja helppoa levityst\u00e4 varten.<\/p>\n","protected":false},"featured_media":116393,"comment_status":"open","ping_status":"closed","template":"","meta":{"_trash_the_other_posts":false},"product_brand":[],"product_cat":[567,717],"product_tag":[3506],"berocket_brand":[1016],"class_list":{"0":"post-116394","1":"product","2":"type-product","3":"status-publish","4":"has-post-thumbnail","6":"product_cat-peitevoide","7":"product_cat-virustuotteet","8":"product_tag-maybelline-instant-anti-age-eraser-concealer","9":"pa_brand-maybelline","10":"pa_variantti-07-sand","11":"berocket_brand-maybelline","13":"first","14":"instock","15":"sale","16":"taxable","17":"shipping-taxable","18":"purchasable","19":"product-type-simple"},"_links":{"self":[{"href":"https:\/\/stylingagenten.com\/fi\/wp-json\/wp\/v2\/product\/116394","targetHints":{"allow":["GET"]}}],"collection":[{"href":"https:\/\/stylingagenten.com\/fi\/wp-json\/wp\/v2\/product"}],"about":[{"href":"https:\/\/stylingagenten.com\/fi\/wp-json\/wp\/v2\/types\/product"}],"replies":[{"embeddable":true,"href":"https:\/\/stylingagenten.com\/fi\/wp-json\/wp\/v2\/comments?post=116394"}],"version-history":[{"count":0,"href":"https:\/\/stylingagenten.com\/fi\/wp-json\/wp\/v2\/product\/116394\/revisions"}],"wp:featuredmedia":[{"embeddable":true,"href":"https:\/\/stylingagenten.com\/fi\/wp-json\/wp\/v2\/media\/116393"}],"wp:attachment":[{"href":"https:\/\/stylingagenten.com\/fi\/wp-json\/wp\/v2\/media?parent=116394"}],"wp:term":[{"taxonomy":"product_brand","embeddable":true,"href":"https:\/\/stylingagenten.com\/fi\/wp-json\/wp\/v2\/product_brand?post=116394"},{"taxonomy":"product_cat","embeddable":true,"href":"https:\/\/stylingagenten.com\/fi\/wp-json\/wp\/v2\/product_cat?post=116394"},{"taxonomy":"product_tag","embeddable":true,"href":"https:\/\/stylingagenten.com\/fi\/wp-json\/wp\/v2\/product_tag?post=116394"},{"taxonomy":"berocket_brand","embeddable":true,"href":"https:\/\/stylingagenten.com\/fi\/wp-json\/wp\/v2\/berocket_brand?post=116394"}],"curies":[{"name":"wp","href":"https:\/\/api.w.org\/{rel}","templated":true}]}}