{"id":116339,"date":"2025-05-18T21:19:36","date_gmt":"2025-05-18T21:19:36","guid":{"rendered":"https:\/\/staging2.stylingagenten.com\/fi\/produkt\/loreal-infallible-more-than-concealer-327-cashmere\/"},"modified":"2025-11-19T12:12:24","modified_gmt":"2025-11-19T12:12:24","slug":"loreal-infallible-more-than-concealer-327-cashmere","status":"publish","type":"product","link":"https:\/\/stylingagenten.com\/fi\/tuote\/loreal-infallible-more-than-concealer-327-cashmere\/","title":{"rendered":"L&#8217;Or\u00e9al Infallible More Than Concealer 327 Cashmere"},"content":{"rendered":"<p>Infaillible More Than a Concealer on t\u00e4ysin peitt\u00e4v\u00e4 peitevoide, joka kest\u00e4\u00e4 24 tuntia ja tuntuu kevyelt\u00e4 iholla. Koostumuksessa on korkea pigmenttipitoisuus maksimaalisen peitt\u00e4vyyden saavuttamiseksi ja \u00f6ljysekoitus miellytt\u00e4v\u00e4\u00e4n levitykseen. Pysyy sellaisena kuin sen pit\u00e4\u00e4kin koko p\u00e4iv\u00e4n muuttumatta kakkumaiseksi tai takertumatta hienoihin juonteisiin. Supersize-applikaattorin ansiosta se on helppo levitt\u00e4\u00e4 tietyille tai suuremmille ihoalueille. 11 ml<\/p>\n","protected":false},"excerpt":{"rendered":"<p>Infaillible More Than a Concealer on t\u00e4ysin peitt\u00e4v\u00e4 peitevoide, joka kest\u00e4\u00e4 24 tuntia ja tuntuu kevyelt\u00e4 iholla. Koostumuksessa on korkea pigmenttipitoisuus maksimaalisen peitt\u00e4vyyden saavuttamiseksi ja \u00f6ljysekoitus miellytt\u00e4v\u00e4\u00e4n levitykseen. Pysyy sellaisena kuin sen pit\u00e4\u00e4kin koko p\u00e4iv\u00e4n muuttumatta kakkumaiseksi tai takertumatta hienoihin juonteisiin. Supersize-applikaattorin ansiosta se on helppo levitt\u00e4\u00e4 tietyille tai suuremmille ihoalueille. 11 ml<\/p>\n","protected":false},"featured_media":116336,"comment_status":"open","ping_status":"closed","template":"","meta":{"_trash_the_other_posts":false},"product_brand":[],"product_cat":[567],"product_tag":[3241],"berocket_brand":[2000],"class_list":{"0":"post-116339","1":"product","2":"type-product","3":"status-publish","4":"has-post-thumbnail","6":"product_cat-peitevoide","7":"product_tag-loreal-infallible-more-than-concealer","8":"pa_brand-loreal-paris-2","9":"pa_variantti-327-cashmere","10":"berocket_brand-loreal-paris","12":"first","13":"instock","14":"sale","15":"taxable","16":"shipping-taxable","17":"purchasable","18":"product-type-simple"},"_links":{"self":[{"href":"https:\/\/stylingagenten.com\/fi\/wp-json\/wp\/v2\/product\/116339","targetHints":{"allow":["GET"]}}],"collection":[{"href":"https:\/\/stylingagenten.com\/fi\/wp-json\/wp\/v2\/product"}],"about":[{"href":"https:\/\/stylingagenten.com\/fi\/wp-json\/wp\/v2\/types\/product"}],"replies":[{"embeddable":true,"href":"https:\/\/stylingagenten.com\/fi\/wp-json\/wp\/v2\/comments?post=116339"}],"version-history":[{"count":0,"href":"https:\/\/stylingagenten.com\/fi\/wp-json\/wp\/v2\/product\/116339\/revisions"}],"wp:featuredmedia":[{"embeddable":true,"href":"https:\/\/stylingagenten.com\/fi\/wp-json\/wp\/v2\/media\/116336"}],"wp:attachment":[{"href":"https:\/\/stylingagenten.com\/fi\/wp-json\/wp\/v2\/media?parent=116339"}],"wp:term":[{"taxonomy":"product_brand","embeddable":true,"href":"https:\/\/stylingagenten.com\/fi\/wp-json\/wp\/v2\/product_brand?post=116339"},{"taxonomy":"product_cat","embeddable":true,"href":"https:\/\/stylingagenten.com\/fi\/wp-json\/wp\/v2\/product_cat?post=116339"},{"taxonomy":"product_tag","embeddable":true,"href":"https:\/\/stylingagenten.com\/fi\/wp-json\/wp\/v2\/product_tag?post=116339"},{"taxonomy":"berocket_brand","embeddable":true,"href":"https:\/\/stylingagenten.com\/fi\/wp-json\/wp\/v2\/berocket_brand?post=116339"}],"curies":[{"name":"wp","href":"https:\/\/api.w.org\/{rel}","templated":true}]}}