{"id":116250,"date":"2025-05-18T21:19:02","date_gmt":"2025-05-18T21:19:02","guid":{"rendered":"https:\/\/staging2.stylingagenten.com\/fi\/produkt\/beauty-uk-perfect-concealer-crayon-no-1-light\/"},"modified":"2026-04-11T19:27:28","modified_gmt":"2026-04-11T19:27:28","slug":"beauty-uk-perfect-concealer-crayon-no-1-light","status":"publish","type":"product","link":"https:\/\/stylingagenten.com\/fi\/tuote\/beauty-uk-perfect-concealer-crayon-no-1-light\/","title":{"rendered":"Beauty UK Perfect Concealer Crayon No.1 &#8211; Light"},"content":{"rendered":"<p>Beauty UK Perfect Concealer Crayon No.1 &#8211; Kevyt peitt\u00e4\u00e4 ep\u00e4t\u00e4ydellisyydet ja v\u00e4hent\u00e4\u00e4 tummia silm\u00e4nalusia. Kosteuttavaa ja kermaista koostumusta voit k\u00e4ytt\u00e4\u00e4 haluamallasi tavalla.<\/p>\n<p data-empty=\"true\"><\/p>\n<p>Sis\u00e4lt\u00e4\u00e4: 2,8 g<\/p>\n","protected":false},"excerpt":{"rendered":"<p>Beauty UK Perfect Concealer Crayon No.1 &#8211; Kevyt peitt\u00e4\u00e4 ep\u00e4t\u00e4ydellisyydet ja v\u00e4hent\u00e4\u00e4 tummia silm\u00e4nalusia. Kosteuttavaa ja kermaista koostumusta voit k\u00e4ytt\u00e4\u00e4 haluamallasi tavalla. Sis\u00e4lt\u00e4\u00e4: 2,8 g<\/p>\n","protected":false},"featured_media":116249,"comment_status":"open","ping_status":"closed","template":"","meta":{"_trash_the_other_posts":false},"product_brand":[],"product_cat":[567],"product_tag":[2519],"berocket_brand":[1059],"class_list":{"0":"post-116250","1":"product","2":"type-product","3":"status-publish","4":"has-post-thumbnail","6":"product_cat-peitevoide","7":"product_tag-beauty-uk-perfect-concealer-crayon","8":"pa_brand-beautyuk","9":"pa_variantti-no-1-light","10":"berocket_brand-beautyuk","12":"first","13":"instock","14":"sale","15":"taxable","16":"shipping-taxable","17":"purchasable","18":"product-type-simple"},"_links":{"self":[{"href":"https:\/\/stylingagenten.com\/fi\/wp-json\/wp\/v2\/product\/116250","targetHints":{"allow":["GET"]}}],"collection":[{"href":"https:\/\/stylingagenten.com\/fi\/wp-json\/wp\/v2\/product"}],"about":[{"href":"https:\/\/stylingagenten.com\/fi\/wp-json\/wp\/v2\/types\/product"}],"replies":[{"embeddable":true,"href":"https:\/\/stylingagenten.com\/fi\/wp-json\/wp\/v2\/comments?post=116250"}],"version-history":[{"count":0,"href":"https:\/\/stylingagenten.com\/fi\/wp-json\/wp\/v2\/product\/116250\/revisions"}],"wp:featuredmedia":[{"embeddable":true,"href":"https:\/\/stylingagenten.com\/fi\/wp-json\/wp\/v2\/media\/116249"}],"wp:attachment":[{"href":"https:\/\/stylingagenten.com\/fi\/wp-json\/wp\/v2\/media?parent=116250"}],"wp:term":[{"taxonomy":"product_brand","embeddable":true,"href":"https:\/\/stylingagenten.com\/fi\/wp-json\/wp\/v2\/product_brand?post=116250"},{"taxonomy":"product_cat","embeddable":true,"href":"https:\/\/stylingagenten.com\/fi\/wp-json\/wp\/v2\/product_cat?post=116250"},{"taxonomy":"product_tag","embeddable":true,"href":"https:\/\/stylingagenten.com\/fi\/wp-json\/wp\/v2\/product_tag?post=116250"},{"taxonomy":"berocket_brand","embeddable":true,"href":"https:\/\/stylingagenten.com\/fi\/wp-json\/wp\/v2\/berocket_brand?post=116250"}],"curies":[{"name":"wp","href":"https:\/\/api.w.org\/{rel}","templated":true}]}}