{"id":116211,"date":"2025-05-18T21:18:44","date_gmt":"2025-05-18T21:18:44","guid":{"rendered":"https:\/\/staging2.stylingagenten.com\/fi\/produkt\/artdeco-perfect-teint-concealer-12-neutral-light-2ml\/"},"modified":"2026-02-18T09:06:27","modified_gmt":"2026-02-18T09:06:27","slug":"artdeco-perfect-teint-concealer-12-neutral-light-2ml","status":"publish","type":"product","link":"https:\/\/stylingagenten.com\/fi\/tuote\/artdeco-perfect-teint-concealer-12-neutral-light-2ml\/","title":{"rendered":"Artdeco Perfect Teint Concealer 12 Neutral Light 2ml"},"content":{"rendered":"<p>Artdeco Perfect Teint Concealer 12 Neutral Light 2 ml<br \/>Perfect Teint Concealer sis\u00e4lt\u00e4\u00e4 valoa heijastavia pigmenttej\u00e4, jotka peitt\u00e4v\u00e4t tummia silm\u00e4nalusia, hienoja juonteita ja ryppyj\u00e4. Iho n\u00e4ytt\u00e4\u00e4 sile\u00e4mm\u00e4lt\u00e4 ja saa terveen hehkun. Kevyt ja sile\u00e4 koostumus on vett\u00e4 hylkiv\u00e4 ja kest\u00e4v\u00e4, ja applikaattorissa on k\u00e4yt\u00e4nn\u00f6llinen kierremekanismi helpon ja tarkan levityksen takaamiseksi.<br \/>\u2022 Peitevoide valoa heijastavilla pigmenteill\u00e4<br \/>\u2022 Peitt\u00e4\u00e4 tummat silm\u00e4nalusit, hienot juonteet ja rypyt<br \/>\u2022 Pitk\u00e4kestoinen ja vett\u00e4 hylkiv\u00e4 koostumus<br \/>\u2022 K\u00e4yt\u00e4nn\u00f6llinen applikaattori<\/p>\n","protected":false},"excerpt":{"rendered":"<p>Artdeco Perfect Teint Concealer 12 Neutral Light 2 mlPerfect Teint Concealer sis\u00e4lt\u00e4\u00e4 valoa heijastavia pigmenttej\u00e4, jotka peitt\u00e4v\u00e4t tummia silm\u00e4nalusia, hienoja juonteita ja ryppyj\u00e4. Iho n\u00e4ytt\u00e4\u00e4 sile\u00e4mm\u00e4lt\u00e4 ja saa terveen hehkun. Kevyt ja sile\u00e4 koostumus on vett\u00e4 hylkiv\u00e4 ja kest\u00e4v\u00e4, ja applikaattorissa on k\u00e4yt\u00e4nn\u00f6llinen kierremekanismi helpon ja tarkan levityksen takaamiseksi.\u2022 Peitevoide valoa heijastavilla pigmenteill\u00e4\u2022 Peitt\u00e4\u00e4 tummat [&hellip;]<\/p>\n","protected":false},"featured_media":116204,"comment_status":"open","ping_status":"closed","template":"","meta":{"_trash_the_other_posts":false},"product_brand":[],"product_cat":[567],"product_tag":[2442],"berocket_brand":[1385],"class_list":{"0":"post-116211","1":"product","2":"type-product","3":"status-publish","4":"has-post-thumbnail","6":"product_cat-peitevoide","7":"product_tag-artdeco-perfect-teint-concealer-2ml","8":"pa_brand-artdeco","9":"pa_variantti-12-neutral-light","10":"berocket_brand-artdeco","12":"first","13":"instock","14":"sale","15":"taxable","16":"shipping-taxable","17":"purchasable","18":"product-type-simple"},"_links":{"self":[{"href":"https:\/\/stylingagenten.com\/fi\/wp-json\/wp\/v2\/product\/116211","targetHints":{"allow":["GET"]}}],"collection":[{"href":"https:\/\/stylingagenten.com\/fi\/wp-json\/wp\/v2\/product"}],"about":[{"href":"https:\/\/stylingagenten.com\/fi\/wp-json\/wp\/v2\/types\/product"}],"replies":[{"embeddable":true,"href":"https:\/\/stylingagenten.com\/fi\/wp-json\/wp\/v2\/comments?post=116211"}],"version-history":[{"count":0,"href":"https:\/\/stylingagenten.com\/fi\/wp-json\/wp\/v2\/product\/116211\/revisions"}],"wp:featuredmedia":[{"embeddable":true,"href":"https:\/\/stylingagenten.com\/fi\/wp-json\/wp\/v2\/media\/116204"}],"wp:attachment":[{"href":"https:\/\/stylingagenten.com\/fi\/wp-json\/wp\/v2\/media?parent=116211"}],"wp:term":[{"taxonomy":"product_brand","embeddable":true,"href":"https:\/\/stylingagenten.com\/fi\/wp-json\/wp\/v2\/product_brand?post=116211"},{"taxonomy":"product_cat","embeddable":true,"href":"https:\/\/stylingagenten.com\/fi\/wp-json\/wp\/v2\/product_cat?post=116211"},{"taxonomy":"product_tag","embeddable":true,"href":"https:\/\/stylingagenten.com\/fi\/wp-json\/wp\/v2\/product_tag?post=116211"},{"taxonomy":"berocket_brand","embeddable":true,"href":"https:\/\/stylingagenten.com\/fi\/wp-json\/wp\/v2\/berocket_brand?post=116211"}],"curies":[{"name":"wp","href":"https:\/\/api.w.org\/{rel}","templated":true}]}}