{"id":116198,"date":"2025-05-18T21:18:39","date_gmt":"2025-05-18T21:18:39","guid":{"rendered":"https:\/\/staging2.stylingagenten.com\/fi\/produkt\/kokie-doubletime-full-cover-concealer-102-fair-neutral\/"},"modified":"2025-12-27T09:26:28","modified_gmt":"2025-12-27T09:26:28","slug":"kokie-doubletime-full-cover-concealer-102-fair-neutral","status":"publish","type":"product","link":"https:\/\/stylingagenten.com\/fi\/tuote\/kokie-doubletime-full-cover-concealer-102-fair-neutral\/","title":{"rendered":"Kokie Doubletime Full Cover Concealer &#8211; 102 Fair Neutral"},"content":{"rendered":"<p>Kokie Doubletime Full Coverage Concealer on suunniteltu antamaan sinulle t\u00e4ydellinen peitto, naamioimaan ep\u00e4t\u00e4ydellisyydet ja antamaan sinulle s\u00e4teilev\u00e4n, kuvan t\u00e4ydellisen lopputuloksen! Edistyksellisell\u00e4 koostumuksellaan ja suurella applikaattorilla, jossa on naarasjalka, se tarjoaa erinomaisen peitt\u00e4vyyden ja helpon levityksen. Sen t\u00e4ytel\u00e4inen ja kermainen koostumus sulautuu saumattomasti ihoon ja peitt\u00e4\u00e4 tehokkaasti ep\u00e4puhtauksia, tummia silm\u00e4nalusia, punoitusta ja v\u00e4rimuutoksia. Peitevoide ei ainoastaan \u200b\u200banna poikkeuksellista peitt\u00e4vyytt\u00e4, vaan sill\u00e4 on my\u00f6s pitk\u00e4kestoinen, tahraa hylkiv\u00e4 koostumus, joka varmistaa, ett\u00e4 lookisi pysyy ehj\u00e4n\u00e4 koko p\u00e4iv\u00e4n.<\/p>\n<p><em>\u2022 Pitk\u00e4kestoinen<br \/>\u2022 T\u00e4ysi peitt\u00e4v\u00e4<br \/> br&gt;\u2022 Tahraa est\u00e4v\u00e4 kaava<\/em><\/p>\n","protected":false},"excerpt":{"rendered":"<p>Kokie Doubletime Full Coverage Concealer on suunniteltu antamaan sinulle t\u00e4ydellinen peitto, naamioimaan ep\u00e4t\u00e4ydellisyydet ja antamaan sinulle s\u00e4teilev\u00e4n, kuvan t\u00e4ydellisen lopputuloksen! Edistyksellisell\u00e4 koostumuksellaan ja suurella applikaattorilla, jossa on naarasjalka, se tarjoaa erinomaisen peitt\u00e4vyyden ja helpon levityksen. Sen t\u00e4ytel\u00e4inen ja kermainen koostumus sulautuu saumattomasti ihoon ja peitt\u00e4\u00e4 tehokkaasti ep\u00e4puhtauksia, tummia silm\u00e4nalusia, punoitusta ja v\u00e4rimuutoksia. Peitevoide ei ainoastaan [&hellip;]<\/p>\n","protected":false},"featured_media":116190,"comment_status":"open","ping_status":"closed","template":"","meta":{"_trash_the_other_posts":false},"product_brand":[],"product_cat":[567],"product_tag":[3141],"berocket_brand":[1198],"class_list":{"0":"post-116198","1":"product","2":"type-product","3":"status-publish","4":"has-post-thumbnail","6":"product_cat-peitevoide","7":"product_tag-kokie-doubletime-full-cover-concealer","8":"pa_brand-kokie-cosmetics","9":"pa_variantti-102-fair-neutral","10":"berocket_brand-kokie-cosmetics","12":"first","13":"instock","14":"sale","15":"taxable","16":"shipping-taxable","17":"purchasable","18":"product-type-simple"},"_links":{"self":[{"href":"https:\/\/stylingagenten.com\/fi\/wp-json\/wp\/v2\/product\/116198","targetHints":{"allow":["GET"]}}],"collection":[{"href":"https:\/\/stylingagenten.com\/fi\/wp-json\/wp\/v2\/product"}],"about":[{"href":"https:\/\/stylingagenten.com\/fi\/wp-json\/wp\/v2\/types\/product"}],"replies":[{"embeddable":true,"href":"https:\/\/stylingagenten.com\/fi\/wp-json\/wp\/v2\/comments?post=116198"}],"version-history":[{"count":0,"href":"https:\/\/stylingagenten.com\/fi\/wp-json\/wp\/v2\/product\/116198\/revisions"}],"wp:featuredmedia":[{"embeddable":true,"href":"https:\/\/stylingagenten.com\/fi\/wp-json\/wp\/v2\/media\/116190"}],"wp:attachment":[{"href":"https:\/\/stylingagenten.com\/fi\/wp-json\/wp\/v2\/media?parent=116198"}],"wp:term":[{"taxonomy":"product_brand","embeddable":true,"href":"https:\/\/stylingagenten.com\/fi\/wp-json\/wp\/v2\/product_brand?post=116198"},{"taxonomy":"product_cat","embeddable":true,"href":"https:\/\/stylingagenten.com\/fi\/wp-json\/wp\/v2\/product_cat?post=116198"},{"taxonomy":"product_tag","embeddable":true,"href":"https:\/\/stylingagenten.com\/fi\/wp-json\/wp\/v2\/product_tag?post=116198"},{"taxonomy":"berocket_brand","embeddable":true,"href":"https:\/\/stylingagenten.com\/fi\/wp-json\/wp\/v2\/berocket_brand?post=116198"}],"curies":[{"name":"wp","href":"https:\/\/api.w.org\/{rel}","templated":true}]}}