{"id":116130,"date":"2025-05-18T21:18:08","date_gmt":"2025-05-18T21:18:08","guid":{"rendered":"https:\/\/staging2.stylingagenten.com\/fi\/produkt\/wet-n-wild-megalast-incognito-allday-full-coverage-concealer-5-5ml-light-medium\/"},"modified":"2025-11-19T12:47:25","modified_gmt":"2025-11-19T12:47:25","slug":"wet-n-wild-megalast-incognito-allday-full-coverage-concealer-5-5ml-light-medium","status":"publish","type":"product","link":"https:\/\/stylingagenten.com\/fi\/tuote\/wet-n-wild-megalast-incognito-allday-full-coverage-concealer-5-5ml-light-medium\/","title":{"rendered":"Wet n Wild MegaLast Incognito AllDay Full Coverage Concealer 5.5ml &#8211; Light Medium"},"content":{"rendered":"<p>Wet n Wild MegaLast Incognito AllDay Full Coverage Concealer sis\u00e4lt\u00e4\u00e4 ravitsevia ja kosteuttavia ainesosia, kuten sheavoita, lakritsijuuriuutetta ja mangonsiemenvoita. Se antaa pitk\u00e4kestoisen, kerrostettavan keski- ja t\u00e4yspeitt\u00e4vyyden sek\u00e4 mattapinnan.<\/p>\n<p>S\u00e4vy: Light Medium<\/p>\n","protected":false},"excerpt":{"rendered":"<p>Wet n Wild MegaLast Incognito AllDay Full Coverage Concealer sis\u00e4lt\u00e4\u00e4 ravitsevia ja kosteuttavia ainesosia, kuten sheavoita, lakritsijuuriuutetta ja mangonsiemenvoita. Se antaa pitk\u00e4kestoisen, kerrostettavan keski- ja t\u00e4yspeitt\u00e4vyyden sek\u00e4 mattapinnan. S\u00e4vy: Light Medium<\/p>\n","protected":false},"featured_media":116124,"comment_status":"open","ping_status":"closed","template":"","meta":{"_trash_the_other_posts":false},"product_brand":[],"product_cat":[567],"product_tag":[4099],"berocket_brand":[1035],"class_list":{"0":"post-116130","1":"product","2":"type-product","3":"status-publish","4":"has-post-thumbnail","6":"product_cat-peitevoide","7":"product_tag-wet-n-wild-megalast-incognito-allday-full-coverage-concealer-5-5ml-light-medium","8":"pa_brand-wet-n-wild","9":"pa_variantti-light-medium","10":"berocket_brand-wet-n-wild","12":"first","13":"instock","14":"sale","15":"taxable","16":"shipping-taxable","17":"purchasable","18":"product-type-simple"},"_links":{"self":[{"href":"https:\/\/stylingagenten.com\/fi\/wp-json\/wp\/v2\/product\/116130","targetHints":{"allow":["GET"]}}],"collection":[{"href":"https:\/\/stylingagenten.com\/fi\/wp-json\/wp\/v2\/product"}],"about":[{"href":"https:\/\/stylingagenten.com\/fi\/wp-json\/wp\/v2\/types\/product"}],"replies":[{"embeddable":true,"href":"https:\/\/stylingagenten.com\/fi\/wp-json\/wp\/v2\/comments?post=116130"}],"version-history":[{"count":0,"href":"https:\/\/stylingagenten.com\/fi\/wp-json\/wp\/v2\/product\/116130\/revisions"}],"wp:featuredmedia":[{"embeddable":true,"href":"https:\/\/stylingagenten.com\/fi\/wp-json\/wp\/v2\/media\/116124"}],"wp:attachment":[{"href":"https:\/\/stylingagenten.com\/fi\/wp-json\/wp\/v2\/media?parent=116130"}],"wp:term":[{"taxonomy":"product_brand","embeddable":true,"href":"https:\/\/stylingagenten.com\/fi\/wp-json\/wp\/v2\/product_brand?post=116130"},{"taxonomy":"product_cat","embeddable":true,"href":"https:\/\/stylingagenten.com\/fi\/wp-json\/wp\/v2\/product_cat?post=116130"},{"taxonomy":"product_tag","embeddable":true,"href":"https:\/\/stylingagenten.com\/fi\/wp-json\/wp\/v2\/product_tag?post=116130"},{"taxonomy":"berocket_brand","embeddable":true,"href":"https:\/\/stylingagenten.com\/fi\/wp-json\/wp\/v2\/berocket_brand?post=116130"}],"curies":[{"name":"wp","href":"https:\/\/api.w.org\/{rel}","templated":true}]}}