{"id":116122,"date":"2025-05-18T21:18:04","date_gmt":"2025-05-18T21:18:04","guid":{"rendered":"https:\/\/staging2.stylingagenten.com\/fi\/produkt\/wet-n-wild-photo-focus-care-color-corrector-3-3ml-white\/"},"modified":"2026-02-27T07:56:26","modified_gmt":"2026-02-27T07:56:26","slug":"wet-n-wild-photo-focus-care-color-corrector-3-3ml-white","status":"publish","type":"product","link":"https:\/\/stylingagenten.com\/fi\/tuote\/wet-n-wild-photo-focus-care-color-corrector-3-3ml-white\/","title":{"rendered":"Wet n Wild Photo Focus Care Color Corrector 3.3ml &#8211; White"},"content":{"rendered":"<p>Wet n Wild Photo Focus Care Color Corrector 3,3 ml &#8211; Valkoinen<br \/>\n<br \/>Photo Focus Care Color Corrector peitt\u00e4\u00e4, kirkastaa ja neutraloi ravitsevilla ihonhoitoainesosilla, jotka luovat virheett\u00f6m\u00e4n pohjan. T\u00e4m\u00e4 color corrector on kevyt, silkkinen ja helppo h\u00e4ivytt\u00e4\u00e4, mik\u00e4 tekee ihosta t\u00e4ydellisen n\u00e4k\u00f6isen meikkivoiteen alla. Valkoinen color corrector voidaan k\u00e4ytt\u00e4\u00e4 kirkastamaan ja korostamaan peitevoiteen ja meikkivoiteen alla, silmien alla, kasvojen korkeimmilla kohdilla ja silm\u00e4luomilla. Vihre\u00e4\u00e4 color correctoria voidaan k\u00e4ytt\u00e4\u00e4 punoituksen peitt\u00e4miseen ja n\u00e4ppyjen h\u00e4ivytt\u00e4miseen. Sininen color corrector neutraloi liian l\u00e4mpim\u00e4n peitevoiteen tai meikkivoiteen ja viilent\u00e4\u00e4 oransseja, persikanv\u00e4risi\u00e4 ja keltaisia pohjas\u00e4vyj\u00e4.<\/p>\n","protected":false},"excerpt":{"rendered":"<p>Wet n Wild Photo Focus Care Color Corrector 3,3 ml &#8211; Valkoinen Photo Focus Care Color Corrector peitt\u00e4\u00e4, kirkastaa ja neutraloi ravitsevilla ihonhoitoainesosilla, jotka luovat virheett\u00f6m\u00e4n pohjan. T\u00e4m\u00e4 color corrector on kevyt, silkkinen ja helppo h\u00e4ivytt\u00e4\u00e4, mik\u00e4 tekee ihosta t\u00e4ydellisen n\u00e4k\u00f6isen meikkivoiteen alla. Valkoinen color corrector voidaan k\u00e4ytt\u00e4\u00e4 kirkastamaan ja korostamaan peitevoiteen ja meikkivoiteen alla, [&hellip;]<\/p>\n","protected":false},"featured_media":116115,"comment_status":"open","ping_status":"closed","template":"","meta":{"_trash_the_other_posts":false},"product_brand":[],"product_cat":[567],"product_tag":[4106],"berocket_brand":[1035],"class_list":{"0":"post-116122","1":"product","2":"type-product","3":"status-publish","4":"has-post-thumbnail","6":"product_cat-peitevoide","7":"product_tag-wet-n-wild-photo-focus-care-color-corrector-3-3ml","8":"pa_brand-wet-n-wild","9":"pa_variantti-white","10":"berocket_brand-wet-n-wild","12":"first","13":"instock","14":"sale","15":"taxable","16":"shipping-taxable","17":"purchasable","18":"product-type-simple"},"_links":{"self":[{"href":"https:\/\/stylingagenten.com\/fi\/wp-json\/wp\/v2\/product\/116122","targetHints":{"allow":["GET"]}}],"collection":[{"href":"https:\/\/stylingagenten.com\/fi\/wp-json\/wp\/v2\/product"}],"about":[{"href":"https:\/\/stylingagenten.com\/fi\/wp-json\/wp\/v2\/types\/product"}],"replies":[{"embeddable":true,"href":"https:\/\/stylingagenten.com\/fi\/wp-json\/wp\/v2\/comments?post=116122"}],"version-history":[{"count":0,"href":"https:\/\/stylingagenten.com\/fi\/wp-json\/wp\/v2\/product\/116122\/revisions"}],"wp:featuredmedia":[{"embeddable":true,"href":"https:\/\/stylingagenten.com\/fi\/wp-json\/wp\/v2\/media\/116115"}],"wp:attachment":[{"href":"https:\/\/stylingagenten.com\/fi\/wp-json\/wp\/v2\/media?parent=116122"}],"wp:term":[{"taxonomy":"product_brand","embeddable":true,"href":"https:\/\/stylingagenten.com\/fi\/wp-json\/wp\/v2\/product_brand?post=116122"},{"taxonomy":"product_cat","embeddable":true,"href":"https:\/\/stylingagenten.com\/fi\/wp-json\/wp\/v2\/product_cat?post=116122"},{"taxonomy":"product_tag","embeddable":true,"href":"https:\/\/stylingagenten.com\/fi\/wp-json\/wp\/v2\/product_tag?post=116122"},{"taxonomy":"berocket_brand","embeddable":true,"href":"https:\/\/stylingagenten.com\/fi\/wp-json\/wp\/v2\/berocket_brand?post=116122"}],"curies":[{"name":"wp","href":"https:\/\/api.w.org\/{rel}","templated":true}]}}