{"id":116114,"date":"2025-05-18T21:18:01","date_gmt":"2025-05-18T21:18:01","guid":{"rendered":"https:\/\/staging2.stylingagenten.com\/fi\/produkt\/nyx-prof-makeup-bare-with-me-concealer-serum-2-light-9-6ml\/"},"modified":"2026-03-24T07:58:00","modified_gmt":"2026-03-24T07:58:00","slug":"nyx-prof-makeup-bare-with-me-concealer-serum-2-light-9-6ml","status":"publish","type":"product","link":"https:\/\/stylingagenten.com\/fi\/tuote\/nyx-prof-makeup-bare-with-me-concealer-serum-2-light-9-6ml\/","title":{"rendered":"NYX PROF. MAKEUP Bare With Me Concealer Serum 2 Light 9.6ml"},"content":{"rendered":"<p>Bare With Me Concealer Serum on seerumi, joka kosteuttaa ihoa jopa 24 tunnin ajan peitt\u00e4en samalla ongelmalliset alueet. Rikastettu ihoa rakastavilla ainesosilla tremellalla, cicalla ja vihre\u00e4ll\u00e4 teell\u00e4.<br \/>\n<br \/>Vegaaninen koostumus kasvoille ja vartalolle. Kosteuttava ja saatavana useissa s\u00e4vyiss\u00e4. Pieni m\u00e4\u00e4r\u00e4 antaa keskipeitt\u00e4v\u00e4n ja luonnolliset tulokset.<\/p>\n<p>K\u00e4ytt\u00f6: Levit\u00e4 pumppu Bare With Me Concealer Serumia suoraan; iho (sek\u00e4 kasvot ett\u00e4 vartalo) peitt\u00e4m\u00e4\u00e4n ja kosteuttamaan. K\u00e4yt\u00e4 sekoitussivellint\u00e4 v\u00e4rin tasaamiseen.<br \/>\n<br \/>K\u00e4yt\u00e4 kaksi pumpun paine p\u00e5 ongelmaalueet (tummat silm\u00e4nalusit, ep\u00e4puhtaudet\/puutteet, punoitus, kuivat alueet) keskipeittoon.<\/p>\n","protected":false},"excerpt":{"rendered":"<p>Bare With Me Concealer Serum on seerumi, joka kosteuttaa ihoa jopa 24 tunnin ajan peitt\u00e4en samalla ongelmalliset alueet. Rikastettu ihoa rakastavilla ainesosilla tremellalla, cicalla ja vihre\u00e4ll\u00e4 teell\u00e4. Vegaaninen koostumus kasvoille ja vartalolle. Kosteuttava ja saatavana useissa s\u00e4vyiss\u00e4. Pieni m\u00e4\u00e4r\u00e4 antaa keskipeitt\u00e4v\u00e4n ja luonnolliset tulokset. K\u00e4ytt\u00f6: Levit\u00e4 pumppu Bare With Me Concealer Serumia suoraan; iho (sek\u00e4 [&hellip;]<\/p>\n","protected":false},"featured_media":116108,"comment_status":"open","ping_status":"closed","template":"","meta":{"_trash_the_other_posts":false},"product_brand":[],"product_cat":[567],"product_tag":[3650],"berocket_brand":[1025],"class_list":{"0":"post-116114","1":"product","2":"type-product","3":"status-publish","4":"has-post-thumbnail","6":"product_cat-peitevoide","7":"product_tag-nyx-prof-makeup-bare-with-me-concealer-serum-9-6ml","8":"pa_brand-nyx","9":"pa_variantti-2-light","10":"berocket_brand-nyx","12":"first","13":"instock","14":"sale","15":"taxable","16":"shipping-taxable","17":"purchasable","18":"product-type-simple"},"_links":{"self":[{"href":"https:\/\/stylingagenten.com\/fi\/wp-json\/wp\/v2\/product\/116114","targetHints":{"allow":["GET"]}}],"collection":[{"href":"https:\/\/stylingagenten.com\/fi\/wp-json\/wp\/v2\/product"}],"about":[{"href":"https:\/\/stylingagenten.com\/fi\/wp-json\/wp\/v2\/types\/product"}],"replies":[{"embeddable":true,"href":"https:\/\/stylingagenten.com\/fi\/wp-json\/wp\/v2\/comments?post=116114"}],"version-history":[{"count":0,"href":"https:\/\/stylingagenten.com\/fi\/wp-json\/wp\/v2\/product\/116114\/revisions"}],"wp:featuredmedia":[{"embeddable":true,"href":"https:\/\/stylingagenten.com\/fi\/wp-json\/wp\/v2\/media\/116108"}],"wp:attachment":[{"href":"https:\/\/stylingagenten.com\/fi\/wp-json\/wp\/v2\/media?parent=116114"}],"wp:term":[{"taxonomy":"product_brand","embeddable":true,"href":"https:\/\/stylingagenten.com\/fi\/wp-json\/wp\/v2\/product_brand?post=116114"},{"taxonomy":"product_cat","embeddable":true,"href":"https:\/\/stylingagenten.com\/fi\/wp-json\/wp\/v2\/product_cat?post=116114"},{"taxonomy":"product_tag","embeddable":true,"href":"https:\/\/stylingagenten.com\/fi\/wp-json\/wp\/v2\/product_tag?post=116114"},{"taxonomy":"berocket_brand","embeddable":true,"href":"https:\/\/stylingagenten.com\/fi\/wp-json\/wp\/v2\/berocket_brand?post=116114"}],"curies":[{"name":"wp","href":"https:\/\/api.w.org\/{rel}","templated":true}]}}