{"id":116086,"date":"2025-05-18T21:17:48","date_gmt":"2025-05-18T21:17:48","guid":{"rendered":"https:\/\/staging2.stylingagenten.com\/fi\/produkt\/beauty-uk-cc-cream-no-10-natural\/"},"modified":"2026-04-09T12:08:34","modified_gmt":"2026-04-09T12:08:34","slug":"beauty-uk-cc-cream-no-10-natural","status":"publish","type":"product","link":"https:\/\/stylingagenten.com\/fi\/tuote\/beauty-uk-cc-cream-no-10-natural\/","title":{"rendered":"Beauty UK CC Cream No.10 Natural"},"content":{"rendered":"<p>Beauty UK CC Cream No.10 Natural, kevyt koostumus, jossa on kosteuttavia ja v\u00e4ri\u00e4 korjaavia ominaisuuksia, jotka suojaavat ihoa auringolta vaikuttavalla SPF 30:lla!<\/p>\n<p>Sis\u00e4lt\u00e4\u00e4 valoa heijastavia pigmenttej\u00e4, jotka antavat ihon hehkua ja luo hehkuvan ja virheett\u00f6m\u00e4n ihon.<\/p>\n","protected":false},"excerpt":{"rendered":"<p>Beauty UK CC Cream No.10 Natural, kevyt koostumus, jossa on kosteuttavia ja v\u00e4ri\u00e4 korjaavia ominaisuuksia, jotka suojaavat ihoa auringolta vaikuttavalla SPF 30:lla! Sis\u00e4lt\u00e4\u00e4 valoa heijastavia pigmenttej\u00e4, jotka antavat ihon hehkua ja luo hehkuvan ja virheett\u00f6m\u00e4n ihon.<\/p>\n","protected":false},"featured_media":116085,"comment_status":"open","ping_status":"closed","template":"","meta":{"_trash_the_other_posts":false},"product_brand":[],"product_cat":[660],"product_tag":[2489],"berocket_brand":[1059],"class_list":{"0":"post-116086","1":"product","2":"type-product","3":"status-publish","4":"has-post-thumbnail","6":"product_cat-cc-voide","7":"product_tag-beauty-uk-cc-cream","8":"pa_brand-beautyuk","9":"pa_variantti-no-10-natural","10":"berocket_brand-beautyuk","12":"first","13":"instock","14":"sale","15":"taxable","16":"shipping-taxable","17":"purchasable","18":"product-type-simple"},"_links":{"self":[{"href":"https:\/\/stylingagenten.com\/fi\/wp-json\/wp\/v2\/product\/116086","targetHints":{"allow":["GET"]}}],"collection":[{"href":"https:\/\/stylingagenten.com\/fi\/wp-json\/wp\/v2\/product"}],"about":[{"href":"https:\/\/stylingagenten.com\/fi\/wp-json\/wp\/v2\/types\/product"}],"replies":[{"embeddable":true,"href":"https:\/\/stylingagenten.com\/fi\/wp-json\/wp\/v2\/comments?post=116086"}],"version-history":[{"count":0,"href":"https:\/\/stylingagenten.com\/fi\/wp-json\/wp\/v2\/product\/116086\/revisions"}],"wp:featuredmedia":[{"embeddable":true,"href":"https:\/\/stylingagenten.com\/fi\/wp-json\/wp\/v2\/media\/116085"}],"wp:attachment":[{"href":"https:\/\/stylingagenten.com\/fi\/wp-json\/wp\/v2\/media?parent=116086"}],"wp:term":[{"taxonomy":"product_brand","embeddable":true,"href":"https:\/\/stylingagenten.com\/fi\/wp-json\/wp\/v2\/product_brand?post=116086"},{"taxonomy":"product_cat","embeddable":true,"href":"https:\/\/stylingagenten.com\/fi\/wp-json\/wp\/v2\/product_cat?post=116086"},{"taxonomy":"product_tag","embeddable":true,"href":"https:\/\/stylingagenten.com\/fi\/wp-json\/wp\/v2\/product_tag?post=116086"},{"taxonomy":"berocket_brand","embeddable":true,"href":"https:\/\/stylingagenten.com\/fi\/wp-json\/wp\/v2\/berocket_brand?post=116086"}],"curies":[{"name":"wp","href":"https:\/\/api.w.org\/{rel}","templated":true}]}}