{"id":116081,"date":"2025-05-18T21:17:45","date_gmt":"2025-05-18T21:17:45","guid":{"rendered":"https:\/\/staging2.stylingagenten.com\/fi\/produkt\/beauty-uk-cc-cream-no-20-fawn\/"},"modified":"2026-01-30T19:26:38","modified_gmt":"2026-01-30T19:26:38","slug":"beauty-uk-cc-cream-no-20-fawn","status":"publish","type":"product","link":"https:\/\/stylingagenten.com\/fi\/tuote\/beauty-uk-cc-cream-no-20-fawn\/","title":{"rendered":"Beauty UK CC Cream No.20 Fawn"},"content":{"rendered":"<p>Beauty UK CC Cream No.20 Fawn, kevyt koostumus, jossa on kosteuttavia ja v\u00e4ri\u00e4 korjaavia ominaisuuksia, jotka suojaavat ihoa auringolta vaikuttavalla SPF 30:lla!<\/p>\n<p>Sis\u00e4lt\u00e4\u00e4 valoa heijastavia pigmenttej\u00e4, jotka antavat ihon hehkua ja luo hehkuvan ja virheett\u00f6m\u00e4n ihon.<\/p>\n","protected":false},"excerpt":{"rendered":"<p>Beauty UK CC Cream No.20 Fawn, kevyt koostumus, jossa on kosteuttavia ja v\u00e4ri\u00e4 korjaavia ominaisuuksia, jotka suojaavat ihoa auringolta vaikuttavalla SPF 30:lla! Sis\u00e4lt\u00e4\u00e4 valoa heijastavia pigmenttej\u00e4, jotka antavat ihon hehkua ja luo hehkuvan ja virheett\u00f6m\u00e4n ihon.<\/p>\n","protected":false},"featured_media":116078,"comment_status":"open","ping_status":"closed","template":"","meta":{"_trash_the_other_posts":false},"product_brand":[],"product_cat":[660],"product_tag":[2489],"berocket_brand":[1059],"class_list":{"0":"post-116081","1":"product","2":"type-product","3":"status-publish","4":"has-post-thumbnail","6":"product_cat-cc-voide","7":"product_tag-beauty-uk-cc-cream","8":"pa_brand-beautyuk","9":"pa_variantti-no-20-fawn","10":"berocket_brand-beautyuk","12":"first","13":"instock","14":"sale","15":"taxable","16":"shipping-taxable","17":"purchasable","18":"product-type-simple"},"_links":{"self":[{"href":"https:\/\/stylingagenten.com\/fi\/wp-json\/wp\/v2\/product\/116081","targetHints":{"allow":["GET"]}}],"collection":[{"href":"https:\/\/stylingagenten.com\/fi\/wp-json\/wp\/v2\/product"}],"about":[{"href":"https:\/\/stylingagenten.com\/fi\/wp-json\/wp\/v2\/types\/product"}],"replies":[{"embeddable":true,"href":"https:\/\/stylingagenten.com\/fi\/wp-json\/wp\/v2\/comments?post=116081"}],"version-history":[{"count":0,"href":"https:\/\/stylingagenten.com\/fi\/wp-json\/wp\/v2\/product\/116081\/revisions"}],"wp:featuredmedia":[{"embeddable":true,"href":"https:\/\/stylingagenten.com\/fi\/wp-json\/wp\/v2\/media\/116078"}],"wp:attachment":[{"href":"https:\/\/stylingagenten.com\/fi\/wp-json\/wp\/v2\/media?parent=116081"}],"wp:term":[{"taxonomy":"product_brand","embeddable":true,"href":"https:\/\/stylingagenten.com\/fi\/wp-json\/wp\/v2\/product_brand?post=116081"},{"taxonomy":"product_cat","embeddable":true,"href":"https:\/\/stylingagenten.com\/fi\/wp-json\/wp\/v2\/product_cat?post=116081"},{"taxonomy":"product_tag","embeddable":true,"href":"https:\/\/stylingagenten.com\/fi\/wp-json\/wp\/v2\/product_tag?post=116081"},{"taxonomy":"berocket_brand","embeddable":true,"href":"https:\/\/stylingagenten.com\/fi\/wp-json\/wp\/v2\/berocket_brand?post=116081"}],"curies":[{"name":"wp","href":"https:\/\/api.w.org\/{rel}","templated":true}]}}