{"id":116026,"date":"2025-05-18T21:16:53","date_gmt":"2025-05-18T21:16:53","guid":{"rendered":"https:\/\/staging2.stylingagenten.com\/fi\/produkt\/ida-warg-self-tanning-body-lotion-200ml\/"},"modified":"2026-03-26T15:18:41","modified_gmt":"2026-03-26T15:18:41","slug":"ida-warg-self-tanning-body-lotion-200ml","status":"publish","type":"product","link":"https:\/\/stylingagenten.com\/fi\/tuote\/ida-warg-self-tanning-body-lotion-200ml\/","title":{"rendered":"Ida Warg Self Tanning Body Lotion 200ml"},"content":{"rendered":"<p>Ida Warg Self Tanning Body Lotion on pehment\u00e4v\u00e4 voide, joka antaa aurinkoisen lopputuloksen. vain 3 tuntia luonnollisesta sokerista uutetun DHA:n avulla. T\u00e4ydellinen niille, jotka haluavat rakentaa asteittain rusketusta tai vahvistaa jo ruskettunutta ihoa. <br \/>Sopii kaikille ihon s\u00e4vyille. 100 % vegaaninen!<\/p>\n<p>K\u00e4ytt\u00f6ohjeet:<br \/>K\u00e4yt\u00e4 p&aring; puhdistettu, kuiva iho. Pese k\u00e4det k\u00e4yt\u00f6n j\u00e4lkeen. HUOMIO! \u00c4l\u00e4 kuori ihoa 24 tunnin sis\u00e4ll\u00e4 ennen hoitoa. <\/p>\n<p>&nbsp;<\/p>\n<p>&nbsp;<\/p>\n","protected":false},"excerpt":{"rendered":"<p>Ida Warg Self Tanning Body Lotion on pehment\u00e4v\u00e4 voide, joka antaa aurinkoisen lopputuloksen. vain 3 tuntia luonnollisesta sokerista uutetun DHA:n avulla. T\u00e4ydellinen niille, jotka haluavat rakentaa asteittain rusketusta tai vahvistaa jo ruskettunutta ihoa. Sopii kaikille ihon s\u00e4vyille. 100 % vegaaninen! K\u00e4ytt\u00f6ohjeet:K\u00e4yt\u00e4 p&aring; puhdistettu, kuiva iho. Pese k\u00e4det k\u00e4yt\u00f6n j\u00e4lkeen. HUOMIO! \u00c4l\u00e4 kuori ihoa 24 tunnin [&hellip;]<\/p>\n","protected":false},"featured_media":116024,"comment_status":"open","ping_status":"closed","template":"","meta":{"_trash_the_other_posts":false},"product_brand":[],"product_cat":[561],"product_tag":[],"berocket_brand":[1346],"class_list":{"0":"post-116026","1":"product","2":"type-product","3":"status-publish","4":"has-post-thumbnail","6":"product_cat-ruskea-ilman-aurinkoa","7":"pa_brand-ida-warg","8":"berocket_brand-ida-warg","10":"first","11":"instock","12":"sale","13":"taxable","14":"shipping-taxable","15":"purchasable","16":"product-type-simple"},"_links":{"self":[{"href":"https:\/\/stylingagenten.com\/fi\/wp-json\/wp\/v2\/product\/116026","targetHints":{"allow":["GET"]}}],"collection":[{"href":"https:\/\/stylingagenten.com\/fi\/wp-json\/wp\/v2\/product"}],"about":[{"href":"https:\/\/stylingagenten.com\/fi\/wp-json\/wp\/v2\/types\/product"}],"replies":[{"embeddable":true,"href":"https:\/\/stylingagenten.com\/fi\/wp-json\/wp\/v2\/comments?post=116026"}],"version-history":[{"count":0,"href":"https:\/\/stylingagenten.com\/fi\/wp-json\/wp\/v2\/product\/116026\/revisions"}],"wp:featuredmedia":[{"embeddable":true,"href":"https:\/\/stylingagenten.com\/fi\/wp-json\/wp\/v2\/media\/116024"}],"wp:attachment":[{"href":"https:\/\/stylingagenten.com\/fi\/wp-json\/wp\/v2\/media?parent=116026"}],"wp:term":[{"taxonomy":"product_brand","embeddable":true,"href":"https:\/\/stylingagenten.com\/fi\/wp-json\/wp\/v2\/product_brand?post=116026"},{"taxonomy":"product_cat","embeddable":true,"href":"https:\/\/stylingagenten.com\/fi\/wp-json\/wp\/v2\/product_cat?post=116026"},{"taxonomy":"product_tag","embeddable":true,"href":"https:\/\/stylingagenten.com\/fi\/wp-json\/wp\/v2\/product_tag?post=116026"},{"taxonomy":"berocket_brand","embeddable":true,"href":"https:\/\/stylingagenten.com\/fi\/wp-json\/wp\/v2\/berocket_brand?post=116026"}],"curies":[{"name":"wp","href":"https:\/\/api.w.org\/{rel}","templated":true}]}}