{"id":116004,"date":"2025-05-18T21:15:26","date_gmt":"2025-05-18T21:15:26","guid":{"rendered":"https:\/\/staging2.stylingagenten.com\/fi\/produkt\/ida-warg-self-tanning-water-mist-75ml\/"},"modified":"2025-11-19T11:46:34","modified_gmt":"2025-11-19T11:46:34","slug":"ida-warg-self-tanning-water-mist-75ml","status":"publish","type":"product","link":"https:\/\/stylingagenten.com\/fi\/tuote\/ida-warg-self-tanning-water-mist-75ml\/","title":{"rendered":"Ida Warg Self Tanning Water Mist 75ml"},"content":{"rendered":"<p>Itseruskettava vesisumu on vegaaninen suihke, joka sis\u00e4lt\u00e4\u00e4 luonnollisesta sokerista uutettua DHA:ta. Antaa kevyen kes\u00e4isen raikkaan hehkun muutamassa tunnissa ja tuoksuu ihanalta trooppisten hedelmilt\u00e4. Voidaan k\u00e4ytt\u00e4\u00e4 meikin p\u00e4\u00e4ll\u00e4 ja j\u00e4tt\u00e4\u00e4 ihon virkistyneeksi ja kosteutetuksi hyaluronihapon avulla. Voidaan k\u00e4ytt\u00e4\u00e4 p\u00e4ivitt\u00e4in.&nbsp;<\/p>\n<p>&#8211; Trooppisten hedelmien tuoksu<br \/>&#8211; 100 % vegaaninen<br \/>&#8211; Ei sis\u00e4ll\u00e4 julmuutta<\/p>\n<p data-empty=\"true\"> <\/p>\n","protected":false},"excerpt":{"rendered":"<p>Itseruskettava vesisumu on vegaaninen suihke, joka sis\u00e4lt\u00e4\u00e4 luonnollisesta sokerista uutettua DHA:ta. Antaa kevyen kes\u00e4isen raikkaan hehkun muutamassa tunnissa ja tuoksuu ihanalta trooppisten hedelmilt\u00e4. Voidaan k\u00e4ytt\u00e4\u00e4 meikin p\u00e4\u00e4ll\u00e4 ja j\u00e4tt\u00e4\u00e4 ihon virkistyneeksi ja kosteutetuksi hyaluronihapon avulla. Voidaan k\u00e4ytt\u00e4\u00e4 p\u00e4ivitt\u00e4in.&nbsp; &#8211; Trooppisten hedelmien tuoksu&#8211; 100 % vegaaninen&#8211; Ei sis\u00e4ll\u00e4 julmuutta<\/p>\n","protected":false},"featured_media":116000,"comment_status":"open","ping_status":"closed","template":"","meta":{"_trash_the_other_posts":false},"product_brand":[],"product_cat":[561],"product_tag":[],"berocket_brand":[1346],"class_list":{"0":"post-116004","1":"product","2":"type-product","3":"status-publish","4":"has-post-thumbnail","6":"product_cat-ruskea-ilman-aurinkoa","7":"pa_brand-ida-warg","8":"berocket_brand-ida-warg","10":"first","11":"outofstock","12":"sale","13":"taxable","14":"shipping-taxable","15":"purchasable","16":"product-type-simple"},"_links":{"self":[{"href":"https:\/\/stylingagenten.com\/fi\/wp-json\/wp\/v2\/product\/116004","targetHints":{"allow":["GET"]}}],"collection":[{"href":"https:\/\/stylingagenten.com\/fi\/wp-json\/wp\/v2\/product"}],"about":[{"href":"https:\/\/stylingagenten.com\/fi\/wp-json\/wp\/v2\/types\/product"}],"replies":[{"embeddable":true,"href":"https:\/\/stylingagenten.com\/fi\/wp-json\/wp\/v2\/comments?post=116004"}],"version-history":[{"count":0,"href":"https:\/\/stylingagenten.com\/fi\/wp-json\/wp\/v2\/product\/116004\/revisions"}],"wp:featuredmedia":[{"embeddable":true,"href":"https:\/\/stylingagenten.com\/fi\/wp-json\/wp\/v2\/media\/116000"}],"wp:attachment":[{"href":"https:\/\/stylingagenten.com\/fi\/wp-json\/wp\/v2\/media?parent=116004"}],"wp:term":[{"taxonomy":"product_brand","embeddable":true,"href":"https:\/\/stylingagenten.com\/fi\/wp-json\/wp\/v2\/product_brand?post=116004"},{"taxonomy":"product_cat","embeddable":true,"href":"https:\/\/stylingagenten.com\/fi\/wp-json\/wp\/v2\/product_cat?post=116004"},{"taxonomy":"product_tag","embeddable":true,"href":"https:\/\/stylingagenten.com\/fi\/wp-json\/wp\/v2\/product_tag?post=116004"},{"taxonomy":"berocket_brand","embeddable":true,"href":"https:\/\/stylingagenten.com\/fi\/wp-json\/wp\/v2\/berocket_brand?post=116004"}],"curies":[{"name":"wp","href":"https:\/\/api.w.org\/{rel}","templated":true}]}}