{"id":115878,"date":"2025-05-18T21:15:03","date_gmt":"2025-05-18T21:15:03","guid":{"rendered":"https:\/\/staging2.stylingagenten.com\/fi\/produkt\/bondi-sands-pure-self-tanning-face-mist-70ml\/"},"modified":"2026-04-15T07:10:11","modified_gmt":"2026-04-15T07:10:11","slug":"bondi-sands-pure-self-tanning-face-mist-70ml","status":"publish","type":"product","link":"https:\/\/stylingagenten.com\/fi\/tuote\/bondi-sands-pure-self-tanning-face-mist-70ml\/","title":{"rendered":"Bondi Sands Pure Self Tanning Face Mist 70ml"},"content":{"rendered":"<p>Itseruskeutuva Face Mist -sumu tarjoaa v\u00e4litt\u00f6m\u00e4n kosteutetun ihon kultaisen hehkun. T\u00e4m\u00e4 hieno sumu, jossa on kosteuttava kevyt koostumus, ei tukki huokoset, sopii kaikille ihon s\u00e4vyille ja sit\u00e4 voidaan levitt\u00e4\u00e4 p\u00e4iv\u00e4ll\u00e4 tai y\u00f6ll\u00e4 terveen hehkun saavuttamiseksi.<\/p>\n<p>Sumumme on 100 % kierr\u00e4tett\u00e4v\u00e4 ja mahdollistaa hallitun levityksen. innovatiivinen suihkup\u00e4\u00e4 ilman metallista kierrejousta. Parhaan tuloksen saavuttamiseksi levit\u00e4 puhtaalle, kuivalle iholle ja anna vaikuttaa 6-8 tuntia. Pese k\u00e4det huolellisesti k\u00e4yt\u00f6n j\u00e4lkeen.<\/p>\n<p>Sopii kaikille ihonv\u00e4reille ja ihotyypeille. Pure on pakattu 100-prosenttisesti kierr\u00e4tett\u00e4v\u00e4\u00e4n pakkaukseen, joka rajoittaa lis\u00e4vaikutuksia ymp\u00e4rist\u00f6\u00f6mme.<\/p>\n<p>L\u00e4pin\u00e4kyv\u00e4ss\u00e4 koostumuksessaan Bondi Sands yhdist\u00e4\u00e4 ylistetyn kultaisen hehkun vaikutuksensa aktiivisiin ihonhoitoaineisiin. kosteuttava hyaluronihappo, hehkua antava C-vitamiini ja korjaava E-vitamiini. Pure on dermatologisesti testattu, hajusteeton ja v\u00e4riaineeton, joten se sopii kaikille ihotyypeille, jopa herkimm\u00e4lle.<\/p>\n","protected":false},"excerpt":{"rendered":"<p>Itseruskeutuva Face Mist -sumu tarjoaa v\u00e4litt\u00f6m\u00e4n kosteutetun ihon kultaisen hehkun. T\u00e4m\u00e4 hieno sumu, jossa on kosteuttava kevyt koostumus, ei tukki huokoset, sopii kaikille ihon s\u00e4vyille ja sit\u00e4 voidaan levitt\u00e4\u00e4 p\u00e4iv\u00e4ll\u00e4 tai y\u00f6ll\u00e4 terveen hehkun saavuttamiseksi. Sumumme on 100 % kierr\u00e4tett\u00e4v\u00e4 ja mahdollistaa hallitun levityksen. innovatiivinen suihkup\u00e4\u00e4 ilman metallista kierrejousta. Parhaan tuloksen saavuttamiseksi levit\u00e4 puhtaalle, kuivalle [&hellip;]<\/p>\n","protected":false},"featured_media":115854,"comment_status":"open","ping_status":"closed","template":"","meta":{"_trash_the_other_posts":false},"product_brand":[],"product_cat":[561],"product_tag":[],"berocket_brand":[1376],"class_list":{"0":"post-115878","1":"product","2":"type-product","3":"status-publish","4":"has-post-thumbnail","6":"product_cat-ruskea-ilman-aurinkoa","7":"pa_brand-bondi-sands","8":"berocket_brand-bondi-sands","10":"first","11":"instock","12":"sale","13":"taxable","14":"shipping-taxable","15":"purchasable","16":"product-type-simple"},"_links":{"self":[{"href":"https:\/\/stylingagenten.com\/fi\/wp-json\/wp\/v2\/product\/115878","targetHints":{"allow":["GET"]}}],"collection":[{"href":"https:\/\/stylingagenten.com\/fi\/wp-json\/wp\/v2\/product"}],"about":[{"href":"https:\/\/stylingagenten.com\/fi\/wp-json\/wp\/v2\/types\/product"}],"replies":[{"embeddable":true,"href":"https:\/\/stylingagenten.com\/fi\/wp-json\/wp\/v2\/comments?post=115878"}],"version-history":[{"count":0,"href":"https:\/\/stylingagenten.com\/fi\/wp-json\/wp\/v2\/product\/115878\/revisions"}],"wp:featuredmedia":[{"embeddable":true,"href":"https:\/\/stylingagenten.com\/fi\/wp-json\/wp\/v2\/media\/115854"}],"wp:attachment":[{"href":"https:\/\/stylingagenten.com\/fi\/wp-json\/wp\/v2\/media?parent=115878"}],"wp:term":[{"taxonomy":"product_brand","embeddable":true,"href":"https:\/\/stylingagenten.com\/fi\/wp-json\/wp\/v2\/product_brand?post=115878"},{"taxonomy":"product_cat","embeddable":true,"href":"https:\/\/stylingagenten.com\/fi\/wp-json\/wp\/v2\/product_cat?post=115878"},{"taxonomy":"product_tag","embeddable":true,"href":"https:\/\/stylingagenten.com\/fi\/wp-json\/wp\/v2\/product_tag?post=115878"},{"taxonomy":"berocket_brand","embeddable":true,"href":"https:\/\/stylingagenten.com\/fi\/wp-json\/wp\/v2\/berocket_brand?post=115878"}],"curies":[{"name":"wp","href":"https:\/\/api.w.org\/{rel}","templated":true}]}}