{"id":115869,"date":"2025-05-18T21:15:02","date_gmt":"2025-05-18T21:15:02","guid":{"rendered":"https:\/\/staging2.stylingagenten.com\/fi\/produkt\/bondi-sands-liquid-gold-tanning-oil-150ml\/"},"modified":"2026-04-14T20:18:25","modified_gmt":"2026-04-14T20:18:25","slug":"bondi-sands-liquid-gold-tanning-oil-150ml","status":"publish","type":"product","link":"https:\/\/stylingagenten.com\/fi\/tuote\/bondi-sands-liquid-gold-tanning-oil-150ml\/","title":{"rendered":"Bondi Sands Liquid Gold Tanning Oil 150ml"},"content":{"rendered":"<p>Aurinko, ranta ja meri &#8211; koe australialaisen unelman tunne. Bondi Sands Liquid Gold Dry Oil antaa ihollesi kultaisen hohtavan ja kuivuu sekunneissa.<\/p>\n<p>Vaihe 1: Saat tasaisen kultaisen s\u00e4vyn puhdistamalla ja pehment\u00e4m\u00e4ll\u00e4 ihoa Bondi Sands -kuorintak\u00e4sineell\u00e4.<\/p>\n<p> Vaihe 2: Kosteuta k\u00e4det, polvet ja muut kuivat alueet kevyell\u00e4 kosteusvoiteella ennen k\u00e4ytt\u00f6\u00e4.<\/p>\n<p>Vaihe 3: Levit\u00e4 Liquid Goldia suoraan iholle. K\u00e4yt\u00e4 Bondi Sands -k\u00e4sinett\u00e4 ja levit\u00e4 \u00f6ljy\u00e4 jalkoihin, k\u00e4sivarsiin ja vartaloon pitkill\u00e4 lakaisuliikkeill\u00e4. K\u00e4yt\u00e4 k\u00e4sineeseen j\u00e4\u00e4nytt\u00e4 kasvojasi, kyyn\u00e4rp\u00e4it\u00e4si ja polviasi varten.<\/p>\n<p>Vaihe 4: Sinun ei tarvitse k\u00e4yd\u00e4 suihkussa sen j\u00e4lkeen \u2013 pukeudu vain ja olet valmis!<\/p>\n","protected":false},"excerpt":{"rendered":"<p>Aurinko, ranta ja meri &#8211; koe australialaisen unelman tunne. Bondi Sands Liquid Gold Dry Oil antaa ihollesi kultaisen hohtavan ja kuivuu sekunneissa. Vaihe 1: Saat tasaisen kultaisen s\u00e4vyn puhdistamalla ja pehment\u00e4m\u00e4ll\u00e4 ihoa Bondi Sands -kuorintak\u00e4sineell\u00e4. Vaihe 2: Kosteuta k\u00e4det, polvet ja muut kuivat alueet kevyell\u00e4 kosteusvoiteella ennen k\u00e4ytt\u00f6\u00e4. Vaihe 3: Levit\u00e4 Liquid Goldia suoraan iholle. [&hellip;]<\/p>\n","protected":false},"featured_media":115858,"comment_status":"open","ping_status":"closed","template":"","meta":{"_trash_the_other_posts":false},"product_brand":[],"product_cat":[561],"product_tag":[],"berocket_brand":[1376],"class_list":{"0":"post-115869","1":"product","2":"type-product","3":"status-publish","4":"has-post-thumbnail","6":"product_cat-ruskea-ilman-aurinkoa","7":"pa_brand-bondi-sands","8":"berocket_brand-bondi-sands","10":"first","11":"instock","12":"sale","13":"taxable","14":"shipping-taxable","15":"purchasable","16":"product-type-simple"},"_links":{"self":[{"href":"https:\/\/stylingagenten.com\/fi\/wp-json\/wp\/v2\/product\/115869","targetHints":{"allow":["GET"]}}],"collection":[{"href":"https:\/\/stylingagenten.com\/fi\/wp-json\/wp\/v2\/product"}],"about":[{"href":"https:\/\/stylingagenten.com\/fi\/wp-json\/wp\/v2\/types\/product"}],"replies":[{"embeddable":true,"href":"https:\/\/stylingagenten.com\/fi\/wp-json\/wp\/v2\/comments?post=115869"}],"version-history":[{"count":0,"href":"https:\/\/stylingagenten.com\/fi\/wp-json\/wp\/v2\/product\/115869\/revisions"}],"wp:featuredmedia":[{"embeddable":true,"href":"https:\/\/stylingagenten.com\/fi\/wp-json\/wp\/v2\/media\/115858"}],"wp:attachment":[{"href":"https:\/\/stylingagenten.com\/fi\/wp-json\/wp\/v2\/media?parent=115869"}],"wp:term":[{"taxonomy":"product_brand","embeddable":true,"href":"https:\/\/stylingagenten.com\/fi\/wp-json\/wp\/v2\/product_brand?post=115869"},{"taxonomy":"product_cat","embeddable":true,"href":"https:\/\/stylingagenten.com\/fi\/wp-json\/wp\/v2\/product_cat?post=115869"},{"taxonomy":"product_tag","embeddable":true,"href":"https:\/\/stylingagenten.com\/fi\/wp-json\/wp\/v2\/product_tag?post=115869"},{"taxonomy":"berocket_brand","embeddable":true,"href":"https:\/\/stylingagenten.com\/fi\/wp-json\/wp\/v2\/berocket_brand?post=115869"}],"curies":[{"name":"wp","href":"https:\/\/api.w.org\/{rel}","templated":true}]}}