{"id":115847,"date":"2025-05-18T21:14:58","date_gmt":"2025-05-18T21:14:58","guid":{"rendered":"https:\/\/staging2.stylingagenten.com\/fi\/produkt\/beauty-uk-baked-box-no-1-popsicle-pink\/"},"modified":"2026-04-08T10:08:32","modified_gmt":"2026-04-08T10:08:32","slug":"beauty-uk-baked-box-no-1-popsicle-pink","status":"publish","type":"product","link":"https:\/\/stylingagenten.com\/fi\/tuote\/beauty-uk-baked-box-no-1-popsicle-pink\/","title":{"rendered":"Beauty UK Baked Box No.1 Popsicle Pink"},"content":{"rendered":"<p><strong>Beauty UK Baked Box&nbsp;<\/strong>on kokoelma poskipunat, jotka antavat terveen ja kiilt\u00e4v\u00e4n lopputuloksen. Saatavilla nelj\u00e4ss\u00e4 s\u00e4vyss\u00e4, jotka korostavat ja m\u00e4\u00e4ritt\u00e4v\u00e4t hienon hohtavan verhon. Mukana l\u00e4pp\u00e4lukkolaatikko ja suuri peili helpottamaan k\u00e4ytt\u00f6\u00e4.<\/p>\n","protected":false},"excerpt":{"rendered":"<p>Beauty UK Baked Box&nbsp;on kokoelma poskipunat, jotka antavat terveen ja kiilt\u00e4v\u00e4n lopputuloksen. Saatavilla nelj\u00e4ss\u00e4 s\u00e4vyss\u00e4, jotka korostavat ja m\u00e4\u00e4ritt\u00e4v\u00e4t hienon hohtavan verhon. Mukana l\u00e4pp\u00e4lukkolaatikko ja suuri peili helpottamaan k\u00e4ytt\u00f6\u00e4.<\/p>\n","protected":false},"featured_media":115836,"comment_status":"open","ping_status":"closed","template":"","meta":{"_trash_the_other_posts":false},"product_brand":[],"product_cat":[1005,659],"product_tag":[2485],"berocket_brand":[1059],"class_list":{"0":"post-115847","1":"product","2":"type-product","3":"status-publish","4":"has-post-thumbnail","6":"product_cat-outlet","7":"product_cat-pronssi","8":"product_tag-beauty-uk-baked-box","9":"pa_brand-beautyuk","10":"pa_variantti-no-1-popsicle-pink","11":"berocket_brand-beautyuk","13":"first","14":"outofstock","15":"sale","16":"taxable","17":"shipping-taxable","18":"purchasable","19":"product-type-simple"},"_links":{"self":[{"href":"https:\/\/stylingagenten.com\/fi\/wp-json\/wp\/v2\/product\/115847","targetHints":{"allow":["GET"]}}],"collection":[{"href":"https:\/\/stylingagenten.com\/fi\/wp-json\/wp\/v2\/product"}],"about":[{"href":"https:\/\/stylingagenten.com\/fi\/wp-json\/wp\/v2\/types\/product"}],"replies":[{"embeddable":true,"href":"https:\/\/stylingagenten.com\/fi\/wp-json\/wp\/v2\/comments?post=115847"}],"version-history":[{"count":0,"href":"https:\/\/stylingagenten.com\/fi\/wp-json\/wp\/v2\/product\/115847\/revisions"}],"wp:featuredmedia":[{"embeddable":true,"href":"https:\/\/stylingagenten.com\/fi\/wp-json\/wp\/v2\/media\/115836"}],"wp:attachment":[{"href":"https:\/\/stylingagenten.com\/fi\/wp-json\/wp\/v2\/media?parent=115847"}],"wp:term":[{"taxonomy":"product_brand","embeddable":true,"href":"https:\/\/stylingagenten.com\/fi\/wp-json\/wp\/v2\/product_brand?post=115847"},{"taxonomy":"product_cat","embeddable":true,"href":"https:\/\/stylingagenten.com\/fi\/wp-json\/wp\/v2\/product_cat?post=115847"},{"taxonomy":"product_tag","embeddable":true,"href":"https:\/\/stylingagenten.com\/fi\/wp-json\/wp\/v2\/product_tag?post=115847"},{"taxonomy":"berocket_brand","embeddable":true,"href":"https:\/\/stylingagenten.com\/fi\/wp-json\/wp\/v2\/berocket_brand?post=115847"}],"curies":[{"name":"wp","href":"https:\/\/api.w.org\/{rel}","templated":true}]}}