{"id":115803,"date":"2025-05-18T21:14:53","date_gmt":"2025-05-18T21:14:53","guid":{"rendered":"https:\/\/staging2.stylingagenten.com\/fi\/produkt\/bellapierre-compact-bronzer-04-kisses-10g\/"},"modified":"2025-11-19T11:15:05","modified_gmt":"2025-11-19T11:15:05","slug":"bellapierre-compact-bronzer-04-kisses-10g","status":"publish","type":"product","link":"https:\/\/stylingagenten.com\/fi\/tuote\/bellapierre-compact-bronzer-04-kisses-10g\/","title":{"rendered":"Bellapierre Compact Bronzer &#8211; 04 Kisses 10g"},"content":{"rendered":"<p>Bellapierre Loose Bronzer -tuotteessa on palkittu silkkinen ja pehme\u00e4 puuterikoostumus, joka lis\u00e4\u00e4 terveen, auringonsuudelman tunteen mille tahansa iholle. Bronser on rikastettu rauhoittavalla ja ravitseva jojoba\u00f6ljyll\u00e4, joka pit\u00e4\u00e4 ihon pehme\u00e4n\u00e4, joustavana ja terveen\u00e4.<\/p>\n<p>N\u00e4m\u00e4 bronzerit eiv\u00e4t sis\u00e4ll\u00e4 talkkia ja parabeenia ja sopivat kaikille ihotyypeille ja ;rh&aring;landille.<\/p>\n","protected":false},"excerpt":{"rendered":"<p>Bellapierre Loose Bronzer -tuotteessa on palkittu silkkinen ja pehme\u00e4 puuterikoostumus, joka lis\u00e4\u00e4 terveen, auringonsuudelman tunteen mille tahansa iholle. Bronser on rikastettu rauhoittavalla ja ravitseva jojoba\u00f6ljyll\u00e4, joka pit\u00e4\u00e4 ihon pehme\u00e4n\u00e4, joustavana ja terveen\u00e4. N\u00e4m\u00e4 bronzerit eiv\u00e4t sis\u00e4ll\u00e4 talkkia ja parabeenia ja sopivat kaikille ihotyypeille ja ;rh&aring;landille.<\/p>\n","protected":false},"featured_media":115801,"comment_status":"open","ping_status":"closed","template":"","meta":{"_trash_the_other_posts":false},"product_brand":[],"product_cat":[659],"product_tag":[],"berocket_brand":[1113],"class_list":{"0":"post-115803","1":"product","2":"type-product","3":"status-publish","4":"has-post-thumbnail","6":"product_cat-pronssi","7":"pa_brand-bellapierre","8":"berocket_brand-bellapierre","10":"first","11":"instock","12":"sale","13":"taxable","14":"shipping-taxable","15":"purchasable","16":"product-type-simple"},"_links":{"self":[{"href":"https:\/\/stylingagenten.com\/fi\/wp-json\/wp\/v2\/product\/115803","targetHints":{"allow":["GET"]}}],"collection":[{"href":"https:\/\/stylingagenten.com\/fi\/wp-json\/wp\/v2\/product"}],"about":[{"href":"https:\/\/stylingagenten.com\/fi\/wp-json\/wp\/v2\/types\/product"}],"replies":[{"embeddable":true,"href":"https:\/\/stylingagenten.com\/fi\/wp-json\/wp\/v2\/comments?post=115803"}],"version-history":[{"count":0,"href":"https:\/\/stylingagenten.com\/fi\/wp-json\/wp\/v2\/product\/115803\/revisions"}],"wp:featuredmedia":[{"embeddable":true,"href":"https:\/\/stylingagenten.com\/fi\/wp-json\/wp\/v2\/media\/115801"}],"wp:attachment":[{"href":"https:\/\/stylingagenten.com\/fi\/wp-json\/wp\/v2\/media?parent=115803"}],"wp:term":[{"taxonomy":"product_brand","embeddable":true,"href":"https:\/\/stylingagenten.com\/fi\/wp-json\/wp\/v2\/product_brand?post=115803"},{"taxonomy":"product_cat","embeddable":true,"href":"https:\/\/stylingagenten.com\/fi\/wp-json\/wp\/v2\/product_cat?post=115803"},{"taxonomy":"product_tag","embeddable":true,"href":"https:\/\/stylingagenten.com\/fi\/wp-json\/wp\/v2\/product_tag?post=115803"},{"taxonomy":"berocket_brand","embeddable":true,"href":"https:\/\/stylingagenten.com\/fi\/wp-json\/wp\/v2\/berocket_brand?post=115803"}],"curies":[{"name":"wp","href":"https:\/\/api.w.org\/{rel}","templated":true}]}}