{"id":115793,"date":"2025-05-18T21:14:51","date_gmt":"2025-05-18T21:14:51","guid":{"rendered":"https:\/\/staging2.stylingagenten.com\/fi\/produkt\/wet-n-wild-color-icon-bronzer-palm-beach-ready\/"},"modified":"2026-02-04T07:56:52","modified_gmt":"2026-02-04T07:56:52","slug":"wet-n-wild-color-icon-bronzer-palm-beach-ready","status":"publish","type":"product","link":"https:\/\/stylingagenten.com\/fi\/tuote\/wet-n-wild-color-icon-bronzer-palm-beach-ready\/","title":{"rendered":"Wet n Wild Color Icon Bronzer Palm Beach Ready"},"content":{"rendered":"<p>Wet n Wild&reg; V\u00e4rikuvake&trade; Pronssiv\u00e4rej\u00e4 on nelj\u00e4ss\u00e4 upeassa s\u00e4vyss\u00e4, jotka antavat kauniisti pronssisoituneen ja aurinkoisen ilmeen ymp\u00e4ri vuoden.<br \/>Sis\u00e4lt\u00e4\u00e4 helmi\u00e4ispigmenttej\u00e4. kullanruskea kiilto. Uuden geelivoidekoostumuksen ansiosta iho saa luonnollisen auringon hehkun.<br \/>Saatavana 4 s\u00e4vy\u00e4, cruelty-free, gluteeniton, hajusteeton ja vegaaninen s\u00e4vy. Kaikki wet n wild -tuotteet ovat cruelty-vapaita ja PETA-hyv\u00e4ksyttyj\u00e4!<\/p>\n","protected":false},"excerpt":{"rendered":"<p>Wet n Wild&reg; V\u00e4rikuvake&trade; Pronssiv\u00e4rej\u00e4 on nelj\u00e4ss\u00e4 upeassa s\u00e4vyss\u00e4, jotka antavat kauniisti pronssisoituneen ja aurinkoisen ilmeen ymp\u00e4ri vuoden.Sis\u00e4lt\u00e4\u00e4 helmi\u00e4ispigmenttej\u00e4. kullanruskea kiilto. Uuden geelivoidekoostumuksen ansiosta iho saa luonnollisen auringon hehkun.Saatavana 4 s\u00e4vy\u00e4, cruelty-free, gluteeniton, hajusteeton ja vegaaninen s\u00e4vy. Kaikki wet n wild -tuotteet ovat cruelty-vapaita ja PETA-hyv\u00e4ksyttyj\u00e4!<\/p>\n","protected":false},"featured_media":115782,"comment_status":"open","ping_status":"closed","template":"","meta":{"_trash_the_other_posts":false},"product_brand":[],"product_cat":[659],"product_tag":[4086],"berocket_brand":[1035],"class_list":{"0":"post-115793","1":"product","2":"type-product","3":"status-publish","4":"has-post-thumbnail","6":"product_cat-pronssi","7":"product_tag-wet-n-wild-color-icon-bronzer","8":"pa_brand-wet-n-wild","9":"pa_variantti-palm-beach-ready","10":"berocket_brand-wet-n-wild","12":"first","13":"instock","14":"sale","15":"taxable","16":"shipping-taxable","17":"purchasable","18":"product-type-simple"},"_links":{"self":[{"href":"https:\/\/stylingagenten.com\/fi\/wp-json\/wp\/v2\/product\/115793","targetHints":{"allow":["GET"]}}],"collection":[{"href":"https:\/\/stylingagenten.com\/fi\/wp-json\/wp\/v2\/product"}],"about":[{"href":"https:\/\/stylingagenten.com\/fi\/wp-json\/wp\/v2\/types\/product"}],"replies":[{"embeddable":true,"href":"https:\/\/stylingagenten.com\/fi\/wp-json\/wp\/v2\/comments?post=115793"}],"version-history":[{"count":0,"href":"https:\/\/stylingagenten.com\/fi\/wp-json\/wp\/v2\/product\/115793\/revisions"}],"wp:featuredmedia":[{"embeddable":true,"href":"https:\/\/stylingagenten.com\/fi\/wp-json\/wp\/v2\/media\/115782"}],"wp:attachment":[{"href":"https:\/\/stylingagenten.com\/fi\/wp-json\/wp\/v2\/media?parent=115793"}],"wp:term":[{"taxonomy":"product_brand","embeddable":true,"href":"https:\/\/stylingagenten.com\/fi\/wp-json\/wp\/v2\/product_brand?post=115793"},{"taxonomy":"product_cat","embeddable":true,"href":"https:\/\/stylingagenten.com\/fi\/wp-json\/wp\/v2\/product_cat?post=115793"},{"taxonomy":"product_tag","embeddable":true,"href":"https:\/\/stylingagenten.com\/fi\/wp-json\/wp\/v2\/product_tag?post=115793"},{"taxonomy":"berocket_brand","embeddable":true,"href":"https:\/\/stylingagenten.com\/fi\/wp-json\/wp\/v2\/berocket_brand?post=115793"}],"curies":[{"name":"wp","href":"https:\/\/api.w.org\/{rel}","templated":true}]}}