{"id":115740,"date":"2025-05-18T21:14:44","date_gmt":"2025-05-18T21:14:44","guid":{"rendered":"https:\/\/staging2.stylingagenten.com\/fi\/produkt\/nuxe-poudre-eclat-prodigieux-multi-usage-compact-bronzing-powder\/"},"modified":"2025-11-19T11:29:09","modified_gmt":"2025-11-19T11:29:09","slug":"nuxe-poudre-eclat-prodigieux-multi-usage-compact-bronzing-powder","status":"publish","type":"product","link":"https:\/\/stylingagenten.com\/fi\/tuote\/nuxe-poudre-eclat-prodigieux-multi-usage-compact-bronzing-powder\/","title":{"rendered":"Nuxe Poudre Eclat Prodigieux Multi-Usage Compact Bronzing Powder"},"content":{"rendered":"<p>Nuxe Multi-Usage Compact Bronzing Powder on jasmiinikukkaa sis\u00e4lt\u00e4v\u00e4 bronzer sek\u00e4 vartalolle ett\u00e4 kasvoille.<br \/>Elvytt\u00e4\u00e4 rusketusta ja antaa ihollesi kauniin auringonsuudelman hehkun. Hieno, ilmava koostumus korjaa kuivaa ihoa ja juonteita.<\/p>\n","protected":false},"excerpt":{"rendered":"<p>Nuxe Multi-Usage Compact Bronzing Powder on jasmiinikukkaa sis\u00e4lt\u00e4v\u00e4 bronzer sek\u00e4 vartalolle ett\u00e4 kasvoille.Elvytt\u00e4\u00e4 rusketusta ja antaa ihollesi kauniin auringonsuudelman hehkun. Hieno, ilmava koostumus korjaa kuivaa ihoa ja juonteita.<\/p>\n","protected":false},"featured_media":115732,"comment_status":"open","ping_status":"closed","template":"","meta":{"_trash_the_other_posts":false},"product_brand":[],"product_cat":[659],"product_tag":[],"berocket_brand":[1024],"class_list":{"0":"post-115740","1":"product","2":"type-product","3":"status-publish","4":"has-post-thumbnail","6":"product_cat-pronssi","7":"pa_brand-nuxe","8":"berocket_brand-nuxe","10":"first","11":"outofstock","12":"sale","13":"taxable","14":"shipping-taxable","15":"purchasable","16":"product-type-simple"},"_links":{"self":[{"href":"https:\/\/stylingagenten.com\/fi\/wp-json\/wp\/v2\/product\/115740","targetHints":{"allow":["GET"]}}],"collection":[{"href":"https:\/\/stylingagenten.com\/fi\/wp-json\/wp\/v2\/product"}],"about":[{"href":"https:\/\/stylingagenten.com\/fi\/wp-json\/wp\/v2\/types\/product"}],"replies":[{"embeddable":true,"href":"https:\/\/stylingagenten.com\/fi\/wp-json\/wp\/v2\/comments?post=115740"}],"version-history":[{"count":0,"href":"https:\/\/stylingagenten.com\/fi\/wp-json\/wp\/v2\/product\/115740\/revisions"}],"wp:featuredmedia":[{"embeddable":true,"href":"https:\/\/stylingagenten.com\/fi\/wp-json\/wp\/v2\/media\/115732"}],"wp:attachment":[{"href":"https:\/\/stylingagenten.com\/fi\/wp-json\/wp\/v2\/media?parent=115740"}],"wp:term":[{"taxonomy":"product_brand","embeddable":true,"href":"https:\/\/stylingagenten.com\/fi\/wp-json\/wp\/v2\/product_brand?post=115740"},{"taxonomy":"product_cat","embeddable":true,"href":"https:\/\/stylingagenten.com\/fi\/wp-json\/wp\/v2\/product_cat?post=115740"},{"taxonomy":"product_tag","embeddable":true,"href":"https:\/\/stylingagenten.com\/fi\/wp-json\/wp\/v2\/product_tag?post=115740"},{"taxonomy":"berocket_brand","embeddable":true,"href":"https:\/\/stylingagenten.com\/fi\/wp-json\/wp\/v2\/berocket_brand?post=115740"}],"curies":[{"name":"wp","href":"https:\/\/api.w.org\/{rel}","templated":true}]}}