{"id":115717,"date":"2025-05-18T21:14:40","date_gmt":"2025-05-18T21:14:40","guid":{"rendered":"https:\/\/staging2.stylingagenten.com\/fi\/produkt\/kokie-matte-bronzer-heatwave\/"},"modified":"2026-02-09T21:16:47","modified_gmt":"2026-02-09T21:16:47","slug":"kokie-matte-bronzer-heatwave","status":"publish","type":"product","link":"https:\/\/stylingagenten.com\/fi\/tuote\/kokie-matte-bronzer-heatwave\/","title":{"rendered":"Kokie Matte Bronzer &#8211; Heatwave"},"content":{"rendered":"<p>Hankinta; aurinkoinen look, joka kest\u00e4\u00e4 koko p\u00e4iv\u00e4n t\u00e4ll\u00e4 Kokie Cosmeticsin sekoittuvalla, mattapintaisella bronzerilla. <br \/>Rikkaiden pigmenttien ansiosta halutuille alueille on helppo lis\u00e4t\u00e4 syvyytt\u00e4 ja l\u00e4mp\u00f6\u00e4. <\/p>\n<p>Valitse nelj\u00e4st\u00e4 s\u00e4vyst\u00e4!<br \/>Sunlit Peach<br \/>Stay Golden<br \/>Heatwave<br \/>Sol Tan<\/p>\n","protected":false},"excerpt":{"rendered":"<p>Hankinta; aurinkoinen look, joka kest\u00e4\u00e4 koko p\u00e4iv\u00e4n t\u00e4ll\u00e4 Kokie Cosmeticsin sekoittuvalla, mattapintaisella bronzerilla. Rikkaiden pigmenttien ansiosta halutuille alueille on helppo lis\u00e4t\u00e4 syvyytt\u00e4 ja l\u00e4mp\u00f6\u00e4. Valitse nelj\u00e4st\u00e4 s\u00e4vyst\u00e4!Sunlit PeachStay GoldenHeatwaveSol Tan<\/p>\n","protected":false},"featured_media":115715,"comment_status":"open","ping_status":"closed","template":"","meta":{"_trash_the_other_posts":false},"product_brand":[],"product_cat":[659],"product_tag":[3155],"berocket_brand":[1198],"class_list":{"0":"post-115717","1":"product","2":"type-product","3":"status-publish","4":"has-post-thumbnail","6":"product_cat-pronssi","7":"product_tag-kokie-matte-bronzer","8":"pa_brand-kokie-cosmetics","9":"pa_variantti-heatwave","10":"berocket_brand-kokie-cosmetics","12":"first","13":"instock","14":"sale","15":"taxable","16":"shipping-taxable","17":"purchasable","18":"product-type-simple"},"_links":{"self":[{"href":"https:\/\/stylingagenten.com\/fi\/wp-json\/wp\/v2\/product\/115717","targetHints":{"allow":["GET"]}}],"collection":[{"href":"https:\/\/stylingagenten.com\/fi\/wp-json\/wp\/v2\/product"}],"about":[{"href":"https:\/\/stylingagenten.com\/fi\/wp-json\/wp\/v2\/types\/product"}],"replies":[{"embeddable":true,"href":"https:\/\/stylingagenten.com\/fi\/wp-json\/wp\/v2\/comments?post=115717"}],"version-history":[{"count":0,"href":"https:\/\/stylingagenten.com\/fi\/wp-json\/wp\/v2\/product\/115717\/revisions"}],"wp:featuredmedia":[{"embeddable":true,"href":"https:\/\/stylingagenten.com\/fi\/wp-json\/wp\/v2\/media\/115715"}],"wp:attachment":[{"href":"https:\/\/stylingagenten.com\/fi\/wp-json\/wp\/v2\/media?parent=115717"}],"wp:term":[{"taxonomy":"product_brand","embeddable":true,"href":"https:\/\/stylingagenten.com\/fi\/wp-json\/wp\/v2\/product_brand?post=115717"},{"taxonomy":"product_cat","embeddable":true,"href":"https:\/\/stylingagenten.com\/fi\/wp-json\/wp\/v2\/product_cat?post=115717"},{"taxonomy":"product_tag","embeddable":true,"href":"https:\/\/stylingagenten.com\/fi\/wp-json\/wp\/v2\/product_tag?post=115717"},{"taxonomy":"berocket_brand","embeddable":true,"href":"https:\/\/stylingagenten.com\/fi\/wp-json\/wp\/v2\/berocket_brand?post=115717"}],"curies":[{"name":"wp","href":"https:\/\/api.w.org\/{rel}","templated":true}]}}