{"id":115673,"date":"2025-05-18T21:14:34","date_gmt":"2025-05-18T21:14:34","guid":{"rendered":"https:\/\/staging2.stylingagenten.com\/fi\/produkt\/max-factor-facefinity-powder-bronzer-01-light-bronze\/"},"modified":"2026-04-10T05:08:27","modified_gmt":"2026-04-10T05:08:27","slug":"max-factor-facefinity-powder-bronzer-01-light-bronze","status":"publish","type":"product","link":"https:\/\/stylingagenten.com\/fi\/tuote\/max-factor-facefinity-powder-bronzer-01-light-bronze\/","title":{"rendered":"Max Factor Facefinity Powder Bronzer 01 Light Bronze"},"content":{"rendered":"<p>Max Factorin Facefinity Bronzer on aurinkopuuteri, joka antaa luonnollisen aurinkosuukon ja mattav\u00e4rin. Voidaan k\u00e4ytt\u00e4\u00e4 sek\u00e4 kasvoille ett\u00e4 dekolteelle. Facefinity Bronzerilla on kompakti koostumus, joka sopii kaikille ihon s\u00e4vyille. Levit\u00e4 aurinkopuuteria pitkin kasvojen muotoja, jotta saat l\u00e4mpim\u00e4n kuvanveiston.<\/p>\n<p>-Mattea kompakti aurinkopuuteri<br \/>-Pehme\u00e4 samettinen rakenne<br \/>-Sopii kaikille ihotyypeille<\/p>\n<p>Levit\u00e4 pitkin kasvojen \u00e4\u00e4riviivat l\u00e4mpim\u00e4\u00e4n kuvanveistoon. K\u00e4yt\u00e4 puuteria tai poskipunasivellint\u00e4 saadaksesi pehme\u00e4n ja luonnollisen lopputuloksen. Bronzer sopii parhaiten meikkivoiteen p\u00e4\u00e4lle kerroksittain tai tasoituspuuteriin pohjaksi.<br \/>Max Factorin meikkitaiteilijan vinkki: mattapintaiset ja pehme\u00e4t bronzerit l\u00e4mpimiss\u00e4 s\u00e4vyiss\u00e4 luomaan auringonpaisteisen lookin. Levit\u00e4 3:n muodossa alkaen temppelist\u00e4 alas leukaan, jotta kasvot kehyst\u00e4v\u00e4t pehme\u00e4sti.<\/p>\n","protected":false},"excerpt":{"rendered":"<p>Max Factorin Facefinity Bronzer on aurinkopuuteri, joka antaa luonnollisen aurinkosuukon ja mattav\u00e4rin. Voidaan k\u00e4ytt\u00e4\u00e4 sek\u00e4 kasvoille ett\u00e4 dekolteelle. Facefinity Bronzerilla on kompakti koostumus, joka sopii kaikille ihon s\u00e4vyille. Levit\u00e4 aurinkopuuteria pitkin kasvojen muotoja, jotta saat l\u00e4mpim\u00e4n kuvanveiston. -Mattea kompakti aurinkopuuteri-Pehme\u00e4 samettinen rakenne-Sopii kaikille ihotyypeille Levit\u00e4 pitkin kasvojen \u00e4\u00e4riviivat l\u00e4mpim\u00e4\u00e4n kuvanveistoon. K\u00e4yt\u00e4 puuteria tai poskipunasivellint\u00e4 saadaksesi [&hellip;]<\/p>\n","protected":false},"featured_media":115670,"comment_status":"open","ping_status":"closed","template":"","meta":{"_trash_the_other_posts":false},"product_brand":[],"product_cat":[659],"product_tag":[3479],"berocket_brand":[1013],"class_list":{"0":"post-115673","1":"product","2":"type-product","3":"status-publish","4":"has-post-thumbnail","6":"product_cat-pronssi","7":"product_tag-max-factor-facefinity-powder-bronzer","8":"pa_brand-max-factor","9":"pa_variantti-01-light-bronze","10":"berocket_brand-max-factor","12":"first","13":"instock","14":"sale","15":"taxable","16":"shipping-taxable","17":"purchasable","18":"product-type-simple"},"_links":{"self":[{"href":"https:\/\/stylingagenten.com\/fi\/wp-json\/wp\/v2\/product\/115673","targetHints":{"allow":["GET"]}}],"collection":[{"href":"https:\/\/stylingagenten.com\/fi\/wp-json\/wp\/v2\/product"}],"about":[{"href":"https:\/\/stylingagenten.com\/fi\/wp-json\/wp\/v2\/types\/product"}],"replies":[{"embeddable":true,"href":"https:\/\/stylingagenten.com\/fi\/wp-json\/wp\/v2\/comments?post=115673"}],"version-history":[{"count":0,"href":"https:\/\/stylingagenten.com\/fi\/wp-json\/wp\/v2\/product\/115673\/revisions"}],"wp:featuredmedia":[{"embeddable":true,"href":"https:\/\/stylingagenten.com\/fi\/wp-json\/wp\/v2\/media\/115670"}],"wp:attachment":[{"href":"https:\/\/stylingagenten.com\/fi\/wp-json\/wp\/v2\/media?parent=115673"}],"wp:term":[{"taxonomy":"product_brand","embeddable":true,"href":"https:\/\/stylingagenten.com\/fi\/wp-json\/wp\/v2\/product_brand?post=115673"},{"taxonomy":"product_cat","embeddable":true,"href":"https:\/\/stylingagenten.com\/fi\/wp-json\/wp\/v2\/product_cat?post=115673"},{"taxonomy":"product_tag","embeddable":true,"href":"https:\/\/stylingagenten.com\/fi\/wp-json\/wp\/v2\/product_tag?post=115673"},{"taxonomy":"berocket_brand","embeddable":true,"href":"https:\/\/stylingagenten.com\/fi\/wp-json\/wp\/v2\/berocket_brand?post=115673"}],"curies":[{"name":"wp","href":"https:\/\/api.w.org\/{rel}","templated":true}]}}