{"id":115642,"date":"2025-05-18T21:14:28","date_gmt":"2025-05-18T21:14:28","guid":{"rendered":"https:\/\/staging2.stylingagenten.com\/fi\/produkt\/artdeco-bronzing-powder-compact-50-almond-10g\/"},"modified":"2026-04-09T18:27:28","modified_gmt":"2026-04-09T18:27:28","slug":"artdeco-bronzing-powder-compact-50-almond-10g","status":"publish","type":"product","link":"https:\/\/stylingagenten.com\/fi\/tuote\/artdeco-bronzing-powder-compact-50-almond-10g\/","title":{"rendered":"Artdeco Bronzing Powder Compact 50 Almond 10g"},"content":{"rendered":"<p>Artdeco Bronzing Powder Compact 50 Manteli 10 g<br \/>Ole selfie-valmis hetkess\u00e4! Bronzing Powder Compact Long-Lasting on kaksiomainen bronzer, joka luo \u00e4\u00e4rimm\u00e4isen luonnollisen ja raikkaan lomailmeen hetkess\u00e4. Ihana aurinkodesign ja ylellinen pronssipakkaus saavat sinut kaipaamaan kes\u00e4\u00e4.<\/p>\n<p>&#8211; Duobronzer<br \/>&#8211; Raikas auringonpaiste<br \/>&#8211; Ihastuttava aurinkodesign ja ylellinen pronssipakkaus<\/p>\n","protected":false},"excerpt":{"rendered":"<p>Artdeco Bronzing Powder Compact 50 Manteli 10 gOle selfie-valmis hetkess\u00e4! Bronzing Powder Compact Long-Lasting on kaksiomainen bronzer, joka luo \u00e4\u00e4rimm\u00e4isen luonnollisen ja raikkaan lomailmeen hetkess\u00e4. Ihana aurinkodesign ja ylellinen pronssipakkaus saavat sinut kaipaamaan kes\u00e4\u00e4. &#8211; Duobronzer&#8211; Raikas auringonpaiste&#8211; Ihastuttava aurinkodesign ja ylellinen pronssipakkaus<\/p>\n","protected":false},"featured_media":115641,"comment_status":"open","ping_status":"closed","template":"","meta":{"_trash_the_other_posts":false},"product_brand":[],"product_cat":[659],"product_tag":[],"berocket_brand":[1385],"class_list":{"0":"post-115642","1":"product","2":"type-product","3":"status-publish","4":"has-post-thumbnail","6":"product_cat-pronssi","7":"pa_brand-artdeco","8":"berocket_brand-artdeco","10":"first","11":"instock","12":"sale","13":"taxable","14":"shipping-taxable","15":"purchasable","16":"product-type-simple"},"_links":{"self":[{"href":"https:\/\/stylingagenten.com\/fi\/wp-json\/wp\/v2\/product\/115642","targetHints":{"allow":["GET"]}}],"collection":[{"href":"https:\/\/stylingagenten.com\/fi\/wp-json\/wp\/v2\/product"}],"about":[{"href":"https:\/\/stylingagenten.com\/fi\/wp-json\/wp\/v2\/types\/product"}],"replies":[{"embeddable":true,"href":"https:\/\/stylingagenten.com\/fi\/wp-json\/wp\/v2\/comments?post=115642"}],"version-history":[{"count":0,"href":"https:\/\/stylingagenten.com\/fi\/wp-json\/wp\/v2\/product\/115642\/revisions"}],"wp:featuredmedia":[{"embeddable":true,"href":"https:\/\/stylingagenten.com\/fi\/wp-json\/wp\/v2\/media\/115641"}],"wp:attachment":[{"href":"https:\/\/stylingagenten.com\/fi\/wp-json\/wp\/v2\/media?parent=115642"}],"wp:term":[{"taxonomy":"product_brand","embeddable":true,"href":"https:\/\/stylingagenten.com\/fi\/wp-json\/wp\/v2\/product_brand?post=115642"},{"taxonomy":"product_cat","embeddable":true,"href":"https:\/\/stylingagenten.com\/fi\/wp-json\/wp\/v2\/product_cat?post=115642"},{"taxonomy":"product_tag","embeddable":true,"href":"https:\/\/stylingagenten.com\/fi\/wp-json\/wp\/v2\/product_tag?post=115642"},{"taxonomy":"berocket_brand","embeddable":true,"href":"https:\/\/stylingagenten.com\/fi\/wp-json\/wp\/v2\/berocket_brand?post=115642"}],"curies":[{"name":"wp","href":"https:\/\/api.w.org\/{rel}","templated":true}]}}