{"id":115614,"date":"2025-05-18T21:14:24","date_gmt":"2025-05-18T21:14:24","guid":{"rendered":"https:\/\/staging2.stylingagenten.com\/fi\/produkt\/britney-spears-midnight-fantasy-fine-fragrance-mist-236ml\/"},"modified":"2026-04-03T08:08:30","modified_gmt":"2026-04-03T08:08:30","slug":"britney-spears-midnight-fantasy-fine-fragrance-mist-236ml","status":"publish","type":"product","link":"https:\/\/stylingagenten.com\/fi\/tuote\/britney-spears-midnight-fantasy-fine-fragrance-mist-236ml\/","title":{"rendered":"Britney Spears Midnight Fantasy Fine Fragrance Mist 236ml"},"content":{"rendered":"<p>Britney Spears Midnight Fantasy Fine Fragrance Mist on vartalosumu, joka antaa miedomman tuoksun, mutta jonka koostumus on sama kuin hajuvedell\u00e4.<\/p>\n<p>Britney Spears Midnight Fantasy on l\u00e4mmin ja ilkikurinen tuoksu, jonka aromit ovat orkideaa ja herkki\u00e4. ;, freesia, iiris, ambra, myski ja vanilja antavat eritt\u00e4in makean tunteen, joka tuo mieleen tuoreet karamellit.<br \/><strong>Tuoksutuoksu:<\/strong> vadelma, luumu, mustaherukka ;rsb&auml;r, freesia, iiris , y\u00f6orkidea&eacute;, vanilja, myski &amp; keltainen.<\/p>\n","protected":false},"excerpt":{"rendered":"<p>Britney Spears Midnight Fantasy Fine Fragrance Mist on vartalosumu, joka antaa miedomman tuoksun, mutta jonka koostumus on sama kuin hajuvedell\u00e4. Britney Spears Midnight Fantasy on l\u00e4mmin ja ilkikurinen tuoksu, jonka aromit ovat orkideaa ja herkki\u00e4. ;, freesia, iiris, ambra, myski ja vanilja antavat eritt\u00e4in makean tunteen, joka tuo mieleen tuoreet karamellit.Tuoksutuoksu: vadelma, luumu, mustaherukka ;rsb&auml;r, [&hellip;]<\/p>\n","protected":false},"featured_media":115606,"comment_status":"open","ping_status":"closed","template":"","meta":{"_trash_the_other_posts":false},"product_brand":[],"product_cat":[585,768,999,1003,735],"product_tag":[],"berocket_brand":[1031],"class_list":{"0":"post-115614","1":"product","2":"type-product","3":"status-publish","4":"has-post-thumbnail","6":"product_cat-bodymist-naiset","7":"product_cat-britney-spears-midnight","8":"product_cat-kampanjatarjous-naiselle","9":"product_cat-myydyimmat","10":"product_cat-kampanjamme","11":"pa_brand-britney-spears","12":"berocket_brand-britney-spears","14":"first","15":"instock","16":"sale","17":"taxable","18":"shipping-taxable","19":"purchasable","20":"product-type-simple"},"_links":{"self":[{"href":"https:\/\/stylingagenten.com\/fi\/wp-json\/wp\/v2\/product\/115614","targetHints":{"allow":["GET"]}}],"collection":[{"href":"https:\/\/stylingagenten.com\/fi\/wp-json\/wp\/v2\/product"}],"about":[{"href":"https:\/\/stylingagenten.com\/fi\/wp-json\/wp\/v2\/types\/product"}],"replies":[{"embeddable":true,"href":"https:\/\/stylingagenten.com\/fi\/wp-json\/wp\/v2\/comments?post=115614"}],"version-history":[{"count":0,"href":"https:\/\/stylingagenten.com\/fi\/wp-json\/wp\/v2\/product\/115614\/revisions"}],"wp:featuredmedia":[{"embeddable":true,"href":"https:\/\/stylingagenten.com\/fi\/wp-json\/wp\/v2\/media\/115606"}],"wp:attachment":[{"href":"https:\/\/stylingagenten.com\/fi\/wp-json\/wp\/v2\/media?parent=115614"}],"wp:term":[{"taxonomy":"product_brand","embeddable":true,"href":"https:\/\/stylingagenten.com\/fi\/wp-json\/wp\/v2\/product_brand?post=115614"},{"taxonomy":"product_cat","embeddable":true,"href":"https:\/\/stylingagenten.com\/fi\/wp-json\/wp\/v2\/product_cat?post=115614"},{"taxonomy":"product_tag","embeddable":true,"href":"https:\/\/stylingagenten.com\/fi\/wp-json\/wp\/v2\/product_tag?post=115614"},{"taxonomy":"berocket_brand","embeddable":true,"href":"https:\/\/stylingagenten.com\/fi\/wp-json\/wp\/v2\/berocket_brand?post=115614"}],"curies":[{"name":"wp","href":"https:\/\/api.w.org\/{rel}","templated":true}]}}