{"id":115517,"date":"2025-05-18T21:14:06","date_gmt":"2025-05-18T21:14:06","guid":{"rendered":"https:\/\/staging2.stylingagenten.com\/fi\/produkt\/lui-jou-sweet-carnation-fragrance-mist-200ml\/"},"modified":"2026-03-11T21:47:15","modified_gmt":"2026-03-11T21:47:15","slug":"lui-jou-sweet-carnation-fragrance-mist-200ml","status":"publish","type":"product","link":"https:\/\/stylingagenten.com\/fi\/tuote\/lui-jou-sweet-carnation-fragrance-mist-200ml\/","title":{"rendered":"Lui Jou Sweet Carnation Fragrance Mist 200ml"},"content":{"rendered":"<p>Mausteinen mutta makea kukka, joka ilahduttaa aisteja inspiroimalla ihmeit\u00e4 ja iloa. <\/p>\n<p>Sweet Carnation on kiehtova ja ikoninen tuoksu, kuten sen nimikin. Mehukkaiden p\u00e4\u00e4ryn\u00f6iden, punaisten hedelmien yl\u00e4tuoksu ja mustaherukoiden samettinen kosketus ajavat tuoksua ja j\u00e4tt\u00e4v\u00e4t sen herk\u00e4sti intensiiviseksi. Kehittyv\u00e4t ja v\u00e4hitellen rikastuvat syd\u00e4ntuoksut yhdistyv\u00e4t, mausteinen neilikka yhdistyy pionin, ruusun, jasmiinin ja kielon hedelm\u00e4isiin syd\u00e4ntuoksuihin. Ihastuttavassa pohjatuoksussa yhdistyv\u00e4t intialainen santelipuu ja myski.<\/p>\n<p>Ikoninen. Aistillinen. Yl\u00e4tuoksu: P\u00e4\u00e4ryn\u00e4, Calabrian bergamotti, punaiset hedelm\u00e4t, mustaherukka<br \/>Syd\u00e4ntuoksu: pioni, ruusu, intialainen jasmiini, kielo, neilikka<br \/>Pohjatuoksu: intialainen santelipuu, myski<\/p>\n","protected":false},"excerpt":{"rendered":"<p>Mausteinen mutta makea kukka, joka ilahduttaa aisteja inspiroimalla ihmeit\u00e4 ja iloa. Sweet Carnation on kiehtova ja ikoninen tuoksu, kuten sen nimikin. Mehukkaiden p\u00e4\u00e4ryn\u00f6iden, punaisten hedelmien yl\u00e4tuoksu ja mustaherukoiden samettinen kosketus ajavat tuoksua ja j\u00e4tt\u00e4v\u00e4t sen herk\u00e4sti intensiiviseksi. Kehittyv\u00e4t ja v\u00e4hitellen rikastuvat syd\u00e4ntuoksut yhdistyv\u00e4t, mausteinen neilikka yhdistyy pionin, ruusun, jasmiinin ja kielon hedelm\u00e4isiin syd\u00e4ntuoksuihin. Ihastuttavassa pohjatuoksussa [&hellip;]<\/p>\n","protected":false},"featured_media":115515,"comment_status":"open","ping_status":"closed","template":"","meta":{"_trash_the_other_posts":false},"product_brand":[],"product_cat":[585,999,735],"product_tag":[],"berocket_brand":[1377],"class_list":{"0":"post-115517","1":"product","2":"type-product","3":"status-publish","4":"has-post-thumbnail","6":"product_cat-bodymist-naiset","7":"product_cat-kampanjatarjous-naiselle","8":"product_cat-kampanjamme","9":"pa_brand-liu-jo","10":"berocket_brand-liu-jo","12":"first","13":"instock","14":"sale","15":"taxable","16":"shipping-taxable","17":"purchasable","18":"product-type-simple"},"_links":{"self":[{"href":"https:\/\/stylingagenten.com\/fi\/wp-json\/wp\/v2\/product\/115517","targetHints":{"allow":["GET"]}}],"collection":[{"href":"https:\/\/stylingagenten.com\/fi\/wp-json\/wp\/v2\/product"}],"about":[{"href":"https:\/\/stylingagenten.com\/fi\/wp-json\/wp\/v2\/types\/product"}],"replies":[{"embeddable":true,"href":"https:\/\/stylingagenten.com\/fi\/wp-json\/wp\/v2\/comments?post=115517"}],"version-history":[{"count":0,"href":"https:\/\/stylingagenten.com\/fi\/wp-json\/wp\/v2\/product\/115517\/revisions"}],"wp:featuredmedia":[{"embeddable":true,"href":"https:\/\/stylingagenten.com\/fi\/wp-json\/wp\/v2\/media\/115515"}],"wp:attachment":[{"href":"https:\/\/stylingagenten.com\/fi\/wp-json\/wp\/v2\/media?parent=115517"}],"wp:term":[{"taxonomy":"product_brand","embeddable":true,"href":"https:\/\/stylingagenten.com\/fi\/wp-json\/wp\/v2\/product_brand?post=115517"},{"taxonomy":"product_cat","embeddable":true,"href":"https:\/\/stylingagenten.com\/fi\/wp-json\/wp\/v2\/product_cat?post=115517"},{"taxonomy":"product_tag","embeddable":true,"href":"https:\/\/stylingagenten.com\/fi\/wp-json\/wp\/v2\/product_tag?post=115517"},{"taxonomy":"berocket_brand","embeddable":true,"href":"https:\/\/stylingagenten.com\/fi\/wp-json\/wp\/v2\/berocket_brand?post=115517"}],"curies":[{"name":"wp","href":"https:\/\/api.w.org\/{rel}","templated":true}]}}