{"id":115503,"date":"2025-05-18T21:14:04","date_gmt":"2025-05-18T21:14:04","guid":{"rendered":"https:\/\/staging2.stylingagenten.com\/fi\/produkt\/ida-warg-feeling-clean-hair-mist-100ml\/"},"modified":"2026-03-22T07:07:34","modified_gmt":"2026-03-22T07:07:34","slug":"ida-warg-feeling-clean-hair-mist-100ml","status":"publish","type":"product","link":"https:\/\/stylingagenten.com\/fi\/tuote\/ida-warg-feeling-clean-hair-mist-100ml\/","title":{"rendered":"Ida Warg Feeling Clean Hair Mist 100ml"},"content":{"rendered":"<p>Virkist\u00e4v\u00e4 hiussumu aloe vera -uutteella, jolla on rauhoittava vaikutus hiuksiin ja p\u00e4\u00e4nahaan sek\u00e4 ravitsevia vitamiineja ja kivenn\u00e4isaineita, jotka vahvistavat v\u00e4syneit\u00e4 hiuksia. J\u00e4tt\u00e4\u00e4 hiukset raikkaiksi, kosteutettuiksi ja kiilt\u00e4viksi. Suihkuta kuiviin hiuksiin virkist\u00e4\u00e4ksesi hiuksia.<\/p>\n<p>Puhdas tuoksu, jossa on ripaus sitrusverbenaa<br \/>100 % vegaaninen<br \/>Cruelty-free<\/p>\n","protected":false},"excerpt":{"rendered":"<p>Virkist\u00e4v\u00e4 hiussumu aloe vera -uutteella, jolla on rauhoittava vaikutus hiuksiin ja p\u00e4\u00e4nahaan sek\u00e4 ravitsevia vitamiineja ja kivenn\u00e4isaineita, jotka vahvistavat v\u00e4syneit\u00e4 hiuksia. J\u00e4tt\u00e4\u00e4 hiukset raikkaiksi, kosteutettuiksi ja kiilt\u00e4viksi. Suihkuta kuiviin hiuksiin virkist\u00e4\u00e4ksesi hiuksia. Puhdas tuoksu, jossa on ripaus sitrusverbenaa100 % vegaaninenCruelty-free<\/p>\n","protected":false},"featured_media":115497,"comment_status":"open","ping_status":"closed","template":"","meta":{"_trash_the_other_posts":false},"product_brand":[],"product_cat":[585,999,735],"product_tag":[],"berocket_brand":[1346],"class_list":{"0":"post-115503","1":"product","2":"type-product","3":"status-publish","4":"has-post-thumbnail","6":"product_cat-bodymist-naiset","7":"product_cat-kampanjatarjous-naiselle","8":"product_cat-kampanjamme","9":"pa_brand-ida-warg","10":"berocket_brand-ida-warg","12":"first","13":"instock","14":"sale","15":"taxable","16":"shipping-taxable","17":"purchasable","18":"product-type-simple"},"_links":{"self":[{"href":"https:\/\/stylingagenten.com\/fi\/wp-json\/wp\/v2\/product\/115503","targetHints":{"allow":["GET"]}}],"collection":[{"href":"https:\/\/stylingagenten.com\/fi\/wp-json\/wp\/v2\/product"}],"about":[{"href":"https:\/\/stylingagenten.com\/fi\/wp-json\/wp\/v2\/types\/product"}],"replies":[{"embeddable":true,"href":"https:\/\/stylingagenten.com\/fi\/wp-json\/wp\/v2\/comments?post=115503"}],"version-history":[{"count":0,"href":"https:\/\/stylingagenten.com\/fi\/wp-json\/wp\/v2\/product\/115503\/revisions"}],"wp:featuredmedia":[{"embeddable":true,"href":"https:\/\/stylingagenten.com\/fi\/wp-json\/wp\/v2\/media\/115497"}],"wp:attachment":[{"href":"https:\/\/stylingagenten.com\/fi\/wp-json\/wp\/v2\/media?parent=115503"}],"wp:term":[{"taxonomy":"product_brand","embeddable":true,"href":"https:\/\/stylingagenten.com\/fi\/wp-json\/wp\/v2\/product_brand?post=115503"},{"taxonomy":"product_cat","embeddable":true,"href":"https:\/\/stylingagenten.com\/fi\/wp-json\/wp\/v2\/product_cat?post=115503"},{"taxonomy":"product_tag","embeddable":true,"href":"https:\/\/stylingagenten.com\/fi\/wp-json\/wp\/v2\/product_tag?post=115503"},{"taxonomy":"berocket_brand","embeddable":true,"href":"https:\/\/stylingagenten.com\/fi\/wp-json\/wp\/v2\/berocket_brand?post=115503"}],"curies":[{"name":"wp","href":"https:\/\/api.w.org\/{rel}","templated":true}]}}