{"id":115471,"date":"2025-05-18T21:13:59","date_gmt":"2025-05-18T21:13:59","guid":{"rendered":"https:\/\/staging2.stylingagenten.com\/fi\/produkt\/ariana-grande-ari-body-mist-236ml\/"},"modified":"2026-04-13T15:38:30","modified_gmt":"2026-04-13T15:38:30","slug":"ariana-grande-ari-body-mist-236ml","status":"publish","type":"product","link":"https:\/\/stylingagenten.com\/fi\/tuote\/ariana-grande-ari-body-mist-236ml\/","title":{"rendered":"Ariana Grande Ari Body Mist 236ml"},"content":{"rendered":"<p>T\u00e4m\u00e4 tuoksu on ARIANAlle hyvin henkil\u00f6kohtainen, ja se on saanut inspiraationsa h\u00e4nen omasta persoonallisuudestaan.<br \/>L\u00e4mmin, intohimoinen, ihana nuori nainen, joka ei ole liian monimutkainen. Ne, jotka tuntevat h\u00e4net parhaiten, kutsuvat h\u00e4nt\u00e4 ARI:ksi ja t\u00e4m\u00e4 on my\u00f6s h\u00e4nen ensimm\u00e4isen tuoksunsa nimi.<\/p>\n<p>ARI on herkullisen nuorekas ja pirte\u00e4 tuoksu. Kuohuvia hedelmi\u00e4 ja \u00e4\u00e4rimm\u00e4isen naisellista kukkasyd\u00e4nt\u00e4 tasapainottavat intohimoinen kermaisen myskin ja vaalean puun pohja.<br \/>Yl\u00e4tuoksu: greippi, vadelma, p\u00e4\u00e4ryn\u00e4<br \/>Syd\u00e4ntuoksu: Kielo, ruusu, vaniljaorkidea<br \/>Pohjatuoksu: vaahtokarkkeja, myski\u00e4, \u200b\u200bpuisia<\/p>\n","protected":false},"excerpt":{"rendered":"<p>T\u00e4m\u00e4 tuoksu on ARIANAlle hyvin henkil\u00f6kohtainen, ja se on saanut inspiraationsa h\u00e4nen omasta persoonallisuudestaan.L\u00e4mmin, intohimoinen, ihana nuori nainen, joka ei ole liian monimutkainen. Ne, jotka tuntevat h\u00e4net parhaiten, kutsuvat h\u00e4nt\u00e4 ARI:ksi ja t\u00e4m\u00e4 on my\u00f6s h\u00e4nen ensimm\u00e4isen tuoksunsa nimi. ARI on herkullisen nuorekas ja pirte\u00e4 tuoksu. Kuohuvia hedelmi\u00e4 ja \u00e4\u00e4rimm\u00e4isen naisellista kukkasyd\u00e4nt\u00e4 tasapainottavat intohimoinen kermaisen [&hellip;]<\/p>\n","protected":false},"featured_media":115470,"comment_status":"open","ping_status":"closed","template":"","meta":{"_trash_the_other_posts":false},"product_brand":[],"product_cat":[585,999,735],"product_tag":[],"berocket_brand":[1201],"class_list":{"0":"post-115471","1":"product","2":"type-product","3":"status-publish","4":"has-post-thumbnail","6":"product_cat-bodymist-naiset","7":"product_cat-kampanjatarjous-naiselle","8":"product_cat-kampanjamme","9":"pa_brand-ariana-grande","10":"berocket_brand-ariana-grande","12":"first","13":"instock","14":"sale","15":"taxable","16":"shipping-taxable","17":"purchasable","18":"product-type-simple"},"_links":{"self":[{"href":"https:\/\/stylingagenten.com\/fi\/wp-json\/wp\/v2\/product\/115471","targetHints":{"allow":["GET"]}}],"collection":[{"href":"https:\/\/stylingagenten.com\/fi\/wp-json\/wp\/v2\/product"}],"about":[{"href":"https:\/\/stylingagenten.com\/fi\/wp-json\/wp\/v2\/types\/product"}],"replies":[{"embeddable":true,"href":"https:\/\/stylingagenten.com\/fi\/wp-json\/wp\/v2\/comments?post=115471"}],"version-history":[{"count":0,"href":"https:\/\/stylingagenten.com\/fi\/wp-json\/wp\/v2\/product\/115471\/revisions"}],"wp:featuredmedia":[{"embeddable":true,"href":"https:\/\/stylingagenten.com\/fi\/wp-json\/wp\/v2\/media\/115470"}],"wp:attachment":[{"href":"https:\/\/stylingagenten.com\/fi\/wp-json\/wp\/v2\/media?parent=115471"}],"wp:term":[{"taxonomy":"product_brand","embeddable":true,"href":"https:\/\/stylingagenten.com\/fi\/wp-json\/wp\/v2\/product_brand?post=115471"},{"taxonomy":"product_cat","embeddable":true,"href":"https:\/\/stylingagenten.com\/fi\/wp-json\/wp\/v2\/product_cat?post=115471"},{"taxonomy":"product_tag","embeddable":true,"href":"https:\/\/stylingagenten.com\/fi\/wp-json\/wp\/v2\/product_tag?post=115471"},{"taxonomy":"berocket_brand","embeddable":true,"href":"https:\/\/stylingagenten.com\/fi\/wp-json\/wp\/v2\/berocket_brand?post=115471"}],"curies":[{"name":"wp","href":"https:\/\/api.w.org\/{rel}","templated":true}]}}