{"id":115461,"date":"2025-05-18T21:13:57","date_gmt":"2025-05-18T21:13:57","guid":{"rendered":"https:\/\/staging2.stylingagenten.com\/fi\/produkt\/samba-sweet-memories-body-mist-236ml\/"},"modified":"2026-03-11T21:48:22","modified_gmt":"2026-03-11T21:48:22","slug":"samba-sweet-memories-body-mist-236ml","status":"publish","type":"product","link":"https:\/\/stylingagenten.com\/fi\/tuote\/samba-sweet-memories-body-mist-236ml\/","title":{"rendered":"Samba Sweet Memories Body Mist 236ml"},"content":{"rendered":"<p>Sweet Memories on hedelm\u00e4inen, gourmand-tuoksu, joka avautuu appelsiinin, mandariinin ja mets\u00e4marjojen yl\u00e4tuoksuilla. T\u00e4m\u00e4 muuttuu kauniiksi syd\u00e4ntuoksuiksi tuoreella kookosvedell\u00e4 ja freesialla, pohja koostuu vaniljasta, valkoisesta meripihkasta ja makeasta karamellisoidusta sokerista.<\/p>\n<p>Alkutuoksu: Villimarjat, Appelsiini, Mandariini<br \/>Syd\u00e4ntuoksu: Kookosvesi, Freesia<br \/>Pohjatuoksu: valkoinen meripihka, karamellisoitu sokeri, vanilja<\/p>\n","protected":false},"excerpt":{"rendered":"<p>Sweet Memories on hedelm\u00e4inen, gourmand-tuoksu, joka avautuu appelsiinin, mandariinin ja mets\u00e4marjojen yl\u00e4tuoksuilla. T\u00e4m\u00e4 muuttuu kauniiksi syd\u00e4ntuoksuiksi tuoreella kookosvedell\u00e4 ja freesialla, pohja koostuu vaniljasta, valkoisesta meripihkasta ja makeasta karamellisoidusta sokerista. Alkutuoksu: Villimarjat, Appelsiini, MandariiniSyd\u00e4ntuoksu: Kookosvesi, FreesiaPohjatuoksu: valkoinen meripihka, karamellisoitu sokeri, vanilja<\/p>\n","protected":false},"featured_media":115458,"comment_status":"open","ping_status":"closed","template":"","meta":{"_trash_the_other_posts":false},"product_brand":[],"product_cat":[585,999,735],"product_tag":[],"berocket_brand":[1381],"class_list":{"0":"post-115461","1":"product","2":"type-product","3":"status-publish","4":"has-post-thumbnail","6":"product_cat-bodymist-naiset","7":"product_cat-kampanjatarjous-naiselle","8":"product_cat-kampanjamme","9":"pa_brand-samba","10":"berocket_brand-samba","12":"first","13":"instock","14":"sale","15":"taxable","16":"shipping-taxable","17":"purchasable","18":"product-type-simple"},"_links":{"self":[{"href":"https:\/\/stylingagenten.com\/fi\/wp-json\/wp\/v2\/product\/115461","targetHints":{"allow":["GET"]}}],"collection":[{"href":"https:\/\/stylingagenten.com\/fi\/wp-json\/wp\/v2\/product"}],"about":[{"href":"https:\/\/stylingagenten.com\/fi\/wp-json\/wp\/v2\/types\/product"}],"replies":[{"embeddable":true,"href":"https:\/\/stylingagenten.com\/fi\/wp-json\/wp\/v2\/comments?post=115461"}],"version-history":[{"count":0,"href":"https:\/\/stylingagenten.com\/fi\/wp-json\/wp\/v2\/product\/115461\/revisions"}],"wp:featuredmedia":[{"embeddable":true,"href":"https:\/\/stylingagenten.com\/fi\/wp-json\/wp\/v2\/media\/115458"}],"wp:attachment":[{"href":"https:\/\/stylingagenten.com\/fi\/wp-json\/wp\/v2\/media?parent=115461"}],"wp:term":[{"taxonomy":"product_brand","embeddable":true,"href":"https:\/\/stylingagenten.com\/fi\/wp-json\/wp\/v2\/product_brand?post=115461"},{"taxonomy":"product_cat","embeddable":true,"href":"https:\/\/stylingagenten.com\/fi\/wp-json\/wp\/v2\/product_cat?post=115461"},{"taxonomy":"product_tag","embeddable":true,"href":"https:\/\/stylingagenten.com\/fi\/wp-json\/wp\/v2\/product_tag?post=115461"},{"taxonomy":"berocket_brand","embeddable":true,"href":"https:\/\/stylingagenten.com\/fi\/wp-json\/wp\/v2\/berocket_brand?post=115461"}],"curies":[{"name":"wp","href":"https:\/\/api.w.org\/{rel}","templated":true}]}}