{"id":115459,"date":"2025-05-18T21:13:57","date_gmt":"2025-05-18T21:13:57","guid":{"rendered":"https:\/\/staging2.stylingagenten.com\/fi\/produkt\/billie-eilish-eilish-fragrance-mist-236ml\/"},"modified":"2026-04-08T15:29:37","modified_gmt":"2026-04-08T15:29:37","slug":"billie-eilish-eilish-fragrance-mist-236ml","status":"publish","type":"product","link":"https:\/\/stylingagenten.com\/fi\/tuote\/billie-eilish-eilish-fragrance-mist-236ml\/","title":{"rendered":"Billie Eilish Eilish Fragrance Mist 236ml"},"content":{"rendered":"<p>Billie Eilish Fragrance Mist on kevyempi versio alkuper\u00e4isest\u00e4 tuoksusta, Billie Eilish No. 1<br \/>\n<br \/>\u00e4. Mistill\u00e4 on kiehtova meripihkan gourmand-tuoksu, jossa on sokerip\u00e4\u00e4llysteisten ter\u00e4lehtien, kermavaniljan ja l\u00e4mpim\u00e4n myskin s\u00e4vyj\u00e4.<\/p>\n<p>Yl\u00e4: Sokerip\u00e4\u00e4llysteiset ter\u00e4lehdet, mandariini, l\u00e4mpim\u00e4t marjat<br \/>\n<br \/>Syd\u00e4n: Kermavanilja, pehme\u00e4t mausteet, kaakao<br \/>\n<br \/>Pohja: Elegantit puulajit, l\u00e4mmin myski, tonkapapu<\/p>\n<p>236 ml<\/p>\n","protected":false},"excerpt":{"rendered":"<p>Billie Eilish Fragrance Mist on kevyempi versio alkuper\u00e4isest\u00e4 tuoksusta, Billie Eilish No. 1 \u00e4. Mistill\u00e4 on kiehtova meripihkan gourmand-tuoksu, jossa on sokerip\u00e4\u00e4llysteisten ter\u00e4lehtien, kermavaniljan ja l\u00e4mpim\u00e4n myskin s\u00e4vyj\u00e4. Yl\u00e4: Sokerip\u00e4\u00e4llysteiset ter\u00e4lehdet, mandariini, l\u00e4mpim\u00e4t marjat Syd\u00e4n: Kermavanilja, pehme\u00e4t mausteet, kaakao Pohja: Elegantit puulajit, l\u00e4mmin myski, tonkapapu 236 ml<\/p>\n","protected":false},"featured_media":115447,"comment_status":"open","ping_status":"closed","template":"","meta":{"_trash_the_other_posts":false},"product_brand":[],"product_cat":[585],"product_tag":[],"berocket_brand":[1419],"class_list":{"0":"post-115459","1":"product","2":"type-product","3":"status-publish","4":"has-post-thumbnail","6":"product_cat-bodymist-naiset","7":"pa_brand-billie-eilish","8":"berocket_brand-billie-eilish","10":"first","11":"outofstock","12":"sale","13":"taxable","14":"shipping-taxable","15":"purchasable","16":"product-type-simple"},"_links":{"self":[{"href":"https:\/\/stylingagenten.com\/fi\/wp-json\/wp\/v2\/product\/115459","targetHints":{"allow":["GET"]}}],"collection":[{"href":"https:\/\/stylingagenten.com\/fi\/wp-json\/wp\/v2\/product"}],"about":[{"href":"https:\/\/stylingagenten.com\/fi\/wp-json\/wp\/v2\/types\/product"}],"replies":[{"embeddable":true,"href":"https:\/\/stylingagenten.com\/fi\/wp-json\/wp\/v2\/comments?post=115459"}],"version-history":[{"count":0,"href":"https:\/\/stylingagenten.com\/fi\/wp-json\/wp\/v2\/product\/115459\/revisions"}],"wp:featuredmedia":[{"embeddable":true,"href":"https:\/\/stylingagenten.com\/fi\/wp-json\/wp\/v2\/media\/115447"}],"wp:attachment":[{"href":"https:\/\/stylingagenten.com\/fi\/wp-json\/wp\/v2\/media?parent=115459"}],"wp:term":[{"taxonomy":"product_brand","embeddable":true,"href":"https:\/\/stylingagenten.com\/fi\/wp-json\/wp\/v2\/product_brand?post=115459"},{"taxonomy":"product_cat","embeddable":true,"href":"https:\/\/stylingagenten.com\/fi\/wp-json\/wp\/v2\/product_cat?post=115459"},{"taxonomy":"product_tag","embeddable":true,"href":"https:\/\/stylingagenten.com\/fi\/wp-json\/wp\/v2\/product_tag?post=115459"},{"taxonomy":"berocket_brand","embeddable":true,"href":"https:\/\/stylingagenten.com\/fi\/wp-json\/wp\/v2\/berocket_brand?post=115459"}],"curies":[{"name":"wp","href":"https:\/\/api.w.org\/{rel}","templated":true}]}}