{"id":115453,"date":"2025-05-18T21:13:56","date_gmt":"2025-05-18T21:13:56","guid":{"rendered":"https:\/\/staging2.stylingagenten.com\/fi\/produkt\/giorgio-beverly-hills-fine-fragrance-mist-236ml\/"},"modified":"2026-03-29T23:27:26","modified_gmt":"2026-03-29T23:27:26","slug":"giorgio-beverly-hills-fine-fragrance-mist-236ml","status":"publish","type":"product","link":"https:\/\/stylingagenten.com\/fi\/tuote\/giorgio-beverly-hills-fine-fragrance-mist-236ml\/","title":{"rendered":"Giorgio Beverly Hills Fine Fragrance Mist 236ml"},"content":{"rendered":"<p>Giorgio Beverly Hills Fine Fragrance Mist 236 ml<br \/>Intohimoa, naisellisuutta ja temperamenttia yhdess\u00e4 pullossa. T\u00e4llainen on Giorgio Beverly Hills Giorgio &#8211; vartalosuihke naisille, joka ilahduttaa aistejasi vastustamattomalla tuoksulla ja tuoksuu ihoasi optimaalisesti. Kukkainen ja it\u00e4mainen tuoksu. Itsen\u00e4isille naisille, jotka eiv\u00e4t pelk\u00e4\u00e4 haasteita ja ylellinen tuoksu sinulle, joka olet nirso.<\/p>\n","protected":false},"excerpt":{"rendered":"<p>Giorgio Beverly Hills Fine Fragrance Mist 236 mlIntohimoa, naisellisuutta ja temperamenttia yhdess\u00e4 pullossa. T\u00e4llainen on Giorgio Beverly Hills Giorgio &#8211; vartalosuihke naisille, joka ilahduttaa aistejasi vastustamattomalla tuoksulla ja tuoksuu ihoasi optimaalisesti. Kukkainen ja it\u00e4mainen tuoksu. Itsen\u00e4isille naisille, jotka eiv\u00e4t pelk\u00e4\u00e4 haasteita ja ylellinen tuoksu sinulle, joka olet nirso.<\/p>\n","protected":false},"featured_media":115451,"comment_status":"open","ping_status":"closed","template":"","meta":{"_trash_the_other_posts":false},"product_brand":[],"product_cat":[585,999,735],"product_tag":[],"berocket_brand":[1325],"class_list":{"0":"post-115453","1":"product","2":"type-product","3":"status-publish","4":"has-post-thumbnail","6":"product_cat-bodymist-naiset","7":"product_cat-kampanjatarjous-naiselle","8":"product_cat-kampanjamme","9":"pa_brand-giorgio-beverly-hills","10":"berocket_brand-giorgio-beverly-hills","12":"first","13":"instock","14":"sale","15":"taxable","16":"shipping-taxable","17":"purchasable","18":"product-type-simple"},"_links":{"self":[{"href":"https:\/\/stylingagenten.com\/fi\/wp-json\/wp\/v2\/product\/115453","targetHints":{"allow":["GET"]}}],"collection":[{"href":"https:\/\/stylingagenten.com\/fi\/wp-json\/wp\/v2\/product"}],"about":[{"href":"https:\/\/stylingagenten.com\/fi\/wp-json\/wp\/v2\/types\/product"}],"replies":[{"embeddable":true,"href":"https:\/\/stylingagenten.com\/fi\/wp-json\/wp\/v2\/comments?post=115453"}],"version-history":[{"count":0,"href":"https:\/\/stylingagenten.com\/fi\/wp-json\/wp\/v2\/product\/115453\/revisions"}],"wp:featuredmedia":[{"embeddable":true,"href":"https:\/\/stylingagenten.com\/fi\/wp-json\/wp\/v2\/media\/115451"}],"wp:attachment":[{"href":"https:\/\/stylingagenten.com\/fi\/wp-json\/wp\/v2\/media?parent=115453"}],"wp:term":[{"taxonomy":"product_brand","embeddable":true,"href":"https:\/\/stylingagenten.com\/fi\/wp-json\/wp\/v2\/product_brand?post=115453"},{"taxonomy":"product_cat","embeddable":true,"href":"https:\/\/stylingagenten.com\/fi\/wp-json\/wp\/v2\/product_cat?post=115453"},{"taxonomy":"product_tag","embeddable":true,"href":"https:\/\/stylingagenten.com\/fi\/wp-json\/wp\/v2\/product_tag?post=115453"},{"taxonomy":"berocket_brand","embeddable":true,"href":"https:\/\/stylingagenten.com\/fi\/wp-json\/wp\/v2\/berocket_brand?post=115453"}],"curies":[{"name":"wp","href":"https:\/\/api.w.org\/{rel}","templated":true}]}}