{"id":115444,"date":"2025-05-18T21:13:54","date_gmt":"2025-05-18T21:13:54","guid":{"rendered":"https:\/\/staging2.stylingagenten.com\/fi\/produkt\/ariana-grande-thank-u-next-body-mist-236ml\/"},"modified":"2026-04-11T21:28:27","modified_gmt":"2026-04-11T21:28:27","slug":"ariana-grande-thank-u-next-body-mist-236ml","status":"publish","type":"product","link":"https:\/\/stylingagenten.com\/fi\/tuote\/ariana-grande-thank-u-next-body-mist-236ml\/","title":{"rendered":"Ariana Grande Thank U Next Body Mist 236ml"},"content":{"rendered":"<p>Ariana Grande, Thank U, Next avautuu kimaltelevan valkoisen p\u00e4\u00e4ryn\u00e4n ja villivadelman mehukkailla nuoteilla, joita pehment\u00e4\u00e4 kermainen kookossyd\u00e4n ja herk\u00e4t vaaleanpunaiset ruusun ter\u00e4lehdet. Jumalallinen samettinen myski tuo klassista Ari-sassia, kun taas makaroonit lis\u00e4\u00e4v\u00e4t leikkis\u00e4\u00e4 naisellisuutta. T\u00e4ynn\u00e4 asennetta, t\u00e4ynn\u00e4 makeutta.<\/p>\n","protected":false},"excerpt":{"rendered":"<p>Ariana Grande, Thank U, Next avautuu kimaltelevan valkoisen p\u00e4\u00e4ryn\u00e4n ja villivadelman mehukkailla nuoteilla, joita pehment\u00e4\u00e4 kermainen kookossyd\u00e4n ja herk\u00e4t vaaleanpunaiset ruusun ter\u00e4lehdet. Jumalallinen samettinen myski tuo klassista Ari-sassia, kun taas makaroonit lis\u00e4\u00e4v\u00e4t leikkis\u00e4\u00e4 naisellisuutta. T\u00e4ynn\u00e4 asennetta, t\u00e4ynn\u00e4 makeutta.<\/p>\n","protected":false},"featured_media":115442,"comment_status":"open","ping_status":"closed","template":"","meta":{"_trash_the_other_posts":false},"product_brand":[],"product_cat":[585,999,735],"product_tag":[],"berocket_brand":[1201],"class_list":{"0":"post-115444","1":"product","2":"type-product","3":"status-publish","4":"has-post-thumbnail","6":"product_cat-bodymist-naiset","7":"product_cat-kampanjatarjous-naiselle","8":"product_cat-kampanjamme","9":"pa_brand-ariana-grande","10":"berocket_brand-ariana-grande","12":"first","13":"outofstock","14":"sale","15":"taxable","16":"shipping-taxable","17":"purchasable","18":"product-type-simple"},"_links":{"self":[{"href":"https:\/\/stylingagenten.com\/fi\/wp-json\/wp\/v2\/product\/115444","targetHints":{"allow":["GET"]}}],"collection":[{"href":"https:\/\/stylingagenten.com\/fi\/wp-json\/wp\/v2\/product"}],"about":[{"href":"https:\/\/stylingagenten.com\/fi\/wp-json\/wp\/v2\/types\/product"}],"replies":[{"embeddable":true,"href":"https:\/\/stylingagenten.com\/fi\/wp-json\/wp\/v2\/comments?post=115444"}],"version-history":[{"count":0,"href":"https:\/\/stylingagenten.com\/fi\/wp-json\/wp\/v2\/product\/115444\/revisions"}],"wp:featuredmedia":[{"embeddable":true,"href":"https:\/\/stylingagenten.com\/fi\/wp-json\/wp\/v2\/media\/115442"}],"wp:attachment":[{"href":"https:\/\/stylingagenten.com\/fi\/wp-json\/wp\/v2\/media?parent=115444"}],"wp:term":[{"taxonomy":"product_brand","embeddable":true,"href":"https:\/\/stylingagenten.com\/fi\/wp-json\/wp\/v2\/product_brand?post=115444"},{"taxonomy":"product_cat","embeddable":true,"href":"https:\/\/stylingagenten.com\/fi\/wp-json\/wp\/v2\/product_cat?post=115444"},{"taxonomy":"product_tag","embeddable":true,"href":"https:\/\/stylingagenten.com\/fi\/wp-json\/wp\/v2\/product_tag?post=115444"},{"taxonomy":"berocket_brand","embeddable":true,"href":"https:\/\/stylingagenten.com\/fi\/wp-json\/wp\/v2\/berocket_brand?post=115444"}],"curies":[{"name":"wp","href":"https:\/\/api.w.org\/{rel}","templated":true}]}}