{"id":115436,"date":"2025-05-18T21:13:53","date_gmt":"2025-05-18T21:13:53","guid":{"rendered":"https:\/\/staging2.stylingagenten.com\/fi\/produkt\/ariana-grande-sweet-like-candy-body-mist-236ml\/"},"modified":"2026-04-12T20:47:26","modified_gmt":"2026-04-12T20:47:26","slug":"ariana-grande-sweet-like-candy-body-mist-236ml","status":"publish","type":"product","link":"https:\/\/stylingagenten.com\/fi\/tuote\/ariana-grande-sweet-like-candy-body-mist-236ml\/","title":{"rendered":"Ariana Grande Sweet Like Candy Body Mist 236ml"},"content":{"rendered":"<p>Ariana Grande Sweet Like Candy Body Mist 236ml on maailmantaiteilija ja laulaja Ariana Granden ihana p\u00e4iv\u00e4unelma. Tuoksu n\u00e4ytt\u00e4\u00e4 uuden seksikk\u00e4\u00e4n puolen popt\u00e4hden itseluottamuksesta ja tyylist\u00e4, joka kehittyy jatkuvasti. Jatkeena h\u00e4nen omalle henkil\u00f6kohtaiselle ilmaisulleen, jokainen t\u00e4m\u00e4n dekadenttisen tuoksun elementti kantaa Arianan viettelev\u00e4n flirttailevaa luonnetta sokerisilla, leikkisill\u00e4 kosketuksilla koko tuoksutarinassa. Herkullinen r\u00e4j\u00e4hdys sokeroituja karhunvatukoita ja mehukasta italialaista bergamottia kimaltelee herkullisella riippuvuudella, kun taas kermainen kashmirpuu yhdistettyn\u00e4 hienoihin vaaleanpunaisten kukkien vivahteisiin j\u00e4tt\u00e4\u00e4 sinut kaipaamaan enemm\u00e4n. Mehev\u00e4 pohjatuoksu sekoitus samettisia kerroksia cr\u00e8me de cassista, p\u00f6rr\u00f6ist\u00e4 vaahtokarkkia ja seksik\u00e4st\u00e4 vaniljaa j\u00e4tt\u00e4\u00e4 viettelev\u00e4n tuoksuj\u00e4ljen, joka k\u00e4\u00e4nt\u00e4\u00e4 p\u00e4\u00e4t\u00e4.<\/p>\n","protected":false},"excerpt":{"rendered":"<p>Ariana Grande Sweet Like Candy Body Mist 236ml on maailmantaiteilija ja laulaja Ariana Granden ihana p\u00e4iv\u00e4unelma. Tuoksu n\u00e4ytt\u00e4\u00e4 uuden seksikk\u00e4\u00e4n puolen popt\u00e4hden itseluottamuksesta ja tyylist\u00e4, joka kehittyy jatkuvasti. Jatkeena h\u00e4nen omalle henkil\u00f6kohtaiselle ilmaisulleen, jokainen t\u00e4m\u00e4n dekadenttisen tuoksun elementti kantaa Arianan viettelev\u00e4n flirttailevaa luonnetta sokerisilla, leikkisill\u00e4 kosketuksilla koko tuoksutarinassa. Herkullinen r\u00e4j\u00e4hdys sokeroituja karhunvatukoita ja mehukasta italialaista [&hellip;]<\/p>\n","protected":false},"featured_media":115433,"comment_status":"open","ping_status":"closed","template":"","meta":{"_trash_the_other_posts":false},"product_brand":[],"product_cat":[585,999,735],"product_tag":[],"berocket_brand":[1201],"class_list":{"0":"post-115436","1":"product","2":"type-product","3":"status-publish","4":"has-post-thumbnail","6":"product_cat-bodymist-naiset","7":"product_cat-kampanjatarjous-naiselle","8":"product_cat-kampanjamme","9":"pa_brand-ariana-grande","10":"berocket_brand-ariana-grande","12":"first","13":"instock","14":"sale","15":"taxable","16":"shipping-taxable","17":"purchasable","18":"product-type-simple"},"_links":{"self":[{"href":"https:\/\/stylingagenten.com\/fi\/wp-json\/wp\/v2\/product\/115436","targetHints":{"allow":["GET"]}}],"collection":[{"href":"https:\/\/stylingagenten.com\/fi\/wp-json\/wp\/v2\/product"}],"about":[{"href":"https:\/\/stylingagenten.com\/fi\/wp-json\/wp\/v2\/types\/product"}],"replies":[{"embeddable":true,"href":"https:\/\/stylingagenten.com\/fi\/wp-json\/wp\/v2\/comments?post=115436"}],"version-history":[{"count":0,"href":"https:\/\/stylingagenten.com\/fi\/wp-json\/wp\/v2\/product\/115436\/revisions"}],"wp:featuredmedia":[{"embeddable":true,"href":"https:\/\/stylingagenten.com\/fi\/wp-json\/wp\/v2\/media\/115433"}],"wp:attachment":[{"href":"https:\/\/stylingagenten.com\/fi\/wp-json\/wp\/v2\/media?parent=115436"}],"wp:term":[{"taxonomy":"product_brand","embeddable":true,"href":"https:\/\/stylingagenten.com\/fi\/wp-json\/wp\/v2\/product_brand?post=115436"},{"taxonomy":"product_cat","embeddable":true,"href":"https:\/\/stylingagenten.com\/fi\/wp-json\/wp\/v2\/product_cat?post=115436"},{"taxonomy":"product_tag","embeddable":true,"href":"https:\/\/stylingagenten.com\/fi\/wp-json\/wp\/v2\/product_tag?post=115436"},{"taxonomy":"berocket_brand","embeddable":true,"href":"https:\/\/stylingagenten.com\/fi\/wp-json\/wp\/v2\/berocket_brand?post=115436"}],"curies":[{"name":"wp","href":"https:\/\/api.w.org\/{rel}","templated":true}]}}