{"id":115430,"date":"2025-05-18T21:13:52","date_gmt":"2025-05-18T21:13:52","guid":{"rendered":"https:\/\/staging2.stylingagenten.com\/fi\/produkt\/fcuk-friction-her-body-mist-250ml\/"},"modified":"2026-04-05T20:08:30","modified_gmt":"2026-04-05T20:08:30","slug":"fcuk-friction-her-body-mist-250ml","status":"publish","type":"product","link":"https:\/\/stylingagenten.com\/fi\/tuote\/fcuk-friction-her-body-mist-250ml\/","title":{"rendered":"FCUK Friction Her Body Mist 250ml"},"content":{"rendered":"<p>FCUK Friction Fragrance Mist avautuu houkuttelevalla hedelm\u00e4isyydell\u00e4, jossa on herkullisia s\u00e4vyj\u00e4 vaaleanpunaisesta kuusamasta ja omenankukasta. Tuoksun syd\u00e4n paljastaa kiehtovan yhdistelm\u00e4n jasmiinia ja aistillista Barringtonian kukkaa, lis\u00e4ten ripauksen kukkaista hienostuneisuutta. Kun sumu laskeutuu, l\u00e4mmin ja ymp\u00e4r\u00f6iv\u00e4 pohja meripihkaa, vaniljaa ja kookosta t\u00e4ydent\u00e4\u00e4 tuoksumatkan j\u00e4tt\u00e4en j\u00e4lkeens\u00e4 vastustamattoman vieh\u00e4tyksen.<\/p>\n<p>250ml<\/p>\n","protected":false},"excerpt":{"rendered":"<p>FCUK Friction Fragrance Mist avautuu houkuttelevalla hedelm\u00e4isyydell\u00e4, jossa on herkullisia s\u00e4vyj\u00e4 vaaleanpunaisesta kuusamasta ja omenankukasta. Tuoksun syd\u00e4n paljastaa kiehtovan yhdistelm\u00e4n jasmiinia ja aistillista Barringtonian kukkaa, lis\u00e4ten ripauksen kukkaista hienostuneisuutta. Kun sumu laskeutuu, l\u00e4mmin ja ymp\u00e4r\u00f6iv\u00e4 pohja meripihkaa, vaniljaa ja kookosta t\u00e4ydent\u00e4\u00e4 tuoksumatkan j\u00e4tt\u00e4en j\u00e4lkeens\u00e4 vastustamattoman vieh\u00e4tyksen. 250ml<\/p>\n","protected":false},"featured_media":115429,"comment_status":"open","ping_status":"closed","template":"","meta":{"_trash_the_other_posts":false},"product_brand":[],"product_cat":[585,999,735],"product_tag":[],"berocket_brand":[1313],"class_list":{"0":"post-115430","1":"product","2":"type-product","3":"status-publish","4":"has-post-thumbnail","6":"product_cat-bodymist-naiset","7":"product_cat-kampanjatarjous-naiselle","8":"product_cat-kampanjamme","9":"pa_brand-fcuk","10":"berocket_brand-fcuk","12":"first","13":"instock","14":"sale","15":"taxable","16":"shipping-taxable","17":"purchasable","18":"product-type-simple"},"_links":{"self":[{"href":"https:\/\/stylingagenten.com\/fi\/wp-json\/wp\/v2\/product\/115430","targetHints":{"allow":["GET"]}}],"collection":[{"href":"https:\/\/stylingagenten.com\/fi\/wp-json\/wp\/v2\/product"}],"about":[{"href":"https:\/\/stylingagenten.com\/fi\/wp-json\/wp\/v2\/types\/product"}],"replies":[{"embeddable":true,"href":"https:\/\/stylingagenten.com\/fi\/wp-json\/wp\/v2\/comments?post=115430"}],"version-history":[{"count":0,"href":"https:\/\/stylingagenten.com\/fi\/wp-json\/wp\/v2\/product\/115430\/revisions"}],"wp:featuredmedia":[{"embeddable":true,"href":"https:\/\/stylingagenten.com\/fi\/wp-json\/wp\/v2\/media\/115429"}],"wp:attachment":[{"href":"https:\/\/stylingagenten.com\/fi\/wp-json\/wp\/v2\/media?parent=115430"}],"wp:term":[{"taxonomy":"product_brand","embeddable":true,"href":"https:\/\/stylingagenten.com\/fi\/wp-json\/wp\/v2\/product_brand?post=115430"},{"taxonomy":"product_cat","embeddable":true,"href":"https:\/\/stylingagenten.com\/fi\/wp-json\/wp\/v2\/product_cat?post=115430"},{"taxonomy":"product_tag","embeddable":true,"href":"https:\/\/stylingagenten.com\/fi\/wp-json\/wp\/v2\/product_tag?post=115430"},{"taxonomy":"berocket_brand","embeddable":true,"href":"https:\/\/stylingagenten.com\/fi\/wp-json\/wp\/v2\/berocket_brand?post=115430"}],"curies":[{"name":"wp","href":"https:\/\/api.w.org\/{rel}","templated":true}]}}