{"id":115428,"date":"2025-05-18T21:13:51","date_gmt":"2025-05-18T21:13:51","guid":{"rendered":"https:\/\/staging2.stylingagenten.com\/fi\/produkt\/dkny-be-delicious-pool-party-bay-breeze-body-mist-250ml\/"},"modified":"2026-03-19T10:26:26","modified_gmt":"2026-03-19T10:26:26","slug":"dkny-be-delicious-pool-party-bay-breeze-body-mist-250ml","status":"publish","type":"product","link":"https:\/\/stylingagenten.com\/fi\/tuote\/dkny-be-delicious-pool-party-bay-breeze-body-mist-250ml\/","title":{"rendered":"DKNY Be Delicious Pool Party Bay Breeze Body Mist 250ml"},"content":{"rendered":"<p>L\u00f6yd\u00e4 Be Delicious Pool Party Breeze Body Mist, kevyempi tulkinta rakastetusta tuoksusta. Luo kupliva tunnelma Bay Breeze -tuoksulla, eloisa tuoksu, joka vie sinut v\u00e4rikk\u00e4\u00e4lle matkalle.<\/p>\n<p>T\u00e4m\u00e4 el\u00e4v\u00e4inen ja raikas tuoksu on saanut inspiraationsa trendikk\u00e4\u00e4st\u00e4 kes\u00e4cocktailista ja vangitsee jet-set-el\u00e4m\u00e4n tunnelman raikkaalla bergamotin ja mandariinin sekoituksella, maustettuna katajanmarjalla ja makealla aprikoosilla. Tuoksun syd\u00e4mess\u00e4 l\u00f6yd\u00e4t raikkaan yhdistelm\u00e4n bergamottia ja mandariinia, joka her\u00e4tt\u00e4\u00e4 muistoja auringonpaisteesta ja sitruspuista. El\u00e4v\u00e4inen tuoksu vahvistuu sitten kuplivalla katajanmarjalla, joka tuo tuoksuun vastustamattoman kipin\u00e4n, joka heijastaa kes\u00e4illan j\u00e4nnityst\u00e4. Antaaksemme tuoksulle lis\u00e4\u00e4 vieh\u00e4tyst\u00e4, olemme lis\u00e4nneet ihania aprikoosinuotteja, jotka tuovat tuoksuun hedelm\u00e4isen vivahteen ja muistuttavat parhaista kes\u00e4herkuista.<\/p>\n<p>250 ml<\/p>\n","protected":false},"excerpt":{"rendered":"<p>L\u00f6yd\u00e4 Be Delicious Pool Party Breeze Body Mist, kevyempi tulkinta rakastetusta tuoksusta. Luo kupliva tunnelma Bay Breeze -tuoksulla, eloisa tuoksu, joka vie sinut v\u00e4rikk\u00e4\u00e4lle matkalle. T\u00e4m\u00e4 el\u00e4v\u00e4inen ja raikas tuoksu on saanut inspiraationsa trendikk\u00e4\u00e4st\u00e4 kes\u00e4cocktailista ja vangitsee jet-set-el\u00e4m\u00e4n tunnelman raikkaalla bergamotin ja mandariinin sekoituksella, maustettuna katajanmarjalla ja makealla aprikoosilla. Tuoksun syd\u00e4mess\u00e4 l\u00f6yd\u00e4t raikkaan yhdistelm\u00e4n bergamottia [&hellip;]<\/p>\n","protected":false},"featured_media":115427,"comment_status":"open","ping_status":"closed","template":"","meta":{"_trash_the_other_posts":false},"product_brand":[],"product_cat":[585,999,735],"product_tag":[],"berocket_brand":[1291],"class_list":{"0":"post-115428","1":"product","2":"type-product","3":"status-publish","4":"has-post-thumbnail","6":"product_cat-bodymist-naiset","7":"product_cat-kampanjatarjous-naiselle","8":"product_cat-kampanjamme","9":"pa_brand-dkny","10":"berocket_brand-dkny","12":"first","13":"instock","14":"sale","15":"taxable","16":"shipping-taxable","17":"purchasable","18":"product-type-simple"},"_links":{"self":[{"href":"https:\/\/stylingagenten.com\/fi\/wp-json\/wp\/v2\/product\/115428","targetHints":{"allow":["GET"]}}],"collection":[{"href":"https:\/\/stylingagenten.com\/fi\/wp-json\/wp\/v2\/product"}],"about":[{"href":"https:\/\/stylingagenten.com\/fi\/wp-json\/wp\/v2\/types\/product"}],"replies":[{"embeddable":true,"href":"https:\/\/stylingagenten.com\/fi\/wp-json\/wp\/v2\/comments?post=115428"}],"version-history":[{"count":0,"href":"https:\/\/stylingagenten.com\/fi\/wp-json\/wp\/v2\/product\/115428\/revisions"}],"wp:featuredmedia":[{"embeddable":true,"href":"https:\/\/stylingagenten.com\/fi\/wp-json\/wp\/v2\/media\/115427"}],"wp:attachment":[{"href":"https:\/\/stylingagenten.com\/fi\/wp-json\/wp\/v2\/media?parent=115428"}],"wp:term":[{"taxonomy":"product_brand","embeddable":true,"href":"https:\/\/stylingagenten.com\/fi\/wp-json\/wp\/v2\/product_brand?post=115428"},{"taxonomy":"product_cat","embeddable":true,"href":"https:\/\/stylingagenten.com\/fi\/wp-json\/wp\/v2\/product_cat?post=115428"},{"taxonomy":"product_tag","embeddable":true,"href":"https:\/\/stylingagenten.com\/fi\/wp-json\/wp\/v2\/product_tag?post=115428"},{"taxonomy":"berocket_brand","embeddable":true,"href":"https:\/\/stylingagenten.com\/fi\/wp-json\/wp\/v2\/berocket_brand?post=115428"}],"curies":[{"name":"wp","href":"https:\/\/api.w.org\/{rel}","templated":true}]}}