{"id":115422,"date":"2025-05-18T21:13:50","date_gmt":"2025-05-18T21:13:50","guid":{"rendered":"https:\/\/staging2.stylingagenten.com\/fi\/produkt\/dkny-be-delicious-pool-party-mai-tai-body-mist-250ml\/"},"modified":"2026-03-11T21:47:58","modified_gmt":"2026-03-11T21:47:58","slug":"dkny-be-delicious-pool-party-mai-tai-body-mist-250ml","status":"publish","type":"product","link":"https:\/\/stylingagenten.com\/fi\/tuote\/dkny-be-delicious-pool-party-mai-tai-body-mist-250ml\/","title":{"rendered":"DKNY Be Delicious Pool Party Mai Tai Body Mist 250ml"},"content":{"rendered":"<p>L\u00f6yd\u00e4 Be Delicious Pool Party Mai Tai Body Mist, ihastuttava tulkinta suositusta tuoksusta. Suihkauta raikas pilvi Mai Taita, eloisaa tuoksua, joka vangitsee kes\u00e4n leikkis\u00e4n tunnelman. Sukella t\u00e4h\u00e4n lumoavaan ja koukuttavaan tuoksuun, joka on saanut inspiraationsa trendikk\u00e4\u00e4st\u00e4 kes\u00e4cocktailista ja r\u00e4j\u00e4ht\u00e4\u00e4 v\u00e4rikk\u00e4\u00e4n mustaherukan, mehukkaan appelsiini\u00f6ljyn ja raikkaan roseepippurin s\u00e4vyiss\u00e4.<\/p>\n<p>Tuoksun syd\u00e4n kukkii Jasmine Sambacin ja pionin vivahteissa, joita t\u00e4ydent\u00e4v\u00e4t persikan s\u00e4vyt tuoden lis\u00e4\u00e4 naisellista vieh\u00e4tysvoimaa. Heliotroopin ja l\u00e4mpim\u00e4n meripihkan luoma pehme\u00e4 aura j\u00e4tt\u00e4\u00e4 mieleenpainuvan tuoksun, joka muistuttaa hauskasta ajasta auringossa. T\u00e4m\u00e4 kevyempi versio alkuper\u00e4isest\u00e4 on t\u00e4ydellinen pident\u00e4m\u00e4\u00e4n kes\u00e4tunnelmaa ymp\u00e4ri vuoden.<\/p>\n<p>250 ml<\/p>\n","protected":false},"excerpt":{"rendered":"<p>L\u00f6yd\u00e4 Be Delicious Pool Party Mai Tai Body Mist, ihastuttava tulkinta suositusta tuoksusta. Suihkauta raikas pilvi Mai Taita, eloisaa tuoksua, joka vangitsee kes\u00e4n leikkis\u00e4n tunnelman. Sukella t\u00e4h\u00e4n lumoavaan ja koukuttavaan tuoksuun, joka on saanut inspiraationsa trendikk\u00e4\u00e4st\u00e4 kes\u00e4cocktailista ja r\u00e4j\u00e4ht\u00e4\u00e4 v\u00e4rikk\u00e4\u00e4n mustaherukan, mehukkaan appelsiini\u00f6ljyn ja raikkaan roseepippurin s\u00e4vyiss\u00e4. Tuoksun syd\u00e4n kukkii Jasmine Sambacin ja pionin vivahteissa, [&hellip;]<\/p>\n","protected":false},"featured_media":115421,"comment_status":"open","ping_status":"closed","template":"","meta":{"_trash_the_other_posts":false},"product_brand":[],"product_cat":[585,999,735],"product_tag":[],"berocket_brand":[1291],"class_list":{"0":"post-115422","1":"product","2":"type-product","3":"status-publish","4":"has-post-thumbnail","6":"product_cat-bodymist-naiset","7":"product_cat-kampanjatarjous-naiselle","8":"product_cat-kampanjamme","9":"pa_brand-dkny","10":"berocket_brand-dkny","12":"first","13":"instock","14":"sale","15":"taxable","16":"shipping-taxable","17":"purchasable","18":"product-type-simple"},"_links":{"self":[{"href":"https:\/\/stylingagenten.com\/fi\/wp-json\/wp\/v2\/product\/115422","targetHints":{"allow":["GET"]}}],"collection":[{"href":"https:\/\/stylingagenten.com\/fi\/wp-json\/wp\/v2\/product"}],"about":[{"href":"https:\/\/stylingagenten.com\/fi\/wp-json\/wp\/v2\/types\/product"}],"replies":[{"embeddable":true,"href":"https:\/\/stylingagenten.com\/fi\/wp-json\/wp\/v2\/comments?post=115422"}],"version-history":[{"count":0,"href":"https:\/\/stylingagenten.com\/fi\/wp-json\/wp\/v2\/product\/115422\/revisions"}],"wp:featuredmedia":[{"embeddable":true,"href":"https:\/\/stylingagenten.com\/fi\/wp-json\/wp\/v2\/media\/115421"}],"wp:attachment":[{"href":"https:\/\/stylingagenten.com\/fi\/wp-json\/wp\/v2\/media?parent=115422"}],"wp:term":[{"taxonomy":"product_brand","embeddable":true,"href":"https:\/\/stylingagenten.com\/fi\/wp-json\/wp\/v2\/product_brand?post=115422"},{"taxonomy":"product_cat","embeddable":true,"href":"https:\/\/stylingagenten.com\/fi\/wp-json\/wp\/v2\/product_cat?post=115422"},{"taxonomy":"product_tag","embeddable":true,"href":"https:\/\/stylingagenten.com\/fi\/wp-json\/wp\/v2\/product_tag?post=115422"},{"taxonomy":"berocket_brand","embeddable":true,"href":"https:\/\/stylingagenten.com\/fi\/wp-json\/wp\/v2\/berocket_brand?post=115422"}],"curies":[{"name":"wp","href":"https:\/\/api.w.org\/{rel}","templated":true}]}}