{"id":115345,"date":"2025-05-18T21:13:37","date_gmt":"2025-05-18T21:13:37","guid":{"rendered":"https:\/\/staging2.stylingagenten.com\/fi\/produkt\/elizabeth-arden-green-tea-refreshing-body-lotion-500ml\/"},"modified":"2026-03-28T16:38:57","modified_gmt":"2026-03-28T16:38:57","slug":"elizabeth-arden-green-tea-refreshing-body-lotion-500ml","status":"publish","type":"product","link":"https:\/\/stylingagenten.com\/fi\/tuote\/elizabeth-arden-green-tea-refreshing-body-lotion-500ml\/","title":{"rendered":"Elizabeth Arden Green Tea Refreshing Body Lotion 500ml"},"content":{"rendered":"<p>Elizabeth Arden Green Tea Refreshing Body Lotion on t\u00e4ynn\u00e4 kosteuttavia ainesosia, jotka kosteuttavat ihoasi. T\u00e4ss\u00e4 silkkisess\u00e4 vartaloemulsiossa on kevyt, karvainen Elizabeth Arden Green Tea -tuoksu, kohottava tuoksu, joka energisoi kehoa, virkist\u00e4\u00e4 aistejasi ja uudistaa sielua.<\/p>\n","protected":false},"excerpt":{"rendered":"<p>Elizabeth Arden Green Tea Refreshing Body Lotion on t\u00e4ynn\u00e4 kosteuttavia ainesosia, jotka kosteuttavat ihoasi. T\u00e4ss\u00e4 silkkisess\u00e4 vartaloemulsiossa on kevyt, karvainen Elizabeth Arden Green Tea -tuoksu, kohottava tuoksu, joka energisoi kehoa, virkist\u00e4\u00e4 aistejasi ja uudistaa sielua.<\/p>\n","protected":false},"featured_media":115342,"comment_status":"open","ping_status":"closed","template":"","meta":{"_trash_the_other_posts":false},"product_brand":[],"product_cat":[1003,572],"product_tag":[],"berocket_brand":[1303],"class_list":{"0":"post-115345","1":"product","2":"type-product","3":"status-publish","4":"has-post-thumbnail","6":"product_cat-myydyimmat","7":"product_cat-vartalovoide","8":"pa_brand-elizabeth-arden","9":"berocket_brand-elizabeth-arden","11":"first","12":"outofstock","13":"sale","14":"taxable","15":"shipping-taxable","16":"purchasable","17":"product-type-simple"},"_links":{"self":[{"href":"https:\/\/stylingagenten.com\/fi\/wp-json\/wp\/v2\/product\/115345","targetHints":{"allow":["GET"]}}],"collection":[{"href":"https:\/\/stylingagenten.com\/fi\/wp-json\/wp\/v2\/product"}],"about":[{"href":"https:\/\/stylingagenten.com\/fi\/wp-json\/wp\/v2\/types\/product"}],"replies":[{"embeddable":true,"href":"https:\/\/stylingagenten.com\/fi\/wp-json\/wp\/v2\/comments?post=115345"}],"version-history":[{"count":0,"href":"https:\/\/stylingagenten.com\/fi\/wp-json\/wp\/v2\/product\/115345\/revisions"}],"wp:featuredmedia":[{"embeddable":true,"href":"https:\/\/stylingagenten.com\/fi\/wp-json\/wp\/v2\/media\/115342"}],"wp:attachment":[{"href":"https:\/\/stylingagenten.com\/fi\/wp-json\/wp\/v2\/media?parent=115345"}],"wp:term":[{"taxonomy":"product_brand","embeddable":true,"href":"https:\/\/stylingagenten.com\/fi\/wp-json\/wp\/v2\/product_brand?post=115345"},{"taxonomy":"product_cat","embeddable":true,"href":"https:\/\/stylingagenten.com\/fi\/wp-json\/wp\/v2\/product_cat?post=115345"},{"taxonomy":"product_tag","embeddable":true,"href":"https:\/\/stylingagenten.com\/fi\/wp-json\/wp\/v2\/product_tag?post=115345"},{"taxonomy":"berocket_brand","embeddable":true,"href":"https:\/\/stylingagenten.com\/fi\/wp-json\/wp\/v2\/berocket_brand?post=115345"}],"curies":[{"name":"wp","href":"https:\/\/api.w.org\/{rel}","templated":true}]}}