{"id":115290,"date":"2025-05-18T21:13:28","date_gmt":"2025-05-18T21:13:28","guid":{"rendered":"https:\/\/staging2.stylingagenten.com\/fi\/produkt\/vaseline-intensive-care-mature-skin-rejuvenation-body-lotion-400ml\/"},"modified":"2026-03-26T08:09:16","modified_gmt":"2026-03-26T08:09:16","slug":"vaseline-intensive-care-mature-skin-rejuvenation-body-lotion-400ml","status":"publish","type":"product","link":"https:\/\/stylingagenten.com\/fi\/tuote\/vaseline-intensive-care-mature-skin-rejuvenation-body-lotion-400ml\/","title":{"rendered":"Vaseline Intensive Care Mature Skin Rejuvenation Body Lotion 400ml"},"content":{"rendered":"<p>T\u00e4m\u00e4 vartalovoide auttaa palauttamaan voimakkaan kuivuuden, joka usein liittyy kyps\u00e4\u00e4n, ik\u00e4\u00e4ntyv\u00e4\u00e4n ihoon. Koostumus on rikastettu glyseriinill\u00e4 ja Vaseline Jellyn mikrotipoilla, jotka suojaavat ihoa optimaalisesti ja tarjoavat pitk\u00e4kestoista kosteutusta. Vartalovoide on kevyesti hajustettu ja imeytyy nopeasti ihoon, mik\u00e4 tekee siit\u00e4 silkkisen ja rasvattoman tunteen.<\/p>\n<p data-empty=\"true\"><\/p>\n","protected":false},"excerpt":{"rendered":"<p>T\u00e4m\u00e4 vartalovoide auttaa palauttamaan voimakkaan kuivuuden, joka usein liittyy kyps\u00e4\u00e4n, ik\u00e4\u00e4ntyv\u00e4\u00e4n ihoon. Koostumus on rikastettu glyseriinill\u00e4 ja Vaseline Jellyn mikrotipoilla, jotka suojaavat ihoa optimaalisesti ja tarjoavat pitk\u00e4kestoista kosteutusta. Vartalovoide on kevyesti hajustettu ja imeytyy nopeasti ihoon, mik\u00e4 tekee siit\u00e4 silkkisen ja rasvattoman tunteen.<\/p>\n","protected":false},"featured_media":115287,"comment_status":"open","ping_status":"closed","template":"","meta":{"_trash_the_other_posts":false},"product_brand":[],"product_cat":[572],"product_tag":[],"berocket_brand":[1260],"class_list":{"0":"post-115290","1":"product","2":"type-product","3":"status-publish","4":"has-post-thumbnail","6":"product_cat-vartalovoide","7":"pa_brand-vaseline","8":"berocket_brand-vaseline","10":"first","11":"instock","12":"sale","13":"taxable","14":"shipping-taxable","15":"purchasable","16":"product-type-simple"},"_links":{"self":[{"href":"https:\/\/stylingagenten.com\/fi\/wp-json\/wp\/v2\/product\/115290","targetHints":{"allow":["GET"]}}],"collection":[{"href":"https:\/\/stylingagenten.com\/fi\/wp-json\/wp\/v2\/product"}],"about":[{"href":"https:\/\/stylingagenten.com\/fi\/wp-json\/wp\/v2\/types\/product"}],"replies":[{"embeddable":true,"href":"https:\/\/stylingagenten.com\/fi\/wp-json\/wp\/v2\/comments?post=115290"}],"version-history":[{"count":0,"href":"https:\/\/stylingagenten.com\/fi\/wp-json\/wp\/v2\/product\/115290\/revisions"}],"wp:featuredmedia":[{"embeddable":true,"href":"https:\/\/stylingagenten.com\/fi\/wp-json\/wp\/v2\/media\/115287"}],"wp:attachment":[{"href":"https:\/\/stylingagenten.com\/fi\/wp-json\/wp\/v2\/media?parent=115290"}],"wp:term":[{"taxonomy":"product_brand","embeddable":true,"href":"https:\/\/stylingagenten.com\/fi\/wp-json\/wp\/v2\/product_brand?post=115290"},{"taxonomy":"product_cat","embeddable":true,"href":"https:\/\/stylingagenten.com\/fi\/wp-json\/wp\/v2\/product_cat?post=115290"},{"taxonomy":"product_tag","embeddable":true,"href":"https:\/\/stylingagenten.com\/fi\/wp-json\/wp\/v2\/product_tag?post=115290"},{"taxonomy":"berocket_brand","embeddable":true,"href":"https:\/\/stylingagenten.com\/fi\/wp-json\/wp\/v2\/berocket_brand?post=115290"}],"curies":[{"name":"wp","href":"https:\/\/api.w.org\/{rel}","templated":true}]}}