{"id":115234,"date":"2025-05-18T21:13:19","date_gmt":"2025-05-18T21:13:19","guid":{"rendered":"https:\/\/staging2.stylingagenten.com\/fi\/produkt\/jean-paul-gaultier-classique-body-lotion-200ml\/"},"modified":"2026-01-21T12:54:09","modified_gmt":"2026-01-21T12:54:09","slug":"jean-paul-gaultier-classique-body-lotion-200ml","status":"publish","type":"product","link":"https:\/\/stylingagenten.com\/fi\/tuote\/jean-paul-gaultier-classique-body-lotion-200ml\/","title":{"rendered":"Jean Paul Gaultier Classique Body Lotion 200ml"},"content":{"rendered":"<p>Kevyt, sulava voide, joka kaunistaa ja tuoksuu ihoa Jean Paul Gaultierin viettelev\u00e4ss\u00e4 Classiquessa &#8211; it\u00e4maisessa tuoksussa, joka on t\u00e4ynn\u00e4 vaaleanpunaista ruusua, apesiini-inkiv\u00e4\u00e4ri\u00e4 ja vaniljaa. Helppo levitt\u00e4\u00e4 ja nopeasti imeytyv\u00e4 j\u00e4tt\u00e4en ihon pehme\u00e4ksi ja kevyesti tuoksuiseksi.<\/p>\n","protected":false},"excerpt":{"rendered":"<p>Kevyt, sulava voide, joka kaunistaa ja tuoksuu ihoa Jean Paul Gaultierin viettelev\u00e4ss\u00e4 Classiquessa &#8211; it\u00e4maisessa tuoksussa, joka on t\u00e4ynn\u00e4 vaaleanpunaista ruusua, apesiini-inkiv\u00e4\u00e4ri\u00e4 ja vaniljaa. Helppo levitt\u00e4\u00e4 ja nopeasti imeytyv\u00e4 j\u00e4tt\u00e4en ihon pehme\u00e4ksi ja kevyesti tuoksuiseksi.<\/p>\n","protected":false},"featured_media":115232,"comment_status":"open","ping_status":"closed","template":"","meta":{"_trash_the_other_posts":false},"product_brand":[],"product_cat":[572],"product_tag":[],"berocket_brand":[1353],"class_list":{"0":"post-115234","1":"product","2":"type-product","3":"status-publish","4":"has-post-thumbnail","6":"product_cat-vartalovoide","7":"pa_brand-jean-paul-gaultier","8":"berocket_brand-jean-paul-gaultier","10":"first","11":"instock","12":"sale","13":"taxable","14":"shipping-taxable","15":"purchasable","16":"product-type-simple"},"_links":{"self":[{"href":"https:\/\/stylingagenten.com\/fi\/wp-json\/wp\/v2\/product\/115234","targetHints":{"allow":["GET"]}}],"collection":[{"href":"https:\/\/stylingagenten.com\/fi\/wp-json\/wp\/v2\/product"}],"about":[{"href":"https:\/\/stylingagenten.com\/fi\/wp-json\/wp\/v2\/types\/product"}],"replies":[{"embeddable":true,"href":"https:\/\/stylingagenten.com\/fi\/wp-json\/wp\/v2\/comments?post=115234"}],"version-history":[{"count":0,"href":"https:\/\/stylingagenten.com\/fi\/wp-json\/wp\/v2\/product\/115234\/revisions"}],"wp:featuredmedia":[{"embeddable":true,"href":"https:\/\/stylingagenten.com\/fi\/wp-json\/wp\/v2\/media\/115232"}],"wp:attachment":[{"href":"https:\/\/stylingagenten.com\/fi\/wp-json\/wp\/v2\/media?parent=115234"}],"wp:term":[{"taxonomy":"product_brand","embeddable":true,"href":"https:\/\/stylingagenten.com\/fi\/wp-json\/wp\/v2\/product_brand?post=115234"},{"taxonomy":"product_cat","embeddable":true,"href":"https:\/\/stylingagenten.com\/fi\/wp-json\/wp\/v2\/product_cat?post=115234"},{"taxonomy":"product_tag","embeddable":true,"href":"https:\/\/stylingagenten.com\/fi\/wp-json\/wp\/v2\/product_tag?post=115234"},{"taxonomy":"berocket_brand","embeddable":true,"href":"https:\/\/stylingagenten.com\/fi\/wp-json\/wp\/v2\/berocket_brand?post=115234"}],"curies":[{"name":"wp","href":"https:\/\/api.w.org\/{rel}","templated":true}]}}