{"id":115224,"date":"2025-05-18T21:13:17","date_gmt":"2025-05-18T21:13:17","guid":{"rendered":"https:\/\/staging2.stylingagenten.com\/fi\/produkt\/vaseline-intensive-care-essential-healing-body-lotion-200ml\/"},"modified":"2026-04-08T12:58:48","modified_gmt":"2026-04-08T12:58:48","slug":"vaseline-intensive-care-essential-healing-body-lotion-200ml","status":"publish","type":"product","link":"https:\/\/stylingagenten.com\/fi\/tuote\/vaseline-intensive-care-essential-healing-body-lotion-200ml\/","title":{"rendered":"Vaseline Intensive Care Essential Healing Body Lotion 200ml"},"content":{"rendered":"<p>Vaseline Intensive Care Essential Healing Skin Lotion on yhdist\u00e4nyt korjaavat mikropisarat Vaseline Originalia nopeasti imeytyv\u00e4\u00e4n kosteuttavaan koostumukseen. Tuloksena on voide, joka kosteuttaa ja korjaa eritt\u00e4in kuivaa ihoa ilman raitoja ja iho n\u00e4ytt\u00e4\u00e4 ja tuntuu terveemm\u00e4lt\u00e4.<\/p>\n","protected":false},"excerpt":{"rendered":"<p>Vaseline Intensive Care Essential Healing Skin Lotion on yhdist\u00e4nyt korjaavat mikropisarat Vaseline Originalia nopeasti imeytyv\u00e4\u00e4n kosteuttavaan koostumukseen. Tuloksena on voide, joka kosteuttaa ja korjaa eritt\u00e4in kuivaa ihoa ilman raitoja ja iho n\u00e4ytt\u00e4\u00e4 ja tuntuu terveemm\u00e4lt\u00e4.<\/p>\n","protected":false},"featured_media":115222,"comment_status":"open","ping_status":"closed","template":"","meta":{"_trash_the_other_posts":false},"product_brand":[],"product_cat":[572],"product_tag":[4035],"berocket_brand":[1260],"class_list":{"0":"post-115224","1":"product","2":"type-product","3":"status-publish","4":"has-post-thumbnail","6":"product_cat-vartalovoide","7":"product_tag-vaseline-intensive-care-essential-healing-body-lotion","8":"pa_brand-vaseline","9":"pa_variantti-200ml","10":"berocket_brand-vaseline","12":"first","13":"instock","14":"sale","15":"taxable","16":"shipping-taxable","17":"purchasable","18":"product-type-simple"},"_links":{"self":[{"href":"https:\/\/stylingagenten.com\/fi\/wp-json\/wp\/v2\/product\/115224","targetHints":{"allow":["GET"]}}],"collection":[{"href":"https:\/\/stylingagenten.com\/fi\/wp-json\/wp\/v2\/product"}],"about":[{"href":"https:\/\/stylingagenten.com\/fi\/wp-json\/wp\/v2\/types\/product"}],"replies":[{"embeddable":true,"href":"https:\/\/stylingagenten.com\/fi\/wp-json\/wp\/v2\/comments?post=115224"}],"version-history":[{"count":0,"href":"https:\/\/stylingagenten.com\/fi\/wp-json\/wp\/v2\/product\/115224\/revisions"}],"wp:featuredmedia":[{"embeddable":true,"href":"https:\/\/stylingagenten.com\/fi\/wp-json\/wp\/v2\/media\/115222"}],"wp:attachment":[{"href":"https:\/\/stylingagenten.com\/fi\/wp-json\/wp\/v2\/media?parent=115224"}],"wp:term":[{"taxonomy":"product_brand","embeddable":true,"href":"https:\/\/stylingagenten.com\/fi\/wp-json\/wp\/v2\/product_brand?post=115224"},{"taxonomy":"product_cat","embeddable":true,"href":"https:\/\/stylingagenten.com\/fi\/wp-json\/wp\/v2\/product_cat?post=115224"},{"taxonomy":"product_tag","embeddable":true,"href":"https:\/\/stylingagenten.com\/fi\/wp-json\/wp\/v2\/product_tag?post=115224"},{"taxonomy":"berocket_brand","embeddable":true,"href":"https:\/\/stylingagenten.com\/fi\/wp-json\/wp\/v2\/berocket_brand?post=115224"}],"curies":[{"name":"wp","href":"https:\/\/api.w.org\/{rel}","templated":true}]}}