{"id":115223,"date":"2025-05-18T21:13:16","date_gmt":"2025-05-18T21:13:16","guid":{"rendered":"https:\/\/staging2.stylingagenten.com\/fi\/produkt\/jean-paul-gaultier-scandal-body-lotion-200ml\/"},"modified":"2026-03-15T18:37:25","modified_gmt":"2026-03-15T18:37:25","slug":"jean-paul-gaultier-scandal-body-lotion-200ml","status":"publish","type":"product","link":"https:\/\/stylingagenten.com\/fi\/tuote\/jean-paul-gaultier-scandal-body-lotion-200ml\/","title":{"rendered":"Jean Paul Gaultier Scandal Body Lotion 200ml"},"content":{"rendered":"<p>Kosteuttava vartaloemulsio Jean Paul Gaultier&#8217;s Scandalin tuoksulla &#8211; makea mutta samalla r\u00f6yhke\u00e4 tuoksu, jossa on n\u00e4kyv\u00e4 hunaja, mutta my\u00f6s patsuli, veriappelsiini ja gardenia, jotka yll\u00e4tt\u00e4v\u00e4t.<\/p>\n","protected":false},"excerpt":{"rendered":"<p>Kosteuttava vartaloemulsio Jean Paul Gaultier&#8217;s Scandalin tuoksulla &#8211; makea mutta samalla r\u00f6yhke\u00e4 tuoksu, jossa on n\u00e4kyv\u00e4 hunaja, mutta my\u00f6s patsuli, veriappelsiini ja gardenia, jotka yll\u00e4tt\u00e4v\u00e4t.<\/p>\n","protected":false},"featured_media":115220,"comment_status":"open","ping_status":"closed","template":"","meta":{"_trash_the_other_posts":false},"product_brand":[],"product_cat":[572],"product_tag":[],"berocket_brand":[1353],"class_list":{"0":"post-115223","1":"product","2":"type-product","3":"status-publish","4":"has-post-thumbnail","6":"product_cat-vartalovoide","7":"pa_brand-jean-paul-gaultier","8":"berocket_brand-jean-paul-gaultier","10":"first","11":"instock","12":"sale","13":"taxable","14":"shipping-taxable","15":"purchasable","16":"product-type-simple"},"_links":{"self":[{"href":"https:\/\/stylingagenten.com\/fi\/wp-json\/wp\/v2\/product\/115223","targetHints":{"allow":["GET"]}}],"collection":[{"href":"https:\/\/stylingagenten.com\/fi\/wp-json\/wp\/v2\/product"}],"about":[{"href":"https:\/\/stylingagenten.com\/fi\/wp-json\/wp\/v2\/types\/product"}],"replies":[{"embeddable":true,"href":"https:\/\/stylingagenten.com\/fi\/wp-json\/wp\/v2\/comments?post=115223"}],"version-history":[{"count":0,"href":"https:\/\/stylingagenten.com\/fi\/wp-json\/wp\/v2\/product\/115223\/revisions"}],"wp:featuredmedia":[{"embeddable":true,"href":"https:\/\/stylingagenten.com\/fi\/wp-json\/wp\/v2\/media\/115220"}],"wp:attachment":[{"href":"https:\/\/stylingagenten.com\/fi\/wp-json\/wp\/v2\/media?parent=115223"}],"wp:term":[{"taxonomy":"product_brand","embeddable":true,"href":"https:\/\/stylingagenten.com\/fi\/wp-json\/wp\/v2\/product_brand?post=115223"},{"taxonomy":"product_cat","embeddable":true,"href":"https:\/\/stylingagenten.com\/fi\/wp-json\/wp\/v2\/product_cat?post=115223"},{"taxonomy":"product_tag","embeddable":true,"href":"https:\/\/stylingagenten.com\/fi\/wp-json\/wp\/v2\/product_tag?post=115223"},{"taxonomy":"berocket_brand","embeddable":true,"href":"https:\/\/stylingagenten.com\/fi\/wp-json\/wp\/v2\/berocket_brand?post=115223"}],"curies":[{"name":"wp","href":"https:\/\/api.w.org\/{rel}","templated":true}]}}