{"id":115221,"date":"2025-05-18T21:13:16","date_gmt":"2025-05-18T21:13:16","guid":{"rendered":"https:\/\/staging2.stylingagenten.com\/fi\/produkt\/nina-ricci-lair-du-temps-body-lotion-200ml\/"},"modified":"2026-03-31T12:48:43","modified_gmt":"2026-03-31T12:48:43","slug":"nina-ricci-lair-du-temps-body-lotion-200ml","status":"publish","type":"product","link":"https:\/\/stylingagenten.com\/fi\/tuote\/nina-ricci-lair-du-temps-body-lotion-200ml\/","title":{"rendered":"Nina Ricci L&#8217;Air du Temps Body Lotion 200ml"},"content":{"rendered":"<p>L&#8217;air du Temps on ensimm\u00e4inen Nina Riccin tuoksu vuodelta 1948. Mestariteos, sek\u00e4 ajaton ett\u00e4 ultramoderni, symboloi rakkautta, rauhaa ja puhtautta. L&#8217;air du Tempsissa on mausteinen kukkaistuoksu, jonka nykyaikaisuus ja tasapaino ovat yht\u00e4 suosittuja nyt kuin silloin. Ihanan pehment\u00e4v\u00e4 vartalovoide. <\/p>\n<p>Alkutuoksu: Gardenia, jasmiini. Syd\u00e4ntuoksu: Mausteinen neilikka, pippurinen ruusu. <br \/>Pohjatuoksu: santelipuu, iiris.<\/p>\n","protected":false},"excerpt":{"rendered":"<p>L&#8217;air du Temps on ensimm\u00e4inen Nina Riccin tuoksu vuodelta 1948. Mestariteos, sek\u00e4 ajaton ett\u00e4 ultramoderni, symboloi rakkautta, rauhaa ja puhtautta. L&#8217;air du Tempsissa on mausteinen kukkaistuoksu, jonka nykyaikaisuus ja tasapaino ovat yht\u00e4 suosittuja nyt kuin silloin. Ihanan pehment\u00e4v\u00e4 vartalovoide. Alkutuoksu: Gardenia, jasmiini. Syd\u00e4ntuoksu: Mausteinen neilikka, pippurinen ruusu. Pohjatuoksu: santelipuu, iiris.<\/p>\n","protected":false},"featured_media":115218,"comment_status":"open","ping_status":"closed","template":"","meta":{"_trash_the_other_posts":false},"product_brand":[],"product_cat":[572],"product_tag":[],"berocket_brand":[1096],"class_list":{"0":"post-115221","1":"product","2":"type-product","3":"status-publish","4":"has-post-thumbnail","6":"product_cat-vartalovoide","7":"pa_brand-nina-ricci","8":"berocket_brand-nina-ricci","10":"first","11":"instock","12":"sale","13":"taxable","14":"shipping-taxable","15":"purchasable","16":"product-type-simple"},"_links":{"self":[{"href":"https:\/\/stylingagenten.com\/fi\/wp-json\/wp\/v2\/product\/115221","targetHints":{"allow":["GET"]}}],"collection":[{"href":"https:\/\/stylingagenten.com\/fi\/wp-json\/wp\/v2\/product"}],"about":[{"href":"https:\/\/stylingagenten.com\/fi\/wp-json\/wp\/v2\/types\/product"}],"replies":[{"embeddable":true,"href":"https:\/\/stylingagenten.com\/fi\/wp-json\/wp\/v2\/comments?post=115221"}],"version-history":[{"count":0,"href":"https:\/\/stylingagenten.com\/fi\/wp-json\/wp\/v2\/product\/115221\/revisions"}],"wp:featuredmedia":[{"embeddable":true,"href":"https:\/\/stylingagenten.com\/fi\/wp-json\/wp\/v2\/media\/115218"}],"wp:attachment":[{"href":"https:\/\/stylingagenten.com\/fi\/wp-json\/wp\/v2\/media?parent=115221"}],"wp:term":[{"taxonomy":"product_brand","embeddable":true,"href":"https:\/\/stylingagenten.com\/fi\/wp-json\/wp\/v2\/product_brand?post=115221"},{"taxonomy":"product_cat","embeddable":true,"href":"https:\/\/stylingagenten.com\/fi\/wp-json\/wp\/v2\/product_cat?post=115221"},{"taxonomy":"product_tag","embeddable":true,"href":"https:\/\/stylingagenten.com\/fi\/wp-json\/wp\/v2\/product_tag?post=115221"},{"taxonomy":"berocket_brand","embeddable":true,"href":"https:\/\/stylingagenten.com\/fi\/wp-json\/wp\/v2\/berocket_brand?post=115221"}],"curies":[{"name":"wp","href":"https:\/\/api.w.org\/{rel}","templated":true}]}}