{"id":115213,"date":"2025-05-18T21:13:15","date_gmt":"2025-05-18T21:13:15","guid":{"rendered":"https:\/\/staging2.stylingagenten.com\/fi\/produkt\/neutrogena-norwegian-visibly-renew-firming-body-lotion-400ml\/"},"modified":"2026-04-12T05:48:27","modified_gmt":"2026-04-12T05:48:27","slug":"neutrogena-norwegian-visibly-renew-firming-body-lotion-400ml","status":"publish","type":"product","link":"https:\/\/stylingagenten.com\/fi\/tuote\/neutrogena-norwegian-visibly-renew-firming-body-lotion-400ml\/","title":{"rendered":"Neutrogena Norwegian Visibly Renew Firming Body Lotion 400ml"},"content":{"rendered":"<p>Neutrogena Norwegian Visibly Renew kiinteytt\u00e4v\u00e4 vartaloemulsio 400 ml<br \/>Neutrogena\u00ae Visibly Renew kiinteytt\u00e4v\u00e4 vartaloemulsio, 400 ml, on vartalovoide, joka yhdist\u00e4\u00e4 intensiivisen kosteutuksen aktiivisiin mineraaleihin, jotka auttavat parantamaan ihon omaa kollageenituotantoa (in vitro). Se tarjoaa iholle pitk\u00e4kestoista kosteutta kuivalle iholle ja palauttaa ihon kimmoisuuden, eron n\u00e4et ja tunnet jo 10 p\u00e4iv\u00e4ss\u00e4. Tahraton, nopeasti imeytyv\u00e4 rakenne, joka j\u00e4tt\u00e4\u00e4 miedon tuoksun ja pehme\u00e4n tunteen.<\/p>\n","protected":false},"excerpt":{"rendered":"<p>Neutrogena Norwegian Visibly Renew kiinteytt\u00e4v\u00e4 vartaloemulsio 400 mlNeutrogena\u00ae Visibly Renew kiinteytt\u00e4v\u00e4 vartaloemulsio, 400 ml, on vartalovoide, joka yhdist\u00e4\u00e4 intensiivisen kosteutuksen aktiivisiin mineraaleihin, jotka auttavat parantamaan ihon omaa kollageenituotantoa (in vitro). Se tarjoaa iholle pitk\u00e4kestoista kosteutta kuivalle iholle ja palauttaa ihon kimmoisuuden, eron n\u00e4et ja tunnet jo 10 p\u00e4iv\u00e4ss\u00e4. Tahraton, nopeasti imeytyv\u00e4 rakenne, joka j\u00e4tt\u00e4\u00e4 miedon [&hellip;]<\/p>\n","protected":false},"featured_media":115211,"comment_status":"open","ping_status":"closed","template":"","meta":{"_trash_the_other_posts":false},"product_brand":[],"product_cat":[572],"product_tag":[],"berocket_brand":[1262],"class_list":{"0":"post-115213","1":"product","2":"type-product","3":"status-publish","4":"has-post-thumbnail","6":"product_cat-vartalovoide","7":"pa_brand-neutrogena","8":"berocket_brand-neutrogena","10":"first","11":"instock","12":"sale","13":"taxable","14":"shipping-taxable","15":"purchasable","16":"product-type-simple"},"_links":{"self":[{"href":"https:\/\/stylingagenten.com\/fi\/wp-json\/wp\/v2\/product\/115213","targetHints":{"allow":["GET"]}}],"collection":[{"href":"https:\/\/stylingagenten.com\/fi\/wp-json\/wp\/v2\/product"}],"about":[{"href":"https:\/\/stylingagenten.com\/fi\/wp-json\/wp\/v2\/types\/product"}],"replies":[{"embeddable":true,"href":"https:\/\/stylingagenten.com\/fi\/wp-json\/wp\/v2\/comments?post=115213"}],"version-history":[{"count":0,"href":"https:\/\/stylingagenten.com\/fi\/wp-json\/wp\/v2\/product\/115213\/revisions"}],"wp:featuredmedia":[{"embeddable":true,"href":"https:\/\/stylingagenten.com\/fi\/wp-json\/wp\/v2\/media\/115211"}],"wp:attachment":[{"href":"https:\/\/stylingagenten.com\/fi\/wp-json\/wp\/v2\/media?parent=115213"}],"wp:term":[{"taxonomy":"product_brand","embeddable":true,"href":"https:\/\/stylingagenten.com\/fi\/wp-json\/wp\/v2\/product_brand?post=115213"},{"taxonomy":"product_cat","embeddable":true,"href":"https:\/\/stylingagenten.com\/fi\/wp-json\/wp\/v2\/product_cat?post=115213"},{"taxonomy":"product_tag","embeddable":true,"href":"https:\/\/stylingagenten.com\/fi\/wp-json\/wp\/v2\/product_tag?post=115213"},{"taxonomy":"berocket_brand","embeddable":true,"href":"https:\/\/stylingagenten.com\/fi\/wp-json\/wp\/v2\/berocket_brand?post=115213"}],"curies":[{"name":"wp","href":"https:\/\/api.w.org\/{rel}","templated":true}]}}