{"id":115193,"date":"2025-05-18T21:13:11","date_gmt":"2025-05-18T21:13:11","guid":{"rendered":"https:\/\/staging2.stylingagenten.com\/fi\/produkt\/elizabeth-arden-visible-difference-special-moisture-formula-body-lotion-300ml\/"},"modified":"2026-01-27T08:47:12","modified_gmt":"2026-01-27T08:47:12","slug":"elizabeth-arden-visible-difference-special-moisture-formula-body-lotion-300ml","status":"publish","type":"product","link":"https:\/\/stylingagenten.com\/fi\/tuote\/elizabeth-arden-visible-difference-special-moisture-formula-body-lotion-300ml\/","title":{"rendered":"Elizabeth Arden Visible Difference Special Moisture Formula Body Lotion 300ml"},"content":{"rendered":"<p>Elizabeth Arden Visible Difference Special Moisture Formula Body Lotion 300ml<br \/>Visible Difference Body Lotion on Elizabeth Ardenin vartaloemulsio, joka sis\u00e4lt\u00e4\u00e4 ainesosia, jotka tekev\u00e4t ihosta pehme\u00e4n, sile\u00e4n ja kosteutetun.<br \/>Kest\u00e4\u00e4 pidemp\u00e4\u00e4n ja imeytyy nopeasti ihoon.<br \/>Tuoksuu kevyesti.<br \/>Heroa ymp\u00e4ri vartaloa py\u00f6rivin liikkein.<\/p>\n","protected":false},"excerpt":{"rendered":"<p>Elizabeth Arden Visible Difference Special Moisture Formula Body Lotion 300mlVisible Difference Body Lotion on Elizabeth Ardenin vartaloemulsio, joka sis\u00e4lt\u00e4\u00e4 ainesosia, jotka tekev\u00e4t ihosta pehme\u00e4n, sile\u00e4n ja kosteutetun.Kest\u00e4\u00e4 pidemp\u00e4\u00e4n ja imeytyy nopeasti ihoon.Tuoksuu kevyesti.Heroa ymp\u00e4ri vartaloa py\u00f6rivin liikkein.<\/p>\n","protected":false},"featured_media":115191,"comment_status":"open","ping_status":"closed","template":"","meta":{"_trash_the_other_posts":false},"product_brand":[],"product_cat":[559],"product_tag":[],"berocket_brand":[1303],"class_list":{"0":"post-115193","1":"product","2":"type-product","3":"status-publish","4":"has-post-thumbnail","6":"product_cat-ansiktskrem","7":"pa_brand-elizabeth-arden","8":"berocket_brand-elizabeth-arden","10":"first","11":"instock","12":"sale","13":"taxable","14":"shipping-taxable","15":"purchasable","16":"product-type-simple"},"_links":{"self":[{"href":"https:\/\/stylingagenten.com\/fi\/wp-json\/wp\/v2\/product\/115193","targetHints":{"allow":["GET"]}}],"collection":[{"href":"https:\/\/stylingagenten.com\/fi\/wp-json\/wp\/v2\/product"}],"about":[{"href":"https:\/\/stylingagenten.com\/fi\/wp-json\/wp\/v2\/types\/product"}],"replies":[{"embeddable":true,"href":"https:\/\/stylingagenten.com\/fi\/wp-json\/wp\/v2\/comments?post=115193"}],"version-history":[{"count":0,"href":"https:\/\/stylingagenten.com\/fi\/wp-json\/wp\/v2\/product\/115193\/revisions"}],"wp:featuredmedia":[{"embeddable":true,"href":"https:\/\/stylingagenten.com\/fi\/wp-json\/wp\/v2\/media\/115191"}],"wp:attachment":[{"href":"https:\/\/stylingagenten.com\/fi\/wp-json\/wp\/v2\/media?parent=115193"}],"wp:term":[{"taxonomy":"product_brand","embeddable":true,"href":"https:\/\/stylingagenten.com\/fi\/wp-json\/wp\/v2\/product_brand?post=115193"},{"taxonomy":"product_cat","embeddable":true,"href":"https:\/\/stylingagenten.com\/fi\/wp-json\/wp\/v2\/product_cat?post=115193"},{"taxonomy":"product_tag","embeddable":true,"href":"https:\/\/stylingagenten.com\/fi\/wp-json\/wp\/v2\/product_tag?post=115193"},{"taxonomy":"berocket_brand","embeddable":true,"href":"https:\/\/stylingagenten.com\/fi\/wp-json\/wp\/v2\/berocket_brand?post=115193"}],"curies":[{"name":"wp","href":"https:\/\/api.w.org\/{rel}","templated":true}]}}