{"id":115183,"date":"2025-05-18T21:13:10","date_gmt":"2025-05-18T21:13:10","guid":{"rendered":"https:\/\/staging2.stylingagenten.com\/fi\/produkt\/aveeno-skin-relief-moisturising-lotion-300ml\/"},"modified":"2026-02-07T20:16:32","modified_gmt":"2026-02-07T20:16:32","slug":"aveeno-skin-relief-moisturising-lotion-300ml","status":"publish","type":"product","link":"https:\/\/stylingagenten.com\/fi\/tuote\/aveeno-skin-relief-moisturising-lotion-300ml\/","title":{"rendered":"Aveeno Skin Relief Moisturising Lotion 300ml"},"content":{"rendered":"<p>Aveeno Skin Relief Moisturizing Lotion on hajusteeton ihovoide, joka rauhoittaa ja kosteuttaa eritt\u00e4in kuivaa, \u00e4rtynytt\u00e4 ja herkk\u00e4\u00e4 ihoa. Voidessa on rikas, nopeasti imeytyv\u00e4 ja tahraton koostumus.<br \/>Aveeno Skin Relief lotion sis\u00e4lt\u00e4\u00e4 muun muassa sheavoita ja prebioottista kolmoiskaurakompleksia, joka koostuu kaurajauhosta, kaurauutteesta ja kaura\u00f6ljyst\u00e4, joka auttaa tasapainottamaan ihoa ihon luonnollista mikrobiomia ja palauttaa ihon suojan. T\u00e4m\u00e4 tekee ihosta kimmoisan ja saa ihon n\u00e4ytt\u00e4m\u00e4\u00e4n terveelt\u00e4.<br \/>Sopii herk\u00e4lle iholle.<br \/>300ml<\/p>\n","protected":false},"excerpt":{"rendered":"<p>Aveeno Skin Relief Moisturizing Lotion on hajusteeton ihovoide, joka rauhoittaa ja kosteuttaa eritt\u00e4in kuivaa, \u00e4rtynytt\u00e4 ja herkk\u00e4\u00e4 ihoa. Voidessa on rikas, nopeasti imeytyv\u00e4 ja tahraton koostumus.Aveeno Skin Relief lotion sis\u00e4lt\u00e4\u00e4 muun muassa sheavoita ja prebioottista kolmoiskaurakompleksia, joka koostuu kaurajauhosta, kaurauutteesta ja kaura\u00f6ljyst\u00e4, joka auttaa tasapainottamaan ihoa ihon luonnollista mikrobiomia ja palauttaa ihon suojan. T\u00e4m\u00e4 tekee [&hellip;]<\/p>\n","protected":false},"featured_media":115173,"comment_status":"open","ping_status":"closed","template":"","meta":{"_trash_the_other_posts":false},"product_brand":[],"product_cat":[572],"product_tag":[],"berocket_brand":[1410],"class_list":{"0":"post-115183","1":"product","2":"type-product","3":"status-publish","4":"has-post-thumbnail","6":"product_cat-vartalovoide","7":"pa_brand-aveeno","8":"berocket_brand-aveeno","10":"first","11":"instock","12":"sale","13":"taxable","14":"shipping-taxable","15":"purchasable","16":"product-type-simple"},"_links":{"self":[{"href":"https:\/\/stylingagenten.com\/fi\/wp-json\/wp\/v2\/product\/115183","targetHints":{"allow":["GET"]}}],"collection":[{"href":"https:\/\/stylingagenten.com\/fi\/wp-json\/wp\/v2\/product"}],"about":[{"href":"https:\/\/stylingagenten.com\/fi\/wp-json\/wp\/v2\/types\/product"}],"replies":[{"embeddable":true,"href":"https:\/\/stylingagenten.com\/fi\/wp-json\/wp\/v2\/comments?post=115183"}],"version-history":[{"count":0,"href":"https:\/\/stylingagenten.com\/fi\/wp-json\/wp\/v2\/product\/115183\/revisions"}],"wp:featuredmedia":[{"embeddable":true,"href":"https:\/\/stylingagenten.com\/fi\/wp-json\/wp\/v2\/media\/115173"}],"wp:attachment":[{"href":"https:\/\/stylingagenten.com\/fi\/wp-json\/wp\/v2\/media?parent=115183"}],"wp:term":[{"taxonomy":"product_brand","embeddable":true,"href":"https:\/\/stylingagenten.com\/fi\/wp-json\/wp\/v2\/product_brand?post=115183"},{"taxonomy":"product_cat","embeddable":true,"href":"https:\/\/stylingagenten.com\/fi\/wp-json\/wp\/v2\/product_cat?post=115183"},{"taxonomy":"product_tag","embeddable":true,"href":"https:\/\/stylingagenten.com\/fi\/wp-json\/wp\/v2\/product_tag?post=115183"},{"taxonomy":"berocket_brand","embeddable":true,"href":"https:\/\/stylingagenten.com\/fi\/wp-json\/wp\/v2\/berocket_brand?post=115183"}],"curies":[{"name":"wp","href":"https:\/\/api.w.org\/{rel}","templated":true}]}}