{"id":115163,"date":"2025-05-18T21:13:07","date_gmt":"2025-05-18T21:13:07","guid":{"rendered":"https:\/\/staging2.stylingagenten.com\/fi\/produkt\/vaseline-aloe-soothing-hydration-body-lotion-600ml\/"},"modified":"2026-04-08T07:09:37","modified_gmt":"2026-04-08T07:09:37","slug":"vaseline-aloe-soothing-hydration-body-lotion-600ml","status":"publish","type":"product","link":"https:\/\/stylingagenten.com\/fi\/tuote\/vaseline-aloe-soothing-hydration-body-lotion-600ml\/","title":{"rendered":"Vaseline Aloe Soothing Hydration Body Lotion 600ml"},"content":{"rendered":"<p>Vaseline Intensive Care Aloe Soothe Body Lotion on ihovoide, joka kosteuttaa ihoa lis\u00e4ttyjen vaseliini- ja aloe vera-mikropisaroiden avulla.<\/p>\n<p>Aloe Soothe -voiteen on kliinisesti todistettu kosteuttavan ensimm\u00e4isest\u00e4 k\u00e4ytt\u00f6kerrasta l\u00e4htien. voide imeytyy nopeasti ihoon.<\/p>\n","protected":false},"excerpt":{"rendered":"<p>Vaseline Intensive Care Aloe Soothe Body Lotion on ihovoide, joka kosteuttaa ihoa lis\u00e4ttyjen vaseliini- ja aloe vera-mikropisaroiden avulla. Aloe Soothe -voiteen on kliinisesti todistettu kosteuttavan ensimm\u00e4isest\u00e4 k\u00e4ytt\u00f6kerrasta l\u00e4htien. voide imeytyy nopeasti ihoon.<\/p>\n","protected":false},"featured_media":115160,"comment_status":"open","ping_status":"closed","template":"","meta":{"_trash_the_other_posts":false},"product_brand":[],"product_cat":[572],"product_tag":[],"berocket_brand":[1260],"class_list":{"0":"post-115163","1":"product","2":"type-product","3":"status-publish","4":"has-post-thumbnail","6":"product_cat-vartalovoide","7":"pa_brand-vaseline","8":"berocket_brand-vaseline","10":"first","11":"instock","12":"sale","13":"taxable","14":"shipping-taxable","15":"purchasable","16":"product-type-simple"},"_links":{"self":[{"href":"https:\/\/stylingagenten.com\/fi\/wp-json\/wp\/v2\/product\/115163","targetHints":{"allow":["GET"]}}],"collection":[{"href":"https:\/\/stylingagenten.com\/fi\/wp-json\/wp\/v2\/product"}],"about":[{"href":"https:\/\/stylingagenten.com\/fi\/wp-json\/wp\/v2\/types\/product"}],"replies":[{"embeddable":true,"href":"https:\/\/stylingagenten.com\/fi\/wp-json\/wp\/v2\/comments?post=115163"}],"version-history":[{"count":0,"href":"https:\/\/stylingagenten.com\/fi\/wp-json\/wp\/v2\/product\/115163\/revisions"}],"wp:featuredmedia":[{"embeddable":true,"href":"https:\/\/stylingagenten.com\/fi\/wp-json\/wp\/v2\/media\/115160"}],"wp:attachment":[{"href":"https:\/\/stylingagenten.com\/fi\/wp-json\/wp\/v2\/media?parent=115163"}],"wp:term":[{"taxonomy":"product_brand","embeddable":true,"href":"https:\/\/stylingagenten.com\/fi\/wp-json\/wp\/v2\/product_brand?post=115163"},{"taxonomy":"product_cat","embeddable":true,"href":"https:\/\/stylingagenten.com\/fi\/wp-json\/wp\/v2\/product_cat?post=115163"},{"taxonomy":"product_tag","embeddable":true,"href":"https:\/\/stylingagenten.com\/fi\/wp-json\/wp\/v2\/product_tag?post=115163"},{"taxonomy":"berocket_brand","embeddable":true,"href":"https:\/\/stylingagenten.com\/fi\/wp-json\/wp\/v2\/berocket_brand?post=115163"}],"curies":[{"name":"wp","href":"https:\/\/api.w.org\/{rel}","templated":true}]}}