{"id":115148,"date":"2025-05-18T21:13:05","date_gmt":"2025-05-18T21:13:05","guid":{"rendered":"https:\/\/staging2.stylingagenten.com\/fi\/produkt\/aveeno-daily-moisturising-after-shower-mist-200ml\/"},"modified":"2026-03-30T10:27:31","modified_gmt":"2026-03-30T10:27:31","slug":"aveeno-daily-moisturising-after-shower-mist-200ml","status":"publish","type":"product","link":"https:\/\/stylingagenten.com\/fi\/tuote\/aveeno-daily-moisturising-after-shower-mist-200ml\/","title":{"rendered":"Aveeno Daily Moisturising After-Shower Mist 200ml"},"content":{"rendered":"<p>Aveeno Daily Moisturising After-Shower Mist on \u00f6ljyt\u00f6n, nopeasti imeytyv\u00e4 suihke, joka intensiivisesti ravitsee ja lukitsee kosteuden jopa 48 tunniksi. Kaura\u00f6ljy\u00e4 sis\u00e4lt\u00e4v\u00e4 koostumus parantaa ihon luonnollista tasapainoa terveemm\u00e4n ja kest\u00e4v\u00e4mm\u00e4n ihon saavuttamiseksi heti ensimm\u00e4isest\u00e4 k\u00e4yt\u00f6st\u00e4 alkaen. Sen korkeaa siedett\u00e4vyytt\u00e4 omaava formula auttaa est\u00e4m\u00e4\u00e4n, suojaamaan ja ravitsemaan kuivaa ihoa, jotta iho on pehme\u00e4, sile\u00e4 ja kaunis koko p\u00e4iv\u00e4n. Aveeno Daily Moisturising After-Shower Mist sopii herk\u00e4lle iholle. Koostumus on testattu dermatologisesti, hajusteeton ja sopii normaalille ja kuivalle iholle.<\/p>\n<p>200ml<\/p>\n","protected":false},"excerpt":{"rendered":"<p>Aveeno Daily Moisturising After-Shower Mist on \u00f6ljyt\u00f6n, nopeasti imeytyv\u00e4 suihke, joka intensiivisesti ravitsee ja lukitsee kosteuden jopa 48 tunniksi. Kaura\u00f6ljy\u00e4 sis\u00e4lt\u00e4v\u00e4 koostumus parantaa ihon luonnollista tasapainoa terveemm\u00e4n ja kest\u00e4v\u00e4mm\u00e4n ihon saavuttamiseksi heti ensimm\u00e4isest\u00e4 k\u00e4yt\u00f6st\u00e4 alkaen. Sen korkeaa siedett\u00e4vyytt\u00e4 omaava formula auttaa est\u00e4m\u00e4\u00e4n, suojaamaan ja ravitsemaan kuivaa ihoa, jotta iho on pehme\u00e4, sile\u00e4 ja kaunis koko [&hellip;]<\/p>\n","protected":false},"featured_media":115130,"comment_status":"open","ping_status":"closed","template":"","meta":{"_trash_the_other_posts":false},"product_brand":[],"product_cat":[572],"product_tag":[],"berocket_brand":[1410],"class_list":{"0":"post-115148","1":"product","2":"type-product","3":"status-publish","4":"has-post-thumbnail","6":"product_cat-vartalovoide","7":"pa_brand-aveeno","8":"berocket_brand-aveeno","10":"first","11":"instock","12":"sale","13":"taxable","14":"shipping-taxable","15":"purchasable","16":"product-type-simple"},"_links":{"self":[{"href":"https:\/\/stylingagenten.com\/fi\/wp-json\/wp\/v2\/product\/115148","targetHints":{"allow":["GET"]}}],"collection":[{"href":"https:\/\/stylingagenten.com\/fi\/wp-json\/wp\/v2\/product"}],"about":[{"href":"https:\/\/stylingagenten.com\/fi\/wp-json\/wp\/v2\/types\/product"}],"replies":[{"embeddable":true,"href":"https:\/\/stylingagenten.com\/fi\/wp-json\/wp\/v2\/comments?post=115148"}],"version-history":[{"count":0,"href":"https:\/\/stylingagenten.com\/fi\/wp-json\/wp\/v2\/product\/115148\/revisions"}],"wp:featuredmedia":[{"embeddable":true,"href":"https:\/\/stylingagenten.com\/fi\/wp-json\/wp\/v2\/media\/115130"}],"wp:attachment":[{"href":"https:\/\/stylingagenten.com\/fi\/wp-json\/wp\/v2\/media?parent=115148"}],"wp:term":[{"taxonomy":"product_brand","embeddable":true,"href":"https:\/\/stylingagenten.com\/fi\/wp-json\/wp\/v2\/product_brand?post=115148"},{"taxonomy":"product_cat","embeddable":true,"href":"https:\/\/stylingagenten.com\/fi\/wp-json\/wp\/v2\/product_cat?post=115148"},{"taxonomy":"product_tag","embeddable":true,"href":"https:\/\/stylingagenten.com\/fi\/wp-json\/wp\/v2\/product_tag?post=115148"},{"taxonomy":"berocket_brand","embeddable":true,"href":"https:\/\/stylingagenten.com\/fi\/wp-json\/wp\/v2\/berocket_brand?post=115148"}],"curies":[{"name":"wp","href":"https:\/\/api.w.org\/{rel}","templated":true}]}}