{"id":115144,"date":"2025-05-18T21:13:04","date_gmt":"2025-05-18T21:13:04","guid":{"rendered":"https:\/\/staging2.stylingagenten.com\/fi\/produkt\/sachajuan-body-lotion-ginger-flower-500ml\/"},"modified":"2025-11-19T12:40:23","modified_gmt":"2025-11-19T12:40:23","slug":"sachajuan-body-lotion-ginger-flower-500ml","status":"publish","type":"product","link":"https:\/\/stylingagenten.com\/fi\/tuote\/sachajuan-body-lotion-ginger-flower-500ml\/","title":{"rendered":"SACHAJUAN Body Lotion Ginger Flower 500ml"},"content":{"rendered":"<p>SACHAJUAN Body Lotion Ginger Flower on ihana Earth Silk Technology -teknologialla valmistettu voide, jolla on ihoa rauhoittava ja kosteuttava vaikutus, mutta sill\u00e4 on my\u00f6s ik\u00e4\u00e4ntymist\u00e4 est\u00e4vi\u00e4 ominaisuuksia. Ihostasi tulee pehme\u00e4, sile\u00e4 ja kukkainen bergamotin ja sitruunan tuoksu.<\/p>\n<p>500ml<\/p>\n","protected":false},"excerpt":{"rendered":"<p>SACHAJUAN Body Lotion Ginger Flower on ihana Earth Silk Technology -teknologialla valmistettu voide, jolla on ihoa rauhoittava ja kosteuttava vaikutus, mutta sill\u00e4 on my\u00f6s ik\u00e4\u00e4ntymist\u00e4 est\u00e4vi\u00e4 ominaisuuksia. Ihostasi tulee pehme\u00e4, sile\u00e4 ja kukkainen bergamotin ja sitruunan tuoksu. 500ml<\/p>\n","protected":false},"featured_media":115140,"comment_status":"open","ping_status":"closed","template":"","meta":{"_trash_the_other_posts":false},"product_brand":[],"product_cat":[572],"product_tag":[],"berocket_brand":[1409],"class_list":{"0":"post-115144","1":"product","2":"type-product","3":"status-publish","4":"has-post-thumbnail","6":"product_cat-vartalovoide","7":"pa_brand-sachajuan","8":"berocket_brand-sachajuan","10":"first","11":"instock","12":"sale","13":"taxable","14":"shipping-taxable","15":"purchasable","16":"product-type-simple"},"_links":{"self":[{"href":"https:\/\/stylingagenten.com\/fi\/wp-json\/wp\/v2\/product\/115144","targetHints":{"allow":["GET"]}}],"collection":[{"href":"https:\/\/stylingagenten.com\/fi\/wp-json\/wp\/v2\/product"}],"about":[{"href":"https:\/\/stylingagenten.com\/fi\/wp-json\/wp\/v2\/types\/product"}],"replies":[{"embeddable":true,"href":"https:\/\/stylingagenten.com\/fi\/wp-json\/wp\/v2\/comments?post=115144"}],"version-history":[{"count":0,"href":"https:\/\/stylingagenten.com\/fi\/wp-json\/wp\/v2\/product\/115144\/revisions"}],"wp:featuredmedia":[{"embeddable":true,"href":"https:\/\/stylingagenten.com\/fi\/wp-json\/wp\/v2\/media\/115140"}],"wp:attachment":[{"href":"https:\/\/stylingagenten.com\/fi\/wp-json\/wp\/v2\/media?parent=115144"}],"wp:term":[{"taxonomy":"product_brand","embeddable":true,"href":"https:\/\/stylingagenten.com\/fi\/wp-json\/wp\/v2\/product_brand?post=115144"},{"taxonomy":"product_cat","embeddable":true,"href":"https:\/\/stylingagenten.com\/fi\/wp-json\/wp\/v2\/product_cat?post=115144"},{"taxonomy":"product_tag","embeddable":true,"href":"https:\/\/stylingagenten.com\/fi\/wp-json\/wp\/v2\/product_tag?post=115144"},{"taxonomy":"berocket_brand","embeddable":true,"href":"https:\/\/stylingagenten.com\/fi\/wp-json\/wp\/v2\/berocket_brand?post=115144"}],"curies":[{"name":"wp","href":"https:\/\/api.w.org\/{rel}","templated":true}]}}