{"id":115138,"date":"2025-05-18T21:13:04","date_gmt":"2025-05-18T21:13:04","guid":{"rendered":"https:\/\/staging2.stylingagenten.com\/fi\/produkt\/aveeno-daily-moisturising-creamy-oil-300ml\/"},"modified":"2026-02-10T08:17:32","modified_gmt":"2026-02-10T08:17:32","slug":"aveeno-daily-moisturising-creamy-oil-300ml","status":"publish","type":"product","link":"https:\/\/stylingagenten.com\/fi\/tuote\/aveeno-daily-moisturising-creamy-oil-300ml\/","title":{"rendered":"Aveeno Daily Moisturising Creamy Oil 300ml"},"content":{"rendered":"<p>Aveeno Daily Moisturising Creamy Oil on voidemainen \u00f6ljy, jossa on mieto mantelin tuoksu ja rasvaton koostumus, joka auttaa rauhoittamaan ihoa ja kosteuttaa sit\u00e4 24 tunnin ajan. Sis\u00e4lt\u00e4\u00e4 rauhoittavaa kauraa ja makeaa manteli\u00f6ljy\u00e4, ja sen on kliinisesti todistettu ravitsevan ihoa sek\u00e4 j\u00e4tt\u00e4v\u00e4n sen pehme\u00e4ksi ja sile\u00e4ksi. Parantaa ihon luonnollista tasapainoa terveemm\u00e4n n\u00e4k\u00f6iseksi. Sopii normaalille, kuivalle ja herk\u00e4lle iholle vartalolle ja kasvoille.<br \/>\n<br \/>300ml<\/p>\n","protected":false},"excerpt":{"rendered":"<p>Aveeno Daily Moisturising Creamy Oil on voidemainen \u00f6ljy, jossa on mieto mantelin tuoksu ja rasvaton koostumus, joka auttaa rauhoittamaan ihoa ja kosteuttaa sit\u00e4 24 tunnin ajan. Sis\u00e4lt\u00e4\u00e4 rauhoittavaa kauraa ja makeaa manteli\u00f6ljy\u00e4, ja sen on kliinisesti todistettu ravitsevan ihoa sek\u00e4 j\u00e4tt\u00e4v\u00e4n sen pehme\u00e4ksi ja sile\u00e4ksi. Parantaa ihon luonnollista tasapainoa terveemm\u00e4n n\u00e4k\u00f6iseksi. Sopii normaalille, kuivalle ja [&hellip;]<\/p>\n","protected":false},"featured_media":115128,"comment_status":"open","ping_status":"closed","template":"","meta":{"_trash_the_other_posts":false},"product_brand":[],"product_cat":[572],"product_tag":[],"berocket_brand":[1410],"class_list":{"0":"post-115138","1":"product","2":"type-product","3":"status-publish","4":"has-post-thumbnail","6":"product_cat-vartalovoide","7":"pa_brand-aveeno","8":"berocket_brand-aveeno","10":"first","11":"instock","12":"taxable","13":"shipping-taxable","14":"purchasable","15":"product-type-simple"},"_links":{"self":[{"href":"https:\/\/stylingagenten.com\/fi\/wp-json\/wp\/v2\/product\/115138","targetHints":{"allow":["GET"]}}],"collection":[{"href":"https:\/\/stylingagenten.com\/fi\/wp-json\/wp\/v2\/product"}],"about":[{"href":"https:\/\/stylingagenten.com\/fi\/wp-json\/wp\/v2\/types\/product"}],"replies":[{"embeddable":true,"href":"https:\/\/stylingagenten.com\/fi\/wp-json\/wp\/v2\/comments?post=115138"}],"version-history":[{"count":0,"href":"https:\/\/stylingagenten.com\/fi\/wp-json\/wp\/v2\/product\/115138\/revisions"}],"wp:featuredmedia":[{"embeddable":true,"href":"https:\/\/stylingagenten.com\/fi\/wp-json\/wp\/v2\/media\/115128"}],"wp:attachment":[{"href":"https:\/\/stylingagenten.com\/fi\/wp-json\/wp\/v2\/media?parent=115138"}],"wp:term":[{"taxonomy":"product_brand","embeddable":true,"href":"https:\/\/stylingagenten.com\/fi\/wp-json\/wp\/v2\/product_brand?post=115138"},{"taxonomy":"product_cat","embeddable":true,"href":"https:\/\/stylingagenten.com\/fi\/wp-json\/wp\/v2\/product_cat?post=115138"},{"taxonomy":"product_tag","embeddable":true,"href":"https:\/\/stylingagenten.com\/fi\/wp-json\/wp\/v2\/product_tag?post=115138"},{"taxonomy":"berocket_brand","embeddable":true,"href":"https:\/\/stylingagenten.com\/fi\/wp-json\/wp\/v2\/berocket_brand?post=115138"}],"curies":[{"name":"wp","href":"https:\/\/api.w.org\/{rel}","templated":true}]}}