{"id":115127,"date":"2025-05-18T21:13:02","date_gmt":"2025-05-18T21:13:02","guid":{"rendered":"https:\/\/staging2.stylingagenten.com\/fi\/produkt\/nuxe-reve-de-the-revitalising-moisturising-milk-24h-400ml\/"},"modified":"2025-11-19T12:51:24","modified_gmt":"2025-11-19T12:51:24","slug":"nuxe-reve-de-the-revitalising-moisturising-milk-24h-400ml","status":"publish","type":"product","link":"https:\/\/stylingagenten.com\/fi\/tuote\/nuxe-reve-de-the-revitalising-moisturising-milk-24h-400ml\/","title":{"rendered":"Nuxe R\u00eave de th\u00e9 Revitalising Moisturising Milk 24H 400ml"},"content":{"rendered":"<p>Nuxe R\u00eave de Th\u00e9 Revitalising Moisturising Milk 24H on silkkinen voide, joka hurmaa sinut vastustamattomalla pehmeydell\u00e4\u00e4n ja virkist\u00e4v\u00e4ll\u00e4 tuoksullaan: vihre\u00e4 tee yhdistyy 100 % luonnollista alkuper\u00e4\u00e4 olevaan sokeriyhdisteeseen, joka kosteuttaa ihoa koko p\u00e4iv\u00e4n ajan. Sen raikas, sulava koostumus imeytyy nopeasti, jotta voit pukeutua heti. Sen hienovarainen tuoksu antaa aisteillesi p\u00e4ivitt\u00e4in tarvitsemansa virkist\u00e4v\u00e4n lis\u00e4energian.<\/p>\n<p>97%** naisista koki ihonsa pehme\u00e4ksi ja miellytt\u00e4v\u00e4ksi, ja 89%** huomasi, ett\u00e4 he pystyiv\u00e4t pukeutumaan l\u00e4hes v\u00e4litt\u00f6m\u00e4sti levityksen j\u00e4lkeen. Elvytetty iho 88%*** naisista.<br \/>Ihonhoito kehitetty ja valmistettu Ranskassa.<\/p>\n<p>*Instrumentaalinen testi &#8211; 10 vapaaehtoista. **K\u00e4ytt\u00e4j\u00e4testi &#8211; 66 vapaaehtoista. Tyytyv\u00e4isyys % v\u00e4litt\u00f6m\u00e4sti levityksen j\u00e4lkeen. **K\u00e4ytt\u00e4j\u00e4testi &#8211; 66 vapaaehtoista. Tyytyv\u00e4isyys % 21 p\u00e4iv\u00e4n k\u00e4yt\u00f6n j\u00e4lkeen.<\/p>\n<p>400ml<\/p>\n","protected":false},"excerpt":{"rendered":"<p>Nuxe R\u00eave de Th\u00e9 Revitalising Moisturising Milk 24H on silkkinen voide, joka hurmaa sinut vastustamattomalla pehmeydell\u00e4\u00e4n ja virkist\u00e4v\u00e4ll\u00e4 tuoksullaan: vihre\u00e4 tee yhdistyy 100 % luonnollista alkuper\u00e4\u00e4 olevaan sokeriyhdisteeseen, joka kosteuttaa ihoa koko p\u00e4iv\u00e4n ajan. Sen raikas, sulava koostumus imeytyy nopeasti, jotta voit pukeutua heti. Sen hienovarainen tuoksu antaa aisteillesi p\u00e4ivitt\u00e4in tarvitsemansa virkist\u00e4v\u00e4n lis\u00e4energian. 97%** naisista [&hellip;]<\/p>\n","protected":false},"featured_media":115119,"comment_status":"open","ping_status":"closed","template":"","meta":{"_trash_the_other_posts":false},"product_brand":[],"product_cat":[572],"product_tag":[],"berocket_brand":[1024],"class_list":{"0":"post-115127","1":"product","2":"type-product","3":"status-publish","4":"has-post-thumbnail","6":"product_cat-vartalovoide","7":"pa_brand-nuxe","8":"berocket_brand-nuxe","10":"first","11":"instock","12":"sale","13":"taxable","14":"shipping-taxable","15":"purchasable","16":"product-type-simple"},"_links":{"self":[{"href":"https:\/\/stylingagenten.com\/fi\/wp-json\/wp\/v2\/product\/115127","targetHints":{"allow":["GET"]}}],"collection":[{"href":"https:\/\/stylingagenten.com\/fi\/wp-json\/wp\/v2\/product"}],"about":[{"href":"https:\/\/stylingagenten.com\/fi\/wp-json\/wp\/v2\/types\/product"}],"replies":[{"embeddable":true,"href":"https:\/\/stylingagenten.com\/fi\/wp-json\/wp\/v2\/comments?post=115127"}],"version-history":[{"count":0,"href":"https:\/\/stylingagenten.com\/fi\/wp-json\/wp\/v2\/product\/115127\/revisions"}],"wp:featuredmedia":[{"embeddable":true,"href":"https:\/\/stylingagenten.com\/fi\/wp-json\/wp\/v2\/media\/115119"}],"wp:attachment":[{"href":"https:\/\/stylingagenten.com\/fi\/wp-json\/wp\/v2\/media?parent=115127"}],"wp:term":[{"taxonomy":"product_brand","embeddable":true,"href":"https:\/\/stylingagenten.com\/fi\/wp-json\/wp\/v2\/product_brand?post=115127"},{"taxonomy":"product_cat","embeddable":true,"href":"https:\/\/stylingagenten.com\/fi\/wp-json\/wp\/v2\/product_cat?post=115127"},{"taxonomy":"product_tag","embeddable":true,"href":"https:\/\/stylingagenten.com\/fi\/wp-json\/wp\/v2\/product_tag?post=115127"},{"taxonomy":"berocket_brand","embeddable":true,"href":"https:\/\/stylingagenten.com\/fi\/wp-json\/wp\/v2\/berocket_brand?post=115127"}],"curies":[{"name":"wp","href":"https:\/\/api.w.org\/{rel}","templated":true}]}}