{"id":115126,"date":"2025-05-18T21:13:02","date_gmt":"2025-05-18T21:13:02","guid":{"rendered":"https:\/\/staging2.stylingagenten.com\/fi\/produkt\/ren-evercalm-barrier-support-body-balm-90ml\/"},"modified":"2025-11-19T12:46:14","modified_gmt":"2025-11-19T12:46:14","slug":"ren-evercalm-barrier-support-body-balm-90ml","status":"publish","type":"product","link":"https:\/\/stylingagenten.com\/fi\/tuote\/ren-evercalm-barrier-support-body-balm-90ml\/","title":{"rendered":"REN Evercalm Barrier Support Body Balm 90ml"},"content":{"rendered":"<p>REN Evercalm Barrier Support Body Balm on monik\u00e4ytt\u00f6inen vartalovoide, joka muuttuu pehme\u00e4ksi \u00f6ljyksi levitett\u00e4ess\u00e4. Balmi on suunniteltu kosteuttamaan ja ravitsemaan intensiivisesti kuivaa, karheaa tai ep\u00e4mukavaa ihoa. Se on rikastettu RENin ainutlaatuisella ihon suojakerrosta vahvistavalla kompleksilla, kamelia\u00f6ljyll\u00e4 ja saflorin kukasta saadulla keramidikompleksilla, joka antaa iholle Omega 3, 6 ja 9. Evercalm Barrier Support Body Balm rauhoittaa, pehment\u00e4\u00e4 ja sitoo kosteuden sinne, miss\u00e4 sit\u00e4 tarvitaan eniten. Se sopii kaikille, jotka haluavat vahvistaa ja tukea ihon suojakerrosta. Koostumus sis\u00e4lt\u00e4\u00e4 vain hypoallergeenisen tuoksun, mik\u00e4 tekee siit\u00e4 sopivan my\u00f6s herk\u00e4lle ihotyypille.<br \/>\n<br \/>90ml<\/p>\n","protected":false},"excerpt":{"rendered":"<p>REN Evercalm Barrier Support Body Balm on monik\u00e4ytt\u00f6inen vartalovoide, joka muuttuu pehme\u00e4ksi \u00f6ljyksi levitett\u00e4ess\u00e4. Balmi on suunniteltu kosteuttamaan ja ravitsemaan intensiivisesti kuivaa, karheaa tai ep\u00e4mukavaa ihoa. Se on rikastettu RENin ainutlaatuisella ihon suojakerrosta vahvistavalla kompleksilla, kamelia\u00f6ljyll\u00e4 ja saflorin kukasta saadulla keramidikompleksilla, joka antaa iholle Omega 3, 6 ja 9. Evercalm Barrier Support Body Balm rauhoittaa, [&hellip;]<\/p>\n","protected":false},"featured_media":115116,"comment_status":"open","ping_status":"closed","template":"","meta":{"_trash_the_other_posts":false},"product_brand":[],"product_cat":[572],"product_tag":[],"berocket_brand":[1275],"class_list":{"0":"post-115126","1":"product","2":"type-product","3":"status-publish","4":"has-post-thumbnail","6":"product_cat-vartalovoide","7":"pa_brand-ren","8":"berocket_brand-ren","10":"first","11":"instock","12":"sale","13":"taxable","14":"shipping-taxable","15":"purchasable","16":"product-type-simple"},"_links":{"self":[{"href":"https:\/\/stylingagenten.com\/fi\/wp-json\/wp\/v2\/product\/115126","targetHints":{"allow":["GET"]}}],"collection":[{"href":"https:\/\/stylingagenten.com\/fi\/wp-json\/wp\/v2\/product"}],"about":[{"href":"https:\/\/stylingagenten.com\/fi\/wp-json\/wp\/v2\/types\/product"}],"replies":[{"embeddable":true,"href":"https:\/\/stylingagenten.com\/fi\/wp-json\/wp\/v2\/comments?post=115126"}],"version-history":[{"count":0,"href":"https:\/\/stylingagenten.com\/fi\/wp-json\/wp\/v2\/product\/115126\/revisions"}],"wp:featuredmedia":[{"embeddable":true,"href":"https:\/\/stylingagenten.com\/fi\/wp-json\/wp\/v2\/media\/115116"}],"wp:attachment":[{"href":"https:\/\/stylingagenten.com\/fi\/wp-json\/wp\/v2\/media?parent=115126"}],"wp:term":[{"taxonomy":"product_brand","embeddable":true,"href":"https:\/\/stylingagenten.com\/fi\/wp-json\/wp\/v2\/product_brand?post=115126"},{"taxonomy":"product_cat","embeddable":true,"href":"https:\/\/stylingagenten.com\/fi\/wp-json\/wp\/v2\/product_cat?post=115126"},{"taxonomy":"product_tag","embeddable":true,"href":"https:\/\/stylingagenten.com\/fi\/wp-json\/wp\/v2\/product_tag?post=115126"},{"taxonomy":"berocket_brand","embeddable":true,"href":"https:\/\/stylingagenten.com\/fi\/wp-json\/wp\/v2\/berocket_brand?post=115126"}],"curies":[{"name":"wp","href":"https:\/\/api.w.org\/{rel}","templated":true}]}}