{"id":115121,"date":"2025-05-18T21:13:01","date_gmt":"2025-05-18T21:13:01","guid":{"rendered":"https:\/\/staging2.stylingagenten.com\/fi\/produkt\/laura-biagiotti-roma-body-lotion-150ml\/"},"modified":"2026-04-07T08:39:28","modified_gmt":"2026-04-07T08:39:28","slug":"laura-biagiotti-roma-body-lotion-150ml","status":"publish","type":"product","link":"https:\/\/stylingagenten.com\/fi\/tuote\/laura-biagiotti-roma-body-lotion-150ml\/","title":{"rendered":"Laura Biagiotti Roma Body Lotion 150ml"},"content":{"rendered":"<p>Helli itse\u00e4si ylellisell\u00e4 tuoksulla my\u00f6s kylpyhuoneesi aamu- ja iltarituaaleissa. Laura Biagiotti Roma for her on vartalovoide, joka lumoaa aistisi ja hemmottelee ihoasi lempituoksullasi.<br \/>\n<br \/>Yl\u00e4vivahteet: Vaaleanpunainen greippi, Minttu, Sisilian Bergamotti, Mustaherukka ja Hyasintti<br \/>\n<br \/>Syd\u00e4nvivahteet: Neilikka, Jasmiini, Ruusu ja Kielo<br \/>\n<br \/>Pohjavivahteet: Mirha, Meripihka, Vanilja, Santelipuu, Tammi, Singaporen Patchouli, Sivetti ja Myski<\/p>\n<p>150ml<\/p>\n","protected":false},"excerpt":{"rendered":"<p>Helli itse\u00e4si ylellisell\u00e4 tuoksulla my\u00f6s kylpyhuoneesi aamu- ja iltarituaaleissa. Laura Biagiotti Roma for her on vartalovoide, joka lumoaa aistisi ja hemmottelee ihoasi lempituoksullasi. Yl\u00e4vivahteet: Vaaleanpunainen greippi, Minttu, Sisilian Bergamotti, Mustaherukka ja Hyasintti Syd\u00e4nvivahteet: Neilikka, Jasmiini, Ruusu ja Kielo Pohjavivahteet: Mirha, Meripihka, Vanilja, Santelipuu, Tammi, Singaporen Patchouli, Sivetti ja Myski 150ml<\/p>\n","protected":false},"featured_media":115118,"comment_status":"open","ping_status":"closed","template":"","meta":{"_trash_the_other_posts":false},"product_brand":[],"product_cat":[572],"product_tag":[],"berocket_brand":[1112],"class_list":{"0":"post-115121","1":"product","2":"type-product","3":"status-publish","4":"has-post-thumbnail","6":"product_cat-vartalovoide","7":"pa_brand-laura-biagiotti","8":"berocket_brand-laura-biagiotti","10":"first","11":"outofstock","12":"sale","13":"taxable","14":"shipping-taxable","15":"purchasable","16":"product-type-simple"},"_links":{"self":[{"href":"https:\/\/stylingagenten.com\/fi\/wp-json\/wp\/v2\/product\/115121","targetHints":{"allow":["GET"]}}],"collection":[{"href":"https:\/\/stylingagenten.com\/fi\/wp-json\/wp\/v2\/product"}],"about":[{"href":"https:\/\/stylingagenten.com\/fi\/wp-json\/wp\/v2\/types\/product"}],"replies":[{"embeddable":true,"href":"https:\/\/stylingagenten.com\/fi\/wp-json\/wp\/v2\/comments?post=115121"}],"version-history":[{"count":0,"href":"https:\/\/stylingagenten.com\/fi\/wp-json\/wp\/v2\/product\/115121\/revisions"}],"wp:featuredmedia":[{"embeddable":true,"href":"https:\/\/stylingagenten.com\/fi\/wp-json\/wp\/v2\/media\/115118"}],"wp:attachment":[{"href":"https:\/\/stylingagenten.com\/fi\/wp-json\/wp\/v2\/media?parent=115121"}],"wp:term":[{"taxonomy":"product_brand","embeddable":true,"href":"https:\/\/stylingagenten.com\/fi\/wp-json\/wp\/v2\/product_brand?post=115121"},{"taxonomy":"product_cat","embeddable":true,"href":"https:\/\/stylingagenten.com\/fi\/wp-json\/wp\/v2\/product_cat?post=115121"},{"taxonomy":"product_tag","embeddable":true,"href":"https:\/\/stylingagenten.com\/fi\/wp-json\/wp\/v2\/product_tag?post=115121"},{"taxonomy":"berocket_brand","embeddable":true,"href":"https:\/\/stylingagenten.com\/fi\/wp-json\/wp\/v2\/berocket_brand?post=115121"}],"curies":[{"name":"wp","href":"https:\/\/api.w.org\/{rel}","templated":true}]}}