{"id":115042,"date":"2025-05-18T21:12:50","date_gmt":"2025-05-18T21:12:50","guid":{"rendered":"https:\/\/staging2.stylingagenten.com\/fi\/produkt\/purito-cica-clearing-bb-cream-13-neutral-ivory-30ml\/"},"modified":"2026-03-16T14:27:36","modified_gmt":"2026-03-16T14:27:36","slug":"purito-cica-clearing-bb-cream-13-neutral-ivory-30ml","status":"publish","type":"product","link":"https:\/\/stylingagenten.com\/fi\/tuote\/purito-cica-clearing-bb-cream-13-neutral-ivory-30ml\/","title":{"rendered":"Purito Cica Clearing BB Cream #13 Neutral Ivory 30ml"},"content":{"rendered":"<p>Purito Cica Clearing BB Cream on kevyt BB-voide, joka antaa silkkisen lopputuloksen iholle. BB-voide tarjoaa keskivahvan peitt\u00e4vyyden ja j\u00e4tt\u00e4\u00e4 ihon n\u00e4ytt\u00e4m\u00e4\u00e4n raikkaalta, pehme\u00e4lt\u00e4 ja terveelt\u00e4. Tuote tarjoaa tasaisen ja helpon levityksen ja sis\u00e4lt\u00e4\u00e4 kosteuttavia, rauhoittavia ja suojaavia etuja Centella Asiatica -uutteesta, allantoiinista, niacinamidista ja pantenolista. Voide sulautuu ihoon ja antaa samettisen lopputuloksen ripauksella hehkua!<\/p>\n<p>30 ml<\/p>\n","protected":false},"excerpt":{"rendered":"<p>Purito Cica Clearing BB Cream on kevyt BB-voide, joka antaa silkkisen lopputuloksen iholle. BB-voide tarjoaa keskivahvan peitt\u00e4vyyden ja j\u00e4tt\u00e4\u00e4 ihon n\u00e4ytt\u00e4m\u00e4\u00e4n raikkaalta, pehme\u00e4lt\u00e4 ja terveelt\u00e4. Tuote tarjoaa tasaisen ja helpon levityksen ja sis\u00e4lt\u00e4\u00e4 kosteuttavia, rauhoittavia ja suojaavia etuja Centella Asiatica -uutteesta, allantoiinista, niacinamidista ja pantenolista. Voide sulautuu ihoon ja antaa samettisen lopputuloksen ripauksella hehkua! 30 [&hellip;]<\/p>\n","protected":false},"featured_media":441367,"comment_status":"open","ping_status":"closed","template":"","meta":{"_trash_the_other_posts":false},"product_brand":[],"product_cat":[591,1001],"product_tag":[3847],"berocket_brand":[1412],"class_list":{"0":"post-115042","1":"product","2":"type-product","3":"status-publish","4":"has-post-thumbnail","6":"product_cat-bb-voide","7":"product_cat-k-beauty","8":"product_tag-purito-cica-clearing-bb-cream-30ml","9":"pa_brand-purito","10":"pa_variantti-13-neutral-ivory","11":"berocket_brand-purito","13":"first","14":"instock","15":"sale","16":"taxable","17":"shipping-taxable","18":"purchasable","19":"product-type-simple"},"_links":{"self":[{"href":"https:\/\/stylingagenten.com\/fi\/wp-json\/wp\/v2\/product\/115042","targetHints":{"allow":["GET"]}}],"collection":[{"href":"https:\/\/stylingagenten.com\/fi\/wp-json\/wp\/v2\/product"}],"about":[{"href":"https:\/\/stylingagenten.com\/fi\/wp-json\/wp\/v2\/types\/product"}],"replies":[{"embeddable":true,"href":"https:\/\/stylingagenten.com\/fi\/wp-json\/wp\/v2\/comments?post=115042"}],"version-history":[{"count":0,"href":"https:\/\/stylingagenten.com\/fi\/wp-json\/wp\/v2\/product\/115042\/revisions"}],"wp:featuredmedia":[{"embeddable":true,"href":"https:\/\/stylingagenten.com\/fi\/wp-json\/wp\/v2\/media\/441367"}],"wp:attachment":[{"href":"https:\/\/stylingagenten.com\/fi\/wp-json\/wp\/v2\/media?parent=115042"}],"wp:term":[{"taxonomy":"product_brand","embeddable":true,"href":"https:\/\/stylingagenten.com\/fi\/wp-json\/wp\/v2\/product_brand?post=115042"},{"taxonomy":"product_cat","embeddable":true,"href":"https:\/\/stylingagenten.com\/fi\/wp-json\/wp\/v2\/product_cat?post=115042"},{"taxonomy":"product_tag","embeddable":true,"href":"https:\/\/stylingagenten.com\/fi\/wp-json\/wp\/v2\/product_tag?post=115042"},{"taxonomy":"berocket_brand","embeddable":true,"href":"https:\/\/stylingagenten.com\/fi\/wp-json\/wp\/v2\/berocket_brand?post=115042"}],"curies":[{"name":"wp","href":"https:\/\/api.w.org\/{rel}","templated":true}]}}